{"id":6212,"date":"2025-07-24T16:00:41","date_gmt":"2025-07-24T15:00:41","guid":{"rendered":"https:\/\/www.afis.africa\/blabla\/"},"modified":"2025-12-15T15:19:21","modified_gmt":"2025-12-15T14:19:21","slug":"gouvernance","status":"publish","type":"page","link":"https:\/\/www.afis.africa\/fr\/gouvernance\/","title":{"rendered":"Gouvernance"},"content":{"rendered":"\t\t<div data-elementor-type=\"wp-page\" data-elementor-id=\"6212\" class=\"elementor elementor-6212 elementor-398\" data-elementor-post-type=\"page\">\n\t\t\t\t<div class=\"elementor-element elementor-element-46c01d1d e-flex e-con-boxed e-con e-parent\" data-id=\"46c01d1d\" data-element_type=\"container\" data-settings=\"{&quot;background_background&quot;:&quot;classic&quot;}\">\n\t\t\t\t\t<div class=\"e-con-inner\">\n\t\t\t\t<div class=\"elementor-element elementor-element-268bbb78 elementor-widget__width-initial elementor-widget elementor-widget-heading\" data-id=\"268bbb78\" data-element_type=\"widget\" data-widget_type=\"heading.default\">\n\t\t\t\t\t<h2 class=\"elementor-heading-title elementor-size-default\">Une gouvernance responsable au service de la transformation du secteur financier africain.<\/h2>\t\t\t\t<\/div>\n\t\t<div class=\"elementor-element elementor-element-b574c35 e-con-full e-flex e-con e-child\" data-id=\"b574c35\" data-element_type=\"container\">\n\t\t<div class=\"elementor-element elementor-element-ae51b40 e-con-full e-flex e-con e-child\" data-id=\"ae51b40\" data-element_type=\"container\">\n\t\t<div class=\"elementor-element elementor-element-15c6f2a e-con-full e-flex e-con e-child\" data-id=\"15c6f2a\" data-element_type=\"container\" data-settings=\"{&quot;background_background&quot;:&quot;classic&quot;}\">\n\t\t\t\t<div class=\"elementor-element elementor-element-dc546be elementor-widget__width-initial gradient-title elementor-widget elementor-widget-heading\" data-id=\"dc546be\" data-element_type=\"widget\" data-widget_type=\"heading.default\">\n\t\t\t\t\t<h2 class=\"elementor-heading-title elementor-size-default\">NOTRE SUPERVISORY COUNCIL<\/h2>\t\t\t\t<\/div>\n\t\t\t\t<div class=\"elementor-element elementor-element-8855342 elementor-widget elementor-widget-text-editor\" data-id=\"8855342\" data-element_type=\"widget\" data-widget_type=\"text-editor.default\">\n\t\t\t\t\t\t\t\t\t<p>Compos\u00e9 d\u2019une trentaine de membres, dont des gouverneurs de banques centrales, des r\u00e9gulateurs et des dirigeants des principales institutions financi\u00e8res africaines, le Supervisory Council d\u00e9finit la vision globale de l\u2019AFIS. En tant qu\u2019organe consultatif et strat\u00e9gique, il veille \u00e0 ce que les priorit\u00e9s du Sommet restent en phase avec l\u2019\u00e9volution du paysage financier et soutiennent la mission plus large de promotion d\u2019une croissance \u00e9conomique durable et inclusive \u00e0 travers l\u2019Afrique.  <\/p>\t\t\t\t\t\t\t\t<\/div>\n\t\t\t\t<div class=\"elementor-element elementor-element-c501676 elementor-widget elementor-widget-button\" data-id=\"c501676\" data-element_type=\"widget\" data-widget_type=\"button.default\">\n\t\t\t\t\t\t\t\t\t\t<a class=\"elementor-button elementor-button-link elementor-size-sm elementor-animation-grow\" href=\"https:\/\/www.afis.africa\/fr\/gouvernance\/supervisory-council\/\">\n\t\t\t\t\t\t<span class=\"elementor-button-content-wrapper\">\n\t\t\t\t\t\t<span class=\"elementor-button-icon\">\n\t\t\t\t<svg aria-hidden=\"true\" class=\"e-font-icon-svg e-fas-arrow-right\" viewBox=\"0 0 448 512\" xmlns=\"http:\/\/www.w3.org\/2000\/svg\"><path d=\"M190.5 66.9l22.2-22.2c9.4-9.4 24.6-9.4 33.9 0L441 239c9.4 9.4 9.4 24.6 0 33.9L246.6 467.3c-9.4 9.4-24.6 9.4-33.9 0l-22.2-22.2c-9.5-9.5-9.3-25 .4-34.3L311.4 296H24c-13.3 0-24-10.7-24-24v-32c0-13.3 10.7-24 24-24h287.4L190.9 101.2c-9.8-9.3-10-24.8-.4-34.3z\"><\/path><\/svg>\t\t\t<\/span>\n\t\t\t\t\t\t\t\t\t<span class=\"elementor-button-text\">D\u00c9COUVREZ NOS MEMBRES<\/span>\n\t\t\t\t\t<\/span>\n\t\t\t\t\t<\/a>\n\t\t\t\t\t\t\t\t<\/div>\n\t\t\t\t<\/div>\n\t\t\t\t<\/div>\n\t\t<div class=\"elementor-element elementor-element-3f46dfe e-con-full e-flex e-con e-child\" data-id=\"3f46dfe\" data-element_type=\"container\">\n\t\t\t\t<div class=\"elementor-element elementor-element-f736681 elementor-widget elementor-widget-image\" data-id=\"f736681\" data-element_type=\"widget\" data-widget_type=\"image.default\">\n\t\t\t\t\t\t\t\t\t\t\t\t\t\t\t<img fetchpriority=\"high\" decoding=\"async\" width=\"543\" height=\"540\" src=\"https:\/\/www.afis.africa\/wp-content\/uploads\/2025\/09\/Supervisory-council-1.png\" class=\"attachment-large size-large wp-image-6189\" alt=\"\" srcset=\"https:\/\/www.afis.africa\/wp-content\/uploads\/2025\/09\/Supervisory-council-1.png 543w, https:\/\/www.afis.africa\/wp-content\/uploads\/2025\/09\/Supervisory-council-1-300x298.png 300w, https:\/\/www.afis.africa\/wp-content\/uploads\/2025\/09\/Supervisory-council-1-150x150.png 150w\" sizes=\"(max-width: 543px) 100vw, 543px\" \/>\t\t\t\t\t\t\t\t\t\t\t\t\t\t\t<\/div>\n\t\t\t\t<\/div>\n\t\t\t\t<\/div>\n\t\t<div class=\"elementor-element elementor-element-45053c1 e-con-full e-flex e-con e-child\" data-id=\"45053c1\" data-element_type=\"container\">\n\t\t<div class=\"elementor-element elementor-element-ce5f26c e-con-full e-flex e-con e-child\" data-id=\"ce5f26c\" data-element_type=\"container\">\n\t\t\t\t<div class=\"elementor-element elementor-element-b3051e5 elementor-widget elementor-widget-image\" data-id=\"b3051e5\" data-element_type=\"widget\" data-widget_type=\"image.default\">\n\t\t\t\t\t\t\t\t\t\t\t\t\t\t\t<img decoding=\"async\" width=\"543\" height=\"540\" src=\"https:\/\/www.afis.africa\/wp-content\/uploads\/2025\/09\/Steering-Committee.png\" class=\"attachment-large size-large wp-image-6193\" alt=\"\" srcset=\"https:\/\/www.afis.africa\/wp-content\/uploads\/2025\/09\/Steering-Committee.png 543w, https:\/\/www.afis.africa\/wp-content\/uploads\/2025\/09\/Steering-Committee-300x298.png 300w, https:\/\/www.afis.africa\/wp-content\/uploads\/2025\/09\/Steering-Committee-150x150.png 150w\" sizes=\"(max-width: 543px) 100vw, 543px\" \/>\t\t\t\t\t\t\t\t\t\t\t\t\t\t\t<\/div>\n\t\t\t\t<\/div>\n\t\t<div class=\"elementor-element elementor-element-aed29d9 e-con-full e-flex e-con e-child\" data-id=\"aed29d9\" data-element_type=\"container\">\n\t\t<div class=\"elementor-element elementor-element-8949380 e-con-full e-flex e-con e-child\" data-id=\"8949380\" data-element_type=\"container\" data-settings=\"{&quot;background_background&quot;:&quot;classic&quot;}\">\n\t\t\t\t<div class=\"elementor-element elementor-element-1b3fad7 elementor-widget__width-initial gradient-title elementor-widget elementor-widget-heading\" data-id=\"1b3fad7\" data-element_type=\"widget\" data-widget_type=\"heading.default\">\n\t\t\t\t\t<h2 class=\"elementor-heading-title elementor-size-default\">NOTRE STEERING COMMITEE<\/h2>\t\t\t\t<\/div>\n\t\t\t\t<div class=\"elementor-element elementor-element-fe3794d elementor-widget elementor-widget-text-editor\" data-id=\"fe3794d\" data-element_type=\"widget\" data-widget_type=\"text-editor.default\">\n\t\t\t\t\t\t\t\t\t<p>R\u00e9unissant une soixantaine d\u2019experts seniors issus de tous les secteurs de la finance africaine, le Steering Commitee transforme la vision en actions concr\u00e8tes. Ses r\u00e9unions r\u00e9guli\u00e8res permettent de d\u00e9velopper et de promouvoir des initiatives op\u00e9rationnelles, favorisant la collaboration et apportant des solutions tangibles pour renforcer l\u2019industrie financi\u00e8re africaine. <\/p>\t\t\t\t\t\t\t\t<\/div>\n\t\t\t\t<div class=\"elementor-element elementor-element-521c536 elementor-widget elementor-widget-button\" data-id=\"521c536\" data-element_type=\"widget\" data-widget_type=\"button.default\">\n\t\t\t\t\t\t\t\t\t\t<a class=\"elementor-button elementor-button-link elementor-size-sm elementor-animation-grow\" href=\"https:\/\/www.afis.africa\/fr\/gouvernance\/steering-committe\/\">\n\t\t\t\t\t\t<span class=\"elementor-button-content-wrapper\">\n\t\t\t\t\t\t<span class=\"elementor-button-icon\">\n\t\t\t\t<svg aria-hidden=\"true\" class=\"e-font-icon-svg e-fas-arrow-right\" viewBox=\"0 0 448 512\" xmlns=\"http:\/\/www.w3.org\/2000\/svg\"><path d=\"M190.5 66.9l22.2-22.2c9.4-9.4 24.6-9.4 33.9 0L441 239c9.4 9.4 9.4 24.6 0 33.9L246.6 467.3c-9.4 9.4-24.6 9.4-33.9 0l-22.2-22.2c-9.5-9.5-9.3-25 .4-34.3L311.4 296H24c-13.3 0-24-10.7-24-24v-32c0-13.3 10.7-24 24-24h287.4L190.9 101.2c-9.8-9.3-10-24.8-.4-34.3z\"><\/path><\/svg>\t\t\t<\/span>\n\t\t\t\t\t\t\t\t\t<span class=\"elementor-button-text\">D\u00c9COUVREZ NOS MEMBRES<\/span>\n\t\t\t\t\t<\/span>\n\t\t\t\t\t<\/a>\n\t\t\t\t\t\t\t\t<\/div>\n\t\t\t\t<\/div>\n\t\t\t\t<\/div>\n\t\t\t\t<\/div>\n\t\t<div class=\"elementor-element elementor-element-8068858 e-con-full e-flex e-con e-child\" data-id=\"8068858\" data-element_type=\"container\">\n\t\t<div class=\"elementor-element elementor-element-f8207a0 e-con-full e-flex e-con e-child\" data-id=\"f8207a0\" data-element_type=\"container\">\n\t\t<div class=\"elementor-element elementor-element-fdb6810 e-con-full e-flex e-con e-child\" data-id=\"fdb6810\" data-element_type=\"container\" data-settings=\"{&quot;background_background&quot;:&quot;classic&quot;}\">\n\t\t\t\t<div class=\"elementor-element elementor-element-4ad7069 elementor-widget__width-initial gradient-title elementor-widget elementor-widget-heading\" data-id=\"4ad7069\" data-element_type=\"widget\" data-widget_type=\"heading.default\">\n\t\t\t\t\t<h2 class=\"elementor-heading-title elementor-size-default\">NOTRE R\u00d4LE DE PLAIDOYER<\/h2>\t\t\t\t<\/div>\n\t\t\t\t<div class=\"elementor-element elementor-element-df138cd elementor-widget elementor-widget-text-editor\" data-id=\"df138cd\" data-element_type=\"widget\" data-widget_type=\"text-editor.default\">\n\t\t\t\t\t\t\t\t\t<p>Gr\u00e2ce \u00e0 sa communaut\u00e9 influente, l\u2019AFIS joue un r\u00f4le actif de d\u00e9fense et de promotion du secteur financier africain. Les recommandations et insights issus de nos organes de gouvernance sont amplifi\u00e9s \u00e0 travers des publications \u00e0 fort impact et du leadership \u00e9clair\u00e9 dans les principaux m\u00e9dias panafricains. Ce plaidoyer favorise l\u2019adoption de politiques transformatrices et incite \u00e0 des actions urgentes pour faire progresser concr\u00e8tement le secteur financier sur le continent.  <\/p>\t\t\t\t\t\t\t\t<\/div>\n\t\t\t\t<div class=\"elementor-element elementor-element-a949387 elementor-widget elementor-widget-button\" data-id=\"a949387\" data-element_type=\"widget\" data-widget_type=\"button.default\">\n\t\t\t\t\t\t\t\t\t\t<a class=\"elementor-button elementor-button-link elementor-size-sm elementor-animation-grow\" href=\"https:\/\/www.afis.africa\/fr\/gouvernance\/notre-role-de-plaidoyer\/\">\n\t\t\t\t\t\t<span class=\"elementor-button-content-wrapper\">\n\t\t\t\t\t\t<span class=\"elementor-button-icon\">\n\t\t\t\t<svg aria-hidden=\"true\" class=\"e-font-icon-svg e-fas-arrow-right\" viewBox=\"0 0 448 512\" xmlns=\"http:\/\/www.w3.org\/2000\/svg\"><path d=\"M190.5 66.9l22.2-22.2c9.4-9.4 24.6-9.4 33.9 0L441 239c9.4 9.4 9.4 24.6 0 33.9L246.6 467.3c-9.4 9.4-24.6 9.4-33.9 0l-22.2-22.2c-9.5-9.5-9.3-25 .4-34.3L311.4 296H24c-13.3 0-24-10.7-24-24v-32c0-13.3 10.7-24 24-24h287.4L190.9 101.2c-9.8-9.3-10-24.8-.4-34.3z\"><\/path><\/svg>\t\t\t<\/span>\n\t\t\t\t\t\t\t\t\t<span class=\"elementor-button-text\">NOS RECOMMANDATIONS CL\u00c9S<\/span>\n\t\t\t\t\t<\/span>\n\t\t\t\t\t<\/a>\n\t\t\t\t\t\t\t\t<\/div>\n\t\t\t\t<\/div>\n\t\t\t\t<\/div>\n\t\t<div class=\"elementor-element elementor-element-f96b6b1 e-con-full e-flex e-con e-child\" data-id=\"f96b6b1\" data-element_type=\"container\">\n\t\t\t\t<div class=\"elementor-element elementor-element-6f0b987 elementor-widget elementor-widget-image\" data-id=\"6f0b987\" data-element_type=\"widget\" data-widget_type=\"image.default\">\n\t\t\t\t\t\t\t\t\t\t\t\t\t\t\t<img decoding=\"async\" width=\"543\" height=\"540\" src=\"https:\/\/www.afis.africa\/wp-content\/uploads\/2025\/09\/Advocacy.png\" class=\"attachment-large size-large wp-image-6191\" alt=\"\" srcset=\"https:\/\/www.afis.africa\/wp-content\/uploads\/2025\/09\/Advocacy.png 543w, https:\/\/www.afis.africa\/wp-content\/uploads\/2025\/09\/Advocacy-300x298.png 300w, https:\/\/www.afis.africa\/wp-content\/uploads\/2025\/09\/Advocacy-150x150.png 150w\" sizes=\"(max-width: 543px) 100vw, 543px\" \/>\t\t\t\t\t\t\t\t\t\t\t\t\t\t\t<\/div>\n\t\t\t\t<\/div>\n\t\t\t\t<\/div>\n\t\t\t\t\t<\/div>\n\t\t\t\t<\/div>\n\t\t\t\t<\/div>\n\t\t","protected":false},"excerpt":{"rendered":"<p>Une gouvernance responsable au service de la transformation du secteur financier africain. NOTRE SUPERVISORY COUNCIL Compos\u00e9 d\u2019une trentaine de membres, dont des gouverneurs de banques centrales, des r\u00e9gulateurs et des dirigeants des principales institutions financi\u00e8res africaines, le Supervisory Council d\u00e9finit la vision globale de l\u2019AFIS. En tant qu\u2019organe consultatif et strat\u00e9gique, il veille \u00e0 ce [&hellip;]<\/p>\n","protected":false},"author":10,"featured_media":0,"parent":0,"menu_order":1,"comment_status":"closed","ping_status":"closed","template":"","meta":{"_acf_changed":false,"footnotes":""},"class_list":["post-6212","page","type-page","status-publish","hentry"],"acf":[],"yoast_head":"<!-- This site is optimized with the Yoast SEO plugin v26.5 - https:\/\/yoast.com\/wordpress\/plugins\/seo\/ -->\n<title>Gouvernance - The African Financial Summit Platform<\/title>\n<meta name=\"robots\" content=\"index, follow, max-snippet:-1, max-image-preview:large, max-video-preview:-1\" \/>\n<link rel=\"canonical\" href=\"https:\/\/www.afis.africa\/fr\/gouvernance\/\" \/>\n<meta property=\"og:locale\" content=\"fr_FR\" \/>\n<meta property=\"og:type\" content=\"article\" \/>\n<meta property=\"og:title\" content=\"Gouvernance - The African Financial Summit Platform\" \/>\n<meta property=\"og:description\" content=\"Une gouvernance responsable au service de la transformation du secteur financier africain. NOTRE SUPERVISORY COUNCIL Compos\u00e9 d\u2019une trentaine de membres, dont des gouverneurs de banques centrales, des r\u00e9gulateurs et des dirigeants des principales institutions financi\u00e8res africaines, le Supervisory Council d\u00e9finit la vision globale de l\u2019AFIS. En tant qu\u2019organe consultatif et strat\u00e9gique, il veille \u00e0 ce [&hellip;]\" \/>\n<meta property=\"og:url\" content=\"https:\/\/www.afis.africa\/fr\/gouvernance\/\" \/>\n<meta property=\"og:site_name\" content=\"The African Financial Summit Platform\" \/>\n<meta property=\"article:modified_time\" content=\"2025-12-15T14:19:21+00:00\" \/>\n<meta property=\"og:image\" content=\"https:\/\/www.afis.africa\/wp-content\/uploads\/2025\/09\/Supervisory-council-1.png\" \/>\n\t<meta property=\"og:image:width\" content=\"543\" \/>\n\t<meta property=\"og:image:height\" content=\"540\" \/>\n\t<meta property=\"og:image:type\" content=\"image\/png\" \/>\n<meta name=\"twitter:card\" content=\"summary_large_image\" \/>\n<meta name=\"twitter:label1\" content=\"Dur\u00e9e de lecture estim\u00e9e\" \/>\n\t<meta name=\"twitter:data1\" content=\"1 minute\" \/>\n<script type=\"application\/ld+json\" class=\"yoast-schema-graph\">{\"@context\":\"https:\/\/schema.org\",\"@graph\":[{\"@type\":\"WebPage\",\"@id\":\"https:\/\/www.afis.africa\/fr\/gouvernance\/\",\"url\":\"https:\/\/www.afis.africa\/fr\/gouvernance\/\",\"name\":\"Gouvernance - The African Financial Summit Platform\",\"isPartOf\":{\"@id\":\"https:\/\/www.afis.africa\/fr\/#website\"},\"primaryImageOfPage\":{\"@id\":\"https:\/\/www.afis.africa\/fr\/gouvernance\/#primaryimage\"},\"image\":{\"@id\":\"https:\/\/www.afis.africa\/fr\/gouvernance\/#primaryimage\"},\"thumbnailUrl\":\"https:\/\/www.afis.africa\/wp-content\/uploads\/2025\/09\/Supervisory-council-1.png\",\"datePublished\":\"2025-07-24T15:00:41+00:00\",\"dateModified\":\"2025-12-15T14:19:21+00:00\",\"breadcrumb\":{\"@id\":\"https:\/\/www.afis.africa\/fr\/gouvernance\/#breadcrumb\"},\"inLanguage\":\"fr-FR\",\"potentialAction\":[{\"@type\":\"ReadAction\",\"target\":[\"https:\/\/www.afis.africa\/fr\/gouvernance\/\"]}]},{\"@type\":\"ImageObject\",\"inLanguage\":\"fr-FR\",\"@id\":\"https:\/\/www.afis.africa\/fr\/gouvernance\/#primaryimage\",\"url\":\"https:\/\/www.afis.africa\/wp-content\/uploads\/2025\/09\/Supervisory-council-1.png\",\"contentUrl\":\"https:\/\/www.afis.africa\/wp-content\/uploads\/2025\/09\/Supervisory-council-1.png\"},{\"@type\":\"BreadcrumbList\",\"@id\":\"https:\/\/www.afis.africa\/fr\/gouvernance\/#breadcrumb\",\"itemListElement\":[{\"@type\":\"ListItem\",\"position\":1,\"name\":\"Home\",\"item\":\"https:\/\/www.afis.africa\/fr\/\"},{\"@type\":\"ListItem\",\"position\":2,\"name\":\"Gouvernance\"}]},{\"@type\":\"WebSite\",\"@id\":\"https:\/\/www.afis.africa\/fr\/#website\",\"url\":\"https:\/\/www.afis.africa\/fr\/\",\"name\":\"The African Financial Summit Platform\",\"description\":\"\",\"publisher\":{\"@id\":\"https:\/\/www.afis.africa\/fr\/#organization\"},\"potentialAction\":[{\"@type\":\"SearchAction\",\"target\":{\"@type\":\"EntryPoint\",\"urlTemplate\":\"https:\/\/www.afis.africa\/fr\/?s={search_term_string}\"},\"query-input\":{\"@type\":\"PropertyValueSpecification\",\"valueRequired\":true,\"valueName\":\"search_term_string\"}}],\"inLanguage\":\"fr-FR\"},{\"@type\":\"Organization\",\"@id\":\"https:\/\/www.afis.africa\/fr\/#organization\",\"name\":\"The African Financial Summit Platform\",\"url\":\"https:\/\/www.afis.africa\/fr\/\",\"logo\":{\"@type\":\"ImageObject\",\"inLanguage\":\"fr-FR\",\"@id\":\"https:\/\/www.afis.africa\/fr\/#\/schema\/logo\/image\/\",\"url\":\"https:\/\/www.afis.africa\/wp-content\/uploads\/2022\/10\/cropped-AFIS-1-1.jpg\",\"contentUrl\":\"https:\/\/www.afis.africa\/wp-content\/uploads\/2022\/10\/cropped-AFIS-1-1.jpg\",\"width\":529,\"height\":191,\"caption\":\"The African Financial Summit Platform\"},\"image\":{\"@id\":\"https:\/\/www.afis.africa\/fr\/#\/schema\/logo\/image\/\"}}]}<\/script>\n<!-- \/ Yoast SEO plugin. -->","yoast_head_json":{"title":"Gouvernance - The African Financial Summit Platform","robots":{"index":"index","follow":"follow","max-snippet":"max-snippet:-1","max-image-preview":"max-image-preview:large","max-video-preview":"max-video-preview:-1"},"canonical":"https:\/\/www.afis.africa\/fr\/gouvernance\/","og_locale":"fr_FR","og_type":"article","og_title":"Gouvernance - The African Financial Summit Platform","og_description":"Une gouvernance responsable au service de la transformation du secteur financier africain. NOTRE SUPERVISORY COUNCIL Compos\u00e9 d\u2019une trentaine de membres, dont des gouverneurs de banques centrales, des r\u00e9gulateurs et des dirigeants des principales institutions financi\u00e8res africaines, le Supervisory Council d\u00e9finit la vision globale de l\u2019AFIS. En tant qu\u2019organe consultatif et strat\u00e9gique, il veille \u00e0 ce [&hellip;]","og_url":"https:\/\/www.afis.africa\/fr\/gouvernance\/","og_site_name":"The African Financial Summit Platform","article_modified_time":"2025-12-15T14:19:21+00:00","og_image":[{"width":543,"height":540,"url":"https:\/\/www.afis.africa\/wp-content\/uploads\/2025\/09\/Supervisory-council-1.png","type":"image\/png"}],"twitter_card":"summary_large_image","twitter_misc":{"Dur\u00e9e de lecture estim\u00e9e":"1 minute"},"schema":{"@context":"https:\/\/schema.org","@graph":[{"@type":"WebPage","@id":"https:\/\/www.afis.africa\/fr\/gouvernance\/","url":"https:\/\/www.afis.africa\/fr\/gouvernance\/","name":"Gouvernance - The African Financial Summit Platform","isPartOf":{"@id":"https:\/\/www.afis.africa\/fr\/#website"},"primaryImageOfPage":{"@id":"https:\/\/www.afis.africa\/fr\/gouvernance\/#primaryimage"},"image":{"@id":"https:\/\/www.afis.africa\/fr\/gouvernance\/#primaryimage"},"thumbnailUrl":"https:\/\/www.afis.africa\/wp-content\/uploads\/2025\/09\/Supervisory-council-1.png","datePublished":"2025-07-24T15:00:41+00:00","dateModified":"2025-12-15T14:19:21+00:00","breadcrumb":{"@id":"https:\/\/www.afis.africa\/fr\/gouvernance\/#breadcrumb"},"inLanguage":"fr-FR","potentialAction":[{"@type":"ReadAction","target":["https:\/\/www.afis.africa\/fr\/gouvernance\/"]}]},{"@type":"ImageObject","inLanguage":"fr-FR","@id":"https:\/\/www.afis.africa\/fr\/gouvernance\/#primaryimage","url":"https:\/\/www.afis.africa\/wp-content\/uploads\/2025\/09\/Supervisory-council-1.png","contentUrl":"https:\/\/www.afis.africa\/wp-content\/uploads\/2025\/09\/Supervisory-council-1.png"},{"@type":"BreadcrumbList","@id":"https:\/\/www.afis.africa\/fr\/gouvernance\/#breadcrumb","itemListElement":[{"@type":"ListItem","position":1,"name":"Home","item":"https:\/\/www.afis.africa\/fr\/"},{"@type":"ListItem","position":2,"name":"Gouvernance"}]},{"@type":"WebSite","@id":"https:\/\/www.afis.africa\/fr\/#website","url":"https:\/\/www.afis.africa\/fr\/","name":"The African Financial Summit Platform","description":"","publisher":{"@id":"https:\/\/www.afis.africa\/fr\/#organization"},"potentialAction":[{"@type":"SearchAction","target":{"@type":"EntryPoint","urlTemplate":"https:\/\/www.afis.africa\/fr\/?s={search_term_string}"},"query-input":{"@type":"PropertyValueSpecification","valueRequired":true,"valueName":"search_term_string"}}],"inLanguage":"fr-FR"},{"@type":"Organization","@id":"https:\/\/www.afis.africa\/fr\/#organization","name":"The African Financial Summit Platform","url":"https:\/\/www.afis.africa\/fr\/","logo":{"@type":"ImageObject","inLanguage":"fr-FR","@id":"https:\/\/www.afis.africa\/fr\/#\/schema\/logo\/image\/","url":"https:\/\/www.afis.africa\/wp-content\/uploads\/2022\/10\/cropped-AFIS-1-1.jpg","contentUrl":"https:\/\/www.afis.africa\/wp-content\/uploads\/2022\/10\/cropped-AFIS-1-1.jpg","width":529,"height":191,"caption":"The African Financial Summit Platform"},"image":{"@id":"https:\/\/www.afis.africa\/fr\/#\/schema\/logo\/image\/"}}]}},"_links":{"self":[{"href":"https:\/\/www.afis.africa\/fr\/wp-json\/wp\/v2\/pages\/6212","targetHints":{"allow":["GET"]}}],"collection":[{"href":"https:\/\/www.afis.africa\/fr\/wp-json\/wp\/v2\/pages"}],"about":[{"href":"https:\/\/www.afis.africa\/fr\/wp-json\/wp\/v2\/types\/page"}],"author":[{"embeddable":true,"href":"https:\/\/www.afis.africa\/fr\/wp-json\/wp\/v2\/users\/10"}],"replies":[{"embeddable":true,"href":"https:\/\/www.afis.africa\/fr\/wp-json\/wp\/v2\/comments?post=6212"}],"version-history":[{"count":6,"href":"https:\/\/www.afis.africa\/fr\/wp-json\/wp\/v2\/pages\/6212\/revisions"}],"predecessor-version":[{"id":24925,"href":"https:\/\/www.afis.africa\/fr\/wp-json\/wp\/v2\/pages\/6212\/revisions\/24925"}],"wp:attachment":[{"href":"https:\/\/www.afis.africa\/fr\/wp-json\/wp\/v2\/media?parent=6212"}],"curies":[{"name":"wp","href":"https:\/\/api.w.org\/{rel}","templated":true}]}}