{"id":31323,"date":"2025-10-06T19:44:00","date_gmt":"2025-10-06T19:44:00","guid":{"rendered":"https:\/\/www.afis.africa\/gestion-des-donnees-personnelles\/"},"modified":"2025-10-06T21:03:54","modified_gmt":"2025-10-06T21:03:54","slug":"gestion-des-donnees-personnelles","status":"publish","type":"page","link":"https:\/\/www.afis.africa\/fr\/gestion-des-donnees-personnelles\/","title":{"rendered":"Gestion des donn\u00e9es personnelles"},"content":{"rendered":"\t\t<div data-elementor-type=\"wp-page\" data-elementor-id=\"31323\" class=\"elementor elementor-31323 elementor-17984\" data-elementor-post-type=\"page\">\n\t\t\t\t<div class=\"elementor-element elementor-element-46c01d1d e-flex e-con-boxed e-con e-parent\" data-id=\"46c01d1d\" data-element_type=\"container\" data-e-type=\"container\" data-settings=\"{&quot;background_background&quot;:&quot;classic&quot;}\">\n\t\t\t\t\t<div class=\"e-con-inner\">\n\t\t\t\t<div class=\"elementor-element elementor-element-c387c17 elementor-widget elementor-widget-spacer\" data-id=\"c387c17\" data-element_type=\"widget\" data-e-type=\"widget\" data-widget_type=\"spacer.default\">\n\t\t\t\t\t\t\t<div class=\"elementor-spacer\">\n\t\t\t<div class=\"elementor-spacer-inner\"><\/div>\n\t\t<\/div>\n\t\t\t\t\t\t<\/div>\n\t\t\t\t<div class=\"elementor-element elementor-element-4639bbb elementor-widget elementor-widget-text-editor\" data-id=\"4639bbb\" data-element_type=\"widget\" data-e-type=\"widget\" data-widget_type=\"text-editor.default\">\n\t\t\t\t\t\t\t\t\t<h3>Derni\u00e8re mise \u00e0 jour : 06.10.2025<\/h3>\t\t\t\t\t\t\t\t<\/div>\n\t\t\t\t<div class=\"elementor-element elementor-element-dc546be elementor-widget__width-auto gradient-title elementor-widget elementor-widget-heading\" data-id=\"dc546be\" data-element_type=\"widget\" data-e-type=\"widget\" data-widget_type=\"heading.default\">\n\t\t\t\t\t<h2 class=\"elementor-heading-title elementor-size-default\">Dispositions g\u00e9n\u00e9rales<\/h2>\t\t\t\t<\/div>\n\t\t\t\t<div class=\"elementor-element elementor-element-5a67603 elementor-widget elementor-widget-text-editor\" data-id=\"5a67603\" data-element_type=\"widget\" data-e-type=\"widget\" data-widget_type=\"text-editor.default\">\n\t\t\t\t\t\t\t\t\t<p><\/p><p class=\"pf0\"><span class=\"cf0\">Africa Communications Events (ACE) s\u2019engage \u00e0 traiter vos donn\u00e9es personnelles de mani\u00e8re s\u00e9curis\u00e9e et responsable, conform\u00e9ment aux r\u00e9glementations applicables, notamment la loi fran\u00e7aise \u201cInformatique et Libert\u00e9s\u201d du 6 janvier 1978, telle que modifi\u00e9e, et le R\u00e8glement (UE) du 27 avril 2016 relatif \u00e0 la protection des personnes physiques \u00e0 l\u2019\u00e9gard du traitement des donn\u00e9es \u00e0 caract\u00e8re personnel et \u00e0 la libre circulation de ces donn\u00e9es (RGPD).<\/span><\/p><p class=\"pf0\"><span class=\"cf0\">La pr\u00e9sente politique de confidentialit\u00e9 d\u00e9finit les principes selon lesquels ACE, en tant que responsable du traitement, traite vos donn\u00e9es personnelles et vous fournit les informations n\u00e9cessaires pour comprendre la port\u00e9e et la nature des traitements de donn\u00e9es mis en \u0153uvre.<br>Elle est disponible \u00e0 tout moment sur le site Internet www.afis.africa (ci-apr\u00e8s le \u00ab Site \u00bb). <\/span><\/p><p class=\"pf0\"><span class=\"cf0\">Pour rappel, une donn\u00e9e personnelle est toute information se rapportant \u00e0 une personne physique identifi\u00e9e ou identifiable.<br>Une personne est identifiable lorsqu\u2019elle peut \u00eatre identifi\u00e9e directement ou indirectement, notamment par r\u00e9f\u00e9rence \u00e0 un identifiant, tel qu\u2019un nom, un num\u00e9ro d\u2019identification, des donn\u00e9es de localisation, un identifiant en ligne, etc. <\/span><\/p><p class=\"pf0\"><span class=\"cf0\">Une fois anonymis\u00e9es, les donn\u00e9es ne permettent plus d\u2019identifier directement ou indirectement une personne physique.<br>Les donn\u00e9es personnelles trait\u00e9es par ACE seront irr\u00e9versiblement anonymis\u00e9es \u00e0 l\u2019issue de la p\u00e9riode de conservation mentionn\u00e9e ci-dessous et pourront \u00eatre utilis\u00e9es \u00e0 des fins de recherche ou de statistiques. <\/span><\/p><p class=\"pf0\"><span class=\"cf0\">ACE a d\u00e9sign\u00e9 une personne charg\u00e9e de traiter les demandes relatives \u00e0 l\u2019exercice des droits en mati\u00e8re de donn\u00e9es personnelles, joignable \u00e0 l\u2019adresse suivante : communication@afis.africa<\/span><\/p><p><\/p>\t\t\t\t\t\t\t\t<\/div>\n\t\t\t\t<div class=\"elementor-element elementor-element-24f49d6 elementor-widget__width-auto gradient-title elementor-widget elementor-widget-heading\" data-id=\"24f49d6\" data-element_type=\"widget\" data-e-type=\"widget\" data-widget_type=\"heading.default\">\n\t\t\t\t\t<h2 class=\"elementor-heading-title elementor-size-default\">D\u00e9finition des donn\u00e9es personnelles<\/h2>\t\t\t\t<\/div>\n\t\t\t\t<div class=\"elementor-element elementor-element-33b2832 elementor-widget elementor-widget-text-editor\" data-id=\"33b2832\" data-element_type=\"widget\" data-e-type=\"widget\" data-widget_type=\"text-editor.default\">\n\t\t\t\t\t\t\t\t\tNous pouvons collecter et traiter les cat\u00e9gories de donn\u00e9es suivantes :\n \t<li>Donn\u00e9es de contact : adresse e-mail, num\u00e9ro de t\u00e9l\u00e9phone, adresse postale transmises via notre formulaire de contact ou d\u2019inscription \u00e0 la newsletter.<\/li>\n \t<li>Donn\u00e9es de connexion : adresse IP, type de navigateur, informations sur l\u2019appareil utilis\u00e9, dur\u00e9e de la visite.<\/li>\n \t<li>Cookies et technologies similaires : voir notre Politique relative aux cookies.<\/li>\n<\/ul>\nNous ne collectons que les donn\u00e9es strictement n\u00e9cessaires aux finalit\u00e9s d\u00e9crites ci-dessous.\t\t\t\t\t\t\t\t<\/div>\n\t\t\t\t<div class=\"elementor-element elementor-element-47b075e elementor-widget__width-auto gradient-title elementor-widget elementor-widget-heading\" data-id=\"47b075e\" data-element_type=\"widget\" data-e-type=\"widget\" data-widget_type=\"heading.default\">\n\t\t\t\t\t<h2 class=\"elementor-heading-title elementor-size-default\">Finalit\u00e9s et bases l\u00e9gales du traitement<\/h2>\t\t\t\t<\/div>\n\t\t\t\t<div class=\"elementor-element elementor-element-6d5266d elementor-widget elementor-widget-text-editor\" data-id=\"6d5266d\" data-element_type=\"widget\" data-e-type=\"widget\" data-widget_type=\"text-editor.default\">\n\t\t\t\t\t\t\t\t\t<p>Nous collectons et traitons des donn\u00e9es personnelles uniquement lorsqu\u2019elles sont n\u00e9cessaires \u00e0 des fins pr\u00e9cises et l\u00e9gitimes. Chaque traitement est effectu\u00e9 conform\u00e9ment \u00e0 une ou plusieurs bases l\u00e9gales d\u00e9finies par le RGPD.<\/p>\t\t\t\t\t\t\t\t<\/div>\n\t\t\t\t<div class=\"elementor-element elementor-element-b41ff60 elementor-widget elementor-widget-text-editor\" data-id=\"b41ff60\" data-element_type=\"widget\" data-e-type=\"widget\" data-widget_type=\"text-editor.default\">\n\t\t\t\t\t\t\t\t\t<p><strong>Finalit\u00e9 du traitement<\/strong><\/p><p>R\u00e9pondre \u00e0 vos demandes ou sollicitations envoy\u00e9es via notre formulaire de contact ou par e-mail<\/p><p>Envoyer des newsletters, offres promotionnelles ou communications marketing<\/p><p>Am\u00e9liorer notre site, nos services et l\u2019exp\u00e9rience utilisateur<\/p><p><strong>Base l\u00e9gale<\/strong><\/p><p>Votre consentement <\/p><p>Votre consentement (retirable \u00e0 tout moment)<\/p><p>Notre int\u00e9r\u00eat l\u00e9gitime<\/p><p> <\/p><p><strong>Exemples<\/strong><\/p><p>Lorsque vous remplissez notre formulaire de contact ou nous envoyez un message<\/p><p>Lorsque vous vous abonnez \u00e0 notre newsletter ou acceptez de recevoir nos communications<\/p><p>Analyse du trafic, s\u00e9curit\u00e9 du site, pr\u00e9vention des usages abusifs<\/p>\t\t\t\t\t\t\t\t<\/div>\n\t\t\t\t<div class=\"elementor-element elementor-element-d4078ff elementor-widget__width-auto gradient-title elementor-widget elementor-widget-heading\" data-id=\"d4078ff\" data-element_type=\"widget\" data-e-type=\"widget\" data-widget_type=\"heading.default\">\n\t\t\t\t\t<h2 class=\"elementor-heading-title elementor-size-default\">Conservation des donn\u00e9es<\/h2>\t\t\t\t<\/div>\n\t\t\t\t<div class=\"elementor-element elementor-element-0dfc998 elementor-widget elementor-widget-text-editor\" data-id=\"0dfc998\" data-element_type=\"widget\" data-e-type=\"widget\" data-widget_type=\"text-editor.default\">\n\t\t\t\t\t\t\t\t\t<p>Nous conservons les donn\u00e9es personnelles uniquement pendant la dur\u00e9e n\u00e9cessaire aux finalit\u00e9s pour lesquelles elles ont \u00e9t\u00e9 collect\u00e9es, ou pour r\u00e9pondre \u00e0 nos obligations l\u00e9gales.<\/p><ul><li>Donn\u00e9es issues du formulaire de contact : jusqu\u2019\u00e0 3 ans apr\u00e8s le dernier contact<\/li><li>Donn\u00e9es d\u2019abonnement \u00e0 la newsletter : jusqu\u2019\u00e0 la d\u00e9sinscription<\/li><li>Cookies : jusqu\u2019\u00e0 12 mois<\/li><\/ul>\t\t\t\t\t\t\t\t<\/div>\n\t\t\t\t<div class=\"elementor-element elementor-element-8259dd8 elementor-widget__width-auto gradient-title elementor-widget elementor-widget-heading\" data-id=\"8259dd8\" data-element_type=\"widget\" data-e-type=\"widget\" data-widget_type=\"heading.default\">\n\t\t\t\t\t<h2 class=\"elementor-heading-title elementor-size-default\">Destinataires des donn\u00e9es<\/h2>\t\t\t\t<\/div>\n\t\t\t\t<div class=\"elementor-element elementor-element-61a5652 elementor-widget elementor-widget-text-editor\" data-id=\"61a5652\" data-element_type=\"widget\" data-e-type=\"widget\" data-widget_type=\"text-editor.default\">\n\t\t\t\t\t\t\t\t\t<p>Vos donn\u00e9es sont accessibles uniquement aux personnels autoris\u00e9s d\u2019ACE \u2013 membre du groupe Jeune Afrique Media Group \u2013 ainsi qu\u2019\u00e0 nos prestataires de services de confiance agissant pour notre compte (par exemple : h\u00e9bergeurs, services d\u2019e-mailing, prestataires d\u2019analyses statistiques).<br>Tous ces tiers sont tenus contractuellement de traiter les donn\u00e9es uniquement selon nos instructions et dans le respect des exigences du RGPD.<br>Nous ne vendons ni ne louons vos donn\u00e9es personnelles \u00e0 des tiers.<\/p>\t\t\t\t\t\t\t\t<\/div>\n\t\t\t\t<div class=\"elementor-element elementor-element-08736c1 elementor-widget__width-auto gradient-title elementor-widget elementor-widget-heading\" data-id=\"08736c1\" data-element_type=\"widget\" data-e-type=\"widget\" data-widget_type=\"heading.default\">\n\t\t\t\t\t<h2 class=\"elementor-heading-title elementor-size-default\">Transfert de donn\u00e9es hors de l\u2019Union europ\u00e9enne<\/h2>\t\t\t\t<\/div>\n\t\t\t\t<div class=\"elementor-element elementor-element-906dad8 elementor-widget elementor-widget-text-editor\" data-id=\"906dad8\" data-element_type=\"widget\" data-e-type=\"widget\" data-widget_type=\"text-editor.default\">\n\t\t\t\t\t\t\t\t\t<p>Si des donn\u00e9es personnelles sont transf\u00e9r\u00e9es hors de l\u2019Union europ\u00e9enne, nous veillons \u00e0 ce que ces transferts soient effectu\u00e9s uniquement vers des pays assurant un niveau de protection ad\u00e9quat reconnu par la Commission europ\u00e9enne, ou qu\u2019ils soient encadr\u00e9s par des garanties appropri\u00e9es (telles que les clauses contractuelles types de la Commission europ\u00e9enne).<\/p>\t\t\t\t\t\t\t\t<\/div>\n\t\t\t\t<div class=\"elementor-element elementor-element-d9885ab elementor-widget__width-auto gradient-title elementor-widget elementor-widget-heading\" data-id=\"d9885ab\" data-element_type=\"widget\" data-e-type=\"widget\" data-widget_type=\"heading.default\">\n\t\t\t\t\t<h2 class=\"elementor-heading-title elementor-size-default\">Gestion des cookies<\/h2>\t\t\t\t<\/div>\n\t\t\t\t<div class=\"elementor-element elementor-element-042039a elementor-widget elementor-widget-text-editor\" data-id=\"042039a\" data-element_type=\"widget\" data-e-type=\"widget\" data-widget_type=\"text-editor.default\">\n\t\t\t\t\t\t\t\t\t<p>Lors de votre premi\u00e8re visite sur le Site, il vous est propos\u00e9 d\u2019accepter ou de refuser les cookies non essentiels au fonctionnement du Site.<br>Ainsi, lors de votre navigation, des cookies peuvent \u00eatre d\u00e9pos\u00e9s sur votre navigateur afin de : <\/p><ul><li>mesurer l\u2019audience du Site,<\/li><li>mesurer la performance des campagnes sur les r\u00e9seaux sociaux et mobiles (avec votre consentement),<\/li><li>am\u00e9liorer le Site et l\u2019exp\u00e9rience utilisateur,<\/li><li>produire des \u00e9tudes et statistiques.<\/li><\/ul>\t\t\t\t\t\t\t\t<\/div>\n\t\t\t\t<div class=\"elementor-element elementor-element-cb8959c elementor-widget__width-auto gradient-title elementor-widget elementor-widget-heading\" data-id=\"cb8959c\" data-element_type=\"widget\" data-e-type=\"widget\" data-widget_type=\"heading.default\">\n\t\t\t\t\t<h2 class=\"elementor-heading-title elementor-size-default\">Vos droits<\/h2>\t\t\t\t<\/div>\n\t\t\t\t<div class=\"elementor-element elementor-element-9c92587 elementor-widget elementor-widget-text-editor\" data-id=\"9c92587\" data-element_type=\"widget\" data-e-type=\"widget\" data-widget_type=\"text-editor.default\">\n\t\t\t\t\t\t\t\t\tConform\u00e9ment \u00e0 la r\u00e9glementation applicable, vous disposez des droits suivants :\n \t<li><strong>Droit d\u2019acc\u00e8s<\/strong> : obtenir la confirmation que vos donn\u00e9es sont trait\u00e9es et en recevoir une copie.<\/li>\n \t<li><strong>Droit de rectification <\/strong>: corriger des donn\u00e9es inexactes ou incompl\u00e8tes.<\/li>\n \t<li><strong>Droit \u00e0 l\u2019effacement<\/strong> : demander la suppression de vos donn\u00e9es (\u00ab droit \u00e0 l\u2019oubli \u00bb).<\/li>\n \t<li>Droit \u00e0 la limitation : demander la suspension temporaire du traitement dans certains cas.<\/li>\n \t<li><strong>Droit \u00e0 la portabilit\u00e9<\/strong> : recevoir vos donn\u00e9es dans un format structur\u00e9, couramment utilis\u00e9 et lisible par machine.<\/li>\n \t<li>Droit d\u2019opposition : vous opposer au traitement de vos donn\u00e9es pour des motifs li\u00e9s \u00e0 votre situation particuli\u00e8re ou \u00e0 des fins de prospection.<\/li>\n \t<li><strong>Retrait du consentement <\/strong>: lorsque le traitement repose sur votre consentement, vous pouvez le retirer \u00e0 tout moment.<\/li>\n<\/ul>\t\t\t\t\t\t\t\t<\/div>\n\t\t\t\t<div class=\"elementor-element elementor-element-18652ce elementor-widget__width-auto gradient-title elementor-widget elementor-widget-heading\" data-id=\"18652ce\" data-element_type=\"widget\" data-e-type=\"widget\" data-widget_type=\"heading.default\">\n\t\t\t\t\t<h2 class=\"elementor-heading-title elementor-size-default\">Mise \u00e0 jour de la politique<\/h2>\t\t\t\t<\/div>\n\t\t\t\t<div class=\"elementor-element elementor-element-69b0829 elementor-widget elementor-widget-text-editor\" data-id=\"69b0829\" data-element_type=\"widget\" data-e-type=\"widget\" data-widget_type=\"text-editor.default\">\n\t\t\t\t\t\t\t\t\t<p>Nous pouvons mettre \u00e0 jour la pr\u00e9sente politique de confidentialit\u00e9 \u00e0 tout moment afin de refl\u00e9ter les \u00e9volutions l\u00e9gales, techniques ou organisationnelles.<br>En cas de modification, la version r\u00e9vis\u00e9e sera publi\u00e9e sur cette page avec une nouvelle mention \u00ab Derni\u00e8re mise \u00e0 jour \u00bb. Nous vous invitons \u00e0 consulter r\u00e9guli\u00e8rement cette page pour rester inform\u00e9s. <\/p>\t\t\t\t\t\t\t\t<\/div>\n\t\t\t\t\t<\/div>\n\t\t\t\t<\/div>\n\t\t\t\t<\/div>\n\t\t","protected":false},"excerpt":{"rendered":"<p>Derni\u00e8re mise \u00e0 jour : 06.10.2025 Dispositions g\u00e9n\u00e9rales Africa Communications Events (ACE) s\u2019engage \u00e0 traiter vos donn\u00e9es personnelles de mani\u00e8re s\u00e9curis\u00e9e et responsable, conform\u00e9ment aux r\u00e9glementations applicables, notamment la loi fran\u00e7aise \u201cInformatique et Libert\u00e9s\u201d du 6 janvier 1978, telle que modifi\u00e9e, et le R\u00e8glement (UE) du 27 avril 2016 relatif \u00e0 la protection des personnes [&hellip;]<\/p>\n","protected":false},"author":3,"featured_media":0,"parent":0,"menu_order":3,"comment_status":"closed","ping_status":"closed","template":"","meta":{"_acf_changed":false,"footnotes":""},"class_list":["post-31323","page","type-page","status-publish","hentry"],"acf":[],"yoast_head":"<!-- This site is optimized with the Yoast SEO plugin v27.3 - https:\/\/yoast.com\/product\/yoast-seo-wordpress\/ -->\n<title>Gestion des donn\u00e9es personnelles - The African Financial Summit Platform<\/title>\n<meta name=\"robots\" content=\"index, follow, max-snippet:-1, max-image-preview:large, max-video-preview:-1\" \/>\n<link rel=\"canonical\" href=\"https:\/\/www.afis.africa\/fr\/gestion-des-donnees-personnelles\/\" \/>\n<meta property=\"og:locale\" content=\"fr_FR\" \/>\n<meta property=\"og:type\" content=\"article\" \/>\n<meta property=\"og:title\" content=\"Gestion des donn\u00e9es personnelles - The African Financial Summit Platform\" \/>\n<meta property=\"og:description\" content=\"Derni\u00e8re mise \u00e0 jour : 06.10.2025 Dispositions g\u00e9n\u00e9rales Africa Communications Events (ACE) s\u2019engage \u00e0 traiter vos donn\u00e9es personnelles de mani\u00e8re s\u00e9curis\u00e9e et responsable, conform\u00e9ment aux r\u00e9glementations applicables, notamment la loi fran\u00e7aise \u201cInformatique et Libert\u00e9s\u201d du 6 janvier 1978, telle que modifi\u00e9e, et le R\u00e8glement (UE) du 27 avril 2016 relatif \u00e0 la protection des personnes [&hellip;]\" \/>\n<meta property=\"og:url\" content=\"https:\/\/www.afis.africa\/fr\/gestion-des-donnees-personnelles\/\" \/>\n<meta property=\"og:site_name\" content=\"The African Financial Summit Platform\" \/>\n<meta property=\"article:modified_time\" content=\"2025-10-06T21:03:54+00:00\" \/>\n<meta name=\"twitter:card\" content=\"summary_large_image\" \/>\n<meta name=\"twitter:label1\" content=\"Dur\u00e9e de lecture estim\u00e9e\" \/>\n\t<meta name=\"twitter:data1\" content=\"5 minutes\" \/>\n<script type=\"application\/ld+json\" class=\"yoast-schema-graph\">{\"@context\":\"https:\\\/\\\/schema.org\",\"@graph\":[{\"@type\":\"WebPage\",\"@id\":\"https:\\\/\\\/www.afis.africa\\\/fr\\\/gestion-des-donnees-personnelles\\\/\",\"url\":\"https:\\\/\\\/www.afis.africa\\\/fr\\\/gestion-des-donnees-personnelles\\\/\",\"name\":\"Gestion des donn\u00e9es personnelles - The African Financial Summit Platform\",\"isPartOf\":{\"@id\":\"https:\\\/\\\/www.afis.africa\\\/fr\\\/#website\"},\"datePublished\":\"2025-10-06T19:44:00+00:00\",\"dateModified\":\"2025-10-06T21:03:54+00:00\",\"breadcrumb\":{\"@id\":\"https:\\\/\\\/www.afis.africa\\\/fr\\\/gestion-des-donnees-personnelles\\\/#breadcrumb\"},\"inLanguage\":\"fr-FR\",\"potentialAction\":[{\"@type\":\"ReadAction\",\"target\":[\"https:\\\/\\\/www.afis.africa\\\/fr\\\/gestion-des-donnees-personnelles\\\/\"]}]},{\"@type\":\"BreadcrumbList\",\"@id\":\"https:\\\/\\\/www.afis.africa\\\/fr\\\/gestion-des-donnees-personnelles\\\/#breadcrumb\",\"itemListElement\":[{\"@type\":\"ListItem\",\"position\":1,\"name\":\"Home\",\"item\":\"https:\\\/\\\/www.afis.africa\\\/fr\\\/\"},{\"@type\":\"ListItem\",\"position\":2,\"name\":\"Gestion des donn\u00e9es personnelles\"}]},{\"@type\":\"WebSite\",\"@id\":\"https:\\\/\\\/www.afis.africa\\\/fr\\\/#website\",\"url\":\"https:\\\/\\\/www.afis.africa\\\/fr\\\/\",\"name\":\"The African Financial Summit Platform\",\"description\":\"\",\"publisher\":{\"@id\":\"https:\\\/\\\/www.afis.africa\\\/fr\\\/#organization\"},\"potentialAction\":[{\"@type\":\"SearchAction\",\"target\":{\"@type\":\"EntryPoint\",\"urlTemplate\":\"https:\\\/\\\/www.afis.africa\\\/fr\\\/?s={search_term_string}\"},\"query-input\":{\"@type\":\"PropertyValueSpecification\",\"valueRequired\":true,\"valueName\":\"search_term_string\"}}],\"inLanguage\":\"fr-FR\"},{\"@type\":\"Organization\",\"@id\":\"https:\\\/\\\/www.afis.africa\\\/fr\\\/#organization\",\"name\":\"The African Financial Summit Platform\",\"url\":\"https:\\\/\\\/www.afis.africa\\\/fr\\\/\",\"logo\":{\"@type\":\"ImageObject\",\"inLanguage\":\"fr-FR\",\"@id\":\"https:\\\/\\\/www.afis.africa\\\/fr\\\/#\\\/schema\\\/logo\\\/image\\\/\",\"url\":\"https:\\\/\\\/www.afis.africa\\\/wp-content\\\/uploads\\\/2022\\\/10\\\/cropped-AFIS-1-1.jpg\",\"contentUrl\":\"https:\\\/\\\/www.afis.africa\\\/wp-content\\\/uploads\\\/2022\\\/10\\\/cropped-AFIS-1-1.jpg\",\"width\":529,\"height\":191,\"caption\":\"The African Financial Summit Platform\"},\"image\":{\"@id\":\"https:\\\/\\\/www.afis.africa\\\/fr\\\/#\\\/schema\\\/logo\\\/image\\\/\"}}]}<\/script>\n<!-- \/ Yoast SEO plugin. -->","yoast_head_json":{"title":"Gestion des donn\u00e9es personnelles - The African Financial Summit Platform","robots":{"index":"index","follow":"follow","max-snippet":"max-snippet:-1","max-image-preview":"max-image-preview:large","max-video-preview":"max-video-preview:-1"},"canonical":"https:\/\/www.afis.africa\/fr\/gestion-des-donnees-personnelles\/","og_locale":"fr_FR","og_type":"article","og_title":"Gestion des donn\u00e9es personnelles - The African Financial Summit Platform","og_description":"Derni\u00e8re mise \u00e0 jour : 06.10.2025 Dispositions g\u00e9n\u00e9rales Africa Communications Events (ACE) s\u2019engage \u00e0 traiter vos donn\u00e9es personnelles de mani\u00e8re s\u00e9curis\u00e9e et responsable, conform\u00e9ment aux r\u00e9glementations applicables, notamment la loi fran\u00e7aise \u201cInformatique et Libert\u00e9s\u201d du 6 janvier 1978, telle que modifi\u00e9e, et le R\u00e8glement (UE) du 27 avril 2016 relatif \u00e0 la protection des personnes [&hellip;]","og_url":"https:\/\/www.afis.africa\/fr\/gestion-des-donnees-personnelles\/","og_site_name":"The African Financial Summit Platform","article_modified_time":"2025-10-06T21:03:54+00:00","twitter_card":"summary_large_image","twitter_misc":{"Dur\u00e9e de lecture estim\u00e9e":"5 minutes"},"schema":{"@context":"https:\/\/schema.org","@graph":[{"@type":"WebPage","@id":"https:\/\/www.afis.africa\/fr\/gestion-des-donnees-personnelles\/","url":"https:\/\/www.afis.africa\/fr\/gestion-des-donnees-personnelles\/","name":"Gestion des donn\u00e9es personnelles - The African Financial Summit Platform","isPartOf":{"@id":"https:\/\/www.afis.africa\/fr\/#website"},"datePublished":"2025-10-06T19:44:00+00:00","dateModified":"2025-10-06T21:03:54+00:00","breadcrumb":{"@id":"https:\/\/www.afis.africa\/fr\/gestion-des-donnees-personnelles\/#breadcrumb"},"inLanguage":"fr-FR","potentialAction":[{"@type":"ReadAction","target":["https:\/\/www.afis.africa\/fr\/gestion-des-donnees-personnelles\/"]}]},{"@type":"BreadcrumbList","@id":"https:\/\/www.afis.africa\/fr\/gestion-des-donnees-personnelles\/#breadcrumb","itemListElement":[{"@type":"ListItem","position":1,"name":"Home","item":"https:\/\/www.afis.africa\/fr\/"},{"@type":"ListItem","position":2,"name":"Gestion des donn\u00e9es personnelles"}]},{"@type":"WebSite","@id":"https:\/\/www.afis.africa\/fr\/#website","url":"https:\/\/www.afis.africa\/fr\/","name":"The African Financial Summit Platform","description":"","publisher":{"@id":"https:\/\/www.afis.africa\/fr\/#organization"},"potentialAction":[{"@type":"SearchAction","target":{"@type":"EntryPoint","urlTemplate":"https:\/\/www.afis.africa\/fr\/?s={search_term_string}"},"query-input":{"@type":"PropertyValueSpecification","valueRequired":true,"valueName":"search_term_string"}}],"inLanguage":"fr-FR"},{"@type":"Organization","@id":"https:\/\/www.afis.africa\/fr\/#organization","name":"The African Financial Summit Platform","url":"https:\/\/www.afis.africa\/fr\/","logo":{"@type":"ImageObject","inLanguage":"fr-FR","@id":"https:\/\/www.afis.africa\/fr\/#\/schema\/logo\/image\/","url":"https:\/\/www.afis.africa\/wp-content\/uploads\/2022\/10\/cropped-AFIS-1-1.jpg","contentUrl":"https:\/\/www.afis.africa\/wp-content\/uploads\/2022\/10\/cropped-AFIS-1-1.jpg","width":529,"height":191,"caption":"The African Financial Summit Platform"},"image":{"@id":"https:\/\/www.afis.africa\/fr\/#\/schema\/logo\/image\/"}}]}},"_links":{"self":[{"href":"https:\/\/www.afis.africa\/fr\/wp-json\/wp\/v2\/pages\/31323","targetHints":{"allow":["GET"]}}],"collection":[{"href":"https:\/\/www.afis.africa\/fr\/wp-json\/wp\/v2\/pages"}],"about":[{"href":"https:\/\/www.afis.africa\/fr\/wp-json\/wp\/v2\/types\/page"}],"author":[{"embeddable":true,"href":"https:\/\/www.afis.africa\/fr\/wp-json\/wp\/v2\/users\/3"}],"replies":[{"embeddable":true,"href":"https:\/\/www.afis.africa\/fr\/wp-json\/wp\/v2\/comments?post=31323"}],"version-history":[{"count":1,"href":"https:\/\/www.afis.africa\/fr\/wp-json\/wp\/v2\/pages\/31323\/revisions"}],"predecessor-version":[{"id":31324,"href":"https:\/\/www.afis.africa\/fr\/wp-json\/wp\/v2\/pages\/31323\/revisions\/31324"}],"wp:attachment":[{"href":"https:\/\/www.afis.africa\/fr\/wp-json\/wp\/v2\/media?parent=31323"}],"curies":[{"name":"wp","href":"https:\/\/api.w.org\/{rel}","templated":true}]}}