{"id":30179,"date":"2025-09-13T11:56:00","date_gmt":"2025-09-13T11:56:00","guid":{"rendered":"https:\/\/www.afis.africa\/awards\/awards-2025\/african-central-bank-governor\/"},"modified":"2025-10-06T05:51:19","modified_gmt":"2025-10-06T05:51:19","slug":"african-central-bank-governor","status":"publish","type":"page","link":"https:\/\/www.afis.africa\/fr\/awards\/awards-2025\/african-central-bank-governor\/","title":{"rendered":"African Central Bank Governor"},"content":{"rendered":"\t\t<div data-elementor-type=\"wp-page\" data-elementor-id=\"30179\" class=\"elementor elementor-30179 elementor-6323\" data-elementor-post-type=\"page\">\n\t\t\t\t<div class=\"elementor-element elementor-element-b95af53 e-flex e-con-boxed e-con e-parent\" data-id=\"b95af53\" data-element_type=\"container\" data-e-type=\"container\">\n\t\t\t\t\t<div class=\"e-con-inner\">\n\t\t\t\t<div class=\"elementor-element elementor-element-a11c9fe elementor-widget elementor-widget-text-editor\" data-id=\"a11c9fe\" data-element_type=\"widget\" data-e-type=\"widget\" data-widget_type=\"text-editor.default\">\n\t\t\t\t\t\t\t\t\t<p>Le troph\u00e9e \u201cAfrican Central Bank Governor\u201c souligne le r\u00f4le des gouverneurs dans le d\u00e9veloppement des \u00e9conomies du continent. D\u00e9cern\u00e9 dans le cadre de l\u2019Africa Financial Summit &#8211; AFIS, ce troph\u00e9e r\u00e9compense le gouverneur de banque centrale africaine qui a su ma\u00eetriser l\u2019inflation, le taux de change, et dont l\u2019influence et le leadership sont reconnus \u00e0 travers le continent. <\/p>\t\t\t\t\t\t\t\t<\/div>\n\t\t\t\t\t<\/div>\n\t\t\t\t<\/div>\n\t\t<div class=\"elementor-element elementor-element-ac9e5a8 e-con-full e-flex e-con e-parent\" data-id=\"ac9e5a8\" data-element_type=\"container\" data-e-type=\"container\" data-settings=\"{&quot;background_background&quot;:&quot;gradient&quot;,&quot;shape_divider_top&quot;:&quot;tilt&quot;}\">\n\t\t\t\t<div class=\"elementor-shape elementor-shape-top\" aria-hidden=\"true\" data-negative=\"false\">\n\t\t\t<svg xmlns=\"http:\/\/www.w3.org\/2000\/svg\" viewBox=\"0 0 1000 100\" preserveAspectRatio=\"none\">\n\t<path class=\"elementor-shape-fill\" d=\"M0,6V0h1000v100L0,6z\"\/>\n<\/svg>\t\t<\/div>\n\t\t<div class=\"elementor-element elementor-element-934a90b e-flex e-con-boxed e-con e-child\" data-id=\"934a90b\" data-element_type=\"container\" data-e-type=\"container\">\n\t\t\t\t\t<div class=\"e-con-inner\">\n\t\t<div class=\"elementor-element elementor-element-7031936 e-con-full e-flex e-con e-child\" data-id=\"7031936\" data-element_type=\"container\" data-e-type=\"container\">\n\t\t\t\t<div class=\"elementor-element elementor-element-014a1eb elementor-widget__width-inherit elementor-widget elementor-widget-heading\" data-id=\"014a1eb\" data-element_type=\"widget\" data-e-type=\"widget\" data-widget_type=\"heading.default\">\n\t\t\t\t\t<h2 class=\"elementor-heading-title elementor-size-default\">CRIT\u00c8RES<\/h2>\t\t\t\t<\/div>\n\t\t\t\t<div class=\"elementor-element elementor-element-b0d35f4 elementor-widget elementor-widget-text-editor\" data-id=\"b0d35f4\" data-element_type=\"widget\" data-e-type=\"widget\" data-widget_type=\"text-editor.default\">\n\t\t\t\t\t\t\t\t\t<ul><li>Contr\u00f4le de l\u2019inflation sur la zone concern\u00e9e<\/li><li>Soutien \u00e0 la croissance \u00e9conomique<\/li><li>Stabilit\u00e9 de la monnaie<\/li><li>Politique de taux d\u2019int\u00e9r\u00eats<\/li><li>Mise en \u0153uvre de r\u00e9formes favorisant l\u2019inclusion financi\u00e8re et de cadres r\u00e8glementaires adapt\u00e9s \u00e0 l\u2019innovation<\/li><li>Un gouverneur doit avoir exerc\u00e9 ses fonctions pendant au moins deux ans.<\/li><\/ul>\t\t\t\t\t\t\t\t<\/div>\n\t\t\t\t<\/div>\n\t\t<div class=\"elementor-element elementor-element-36ab987 e-con-full e-flex e-con e-child\" data-id=\"36ab987\" data-element_type=\"container\" data-e-type=\"container\">\n\t\t\t\t<div class=\"elementor-element elementor-element-f5f03d0 elementor-widget__width-inherit elementor-widget elementor-widget-heading\" data-id=\"f5f03d0\" data-element_type=\"widget\" data-e-type=\"widget\" data-widget_type=\"heading.default\">\n\t\t\t\t\t<h2 class=\"elementor-heading-title elementor-size-default\">CANDIDATS \u00c9LIGIBLES\u200b<\/h2>\t\t\t\t<\/div>\n\t\t\t\t<div class=\"elementor-element elementor-element-2ca55cb elementor-widget elementor-widget-text-editor\" data-id=\"2ca55cb\" data-element_type=\"widget\" data-e-type=\"widget\" data-widget_type=\"text-editor.default\">\n\t\t\t\t\t\t\t\t\tGouverneurs de banque centrale africaine. Identification par l\u2019\u00e9quipe \u00e9ditoriale de l\u2019AFIS. \t\t\t\t\t\t\t\t<\/div>\n\t\t\t\t<\/div>\n\t\t<div class=\"elementor-element elementor-element-ab4f43c e-con-full e-flex e-con e-child\" data-id=\"ab4f43c\" data-element_type=\"container\" data-e-type=\"container\">\n\t\t\t\t<div class=\"elementor-element elementor-element-7784708 elementor-widget__width-inherit elementor-widget elementor-widget-heading\" data-id=\"7784708\" data-element_type=\"widget\" data-e-type=\"widget\" data-widget_type=\"heading.default\">\n\t\t\t\t\t<h2 class=\"elementor-heading-title elementor-size-default\">REMISE DU PRIX<\/h2>\t\t\t\t<\/div>\n\t\t\t\t<div class=\"elementor-element elementor-element-50eb6ef elementor-widget elementor-widget-text-editor\" data-id=\"50eb6ef\" data-element_type=\"widget\" data-e-type=\"widget\" data-widget_type=\"text-editor.default\">\n\t\t\t\t\t\t\t\t\t<p>Les gouverneurs pr\u00e9-s\u00e9lectionn\u00e9s seront avertis 1 mois avant l\u2019\u00e9v\u00e9nement. \u200b<br>Le gouverneur qui remportera le troph\u00e9e sera re\u00e7u \u00e0 l\u2019occasion d\u2019une session sp\u00e9ciale lors du prochain Africa Financial Summit &#8211; AFIS, les 3 et 4 novembre 2025 \u00e0 Casablanca, Maroc.<\/p>\t\t\t\t\t\t\t\t<\/div>\n\t\t\t\t<\/div>\n\t\t\t\t\t<\/div>\n\t\t\t\t<\/div>\n\t\t\t\t<div class=\"elementor-element elementor-element-63432e4 elementor-widget elementor-widget-spacer\" data-id=\"63432e4\" data-element_type=\"widget\" data-e-type=\"widget\" data-widget_type=\"spacer.default\">\n\t\t\t\t\t\t\t<div class=\"elementor-spacer\">\n\t\t\t<div class=\"elementor-spacer-inner\"><\/div>\n\t\t<\/div>\n\t\t\t\t\t\t<\/div>\n\t\t<div class=\"elementor-element elementor-element-c2e8265 e-con-full e-flex e-con e-child\" data-id=\"c2e8265\" data-element_type=\"container\" data-e-type=\"container\">\n\t\t<div class=\"elementor-element elementor-element-2f443ba e-con-full e-flex e-con e-child\" data-id=\"2f443ba\" data-element_type=\"container\" data-e-type=\"container\">\n\t\t<div class=\"elementor-element elementor-element-bebb0b1 e-con-full e-flex e-con e-child\" data-id=\"bebb0b1\" data-element_type=\"container\" data-e-type=\"container\">\n\t\t\t\t<div class=\"elementor-element elementor-element-415e66d elementor-widget elementor-widget-image\" data-id=\"415e66d\" data-element_type=\"widget\" data-e-type=\"widget\" data-widget_type=\"image.default\">\n\t\t\t\t\t\t\t\t\t\t\t\t\t\t\t<img fetchpriority=\"high\" decoding=\"async\" width=\"409\" height=\"171\" src=\"https:\/\/www.afis.africa\/wp-content\/uploads\/2025\/08\/Calque_1.png\" class=\"attachment-large size-large wp-image-1475\" alt=\"\" srcset=\"https:\/\/www.afis.africa\/wp-content\/uploads\/2025\/08\/Calque_1.png 409w, https:\/\/www.afis.africa\/wp-content\/uploads\/2025\/08\/Calque_1-300x125.png 300w\" sizes=\"(max-width: 409px) 100vw, 409px\" \/>\t\t\t\t\t\t\t\t\t\t\t\t\t\t\t<\/div>\n\t\t\t\t<\/div>\n\t\t<div class=\"elementor-element elementor-element-a2185b2 e-con-full e-flex e-con e-child\" data-id=\"a2185b2\" data-element_type=\"container\" data-e-type=\"container\">\n\t\t\t\t<div class=\"elementor-element elementor-element-2f987d7 elementor-widget elementor-widget-heading\" data-id=\"2f987d7\" data-element_type=\"widget\" data-e-type=\"widget\" data-widget_type=\"heading.default\">\n\t\t\t\t\t<p class=\"elementor-heading-title elementor-size-default\">En partenariat avec<\/p>\t\t\t\t<\/div>\n\t\t\t\t<div class=\"elementor-element elementor-element-367aefd elementor-widget elementor-widget-image\" data-id=\"367aefd\" data-element_type=\"widget\" data-e-type=\"widget\" data-widget_type=\"image.default\">\n\t\t\t\t\t\t\t\t\t\t\t\t\t\t\t<img decoding=\"async\" width=\"193\" height=\"81\" src=\"https:\/\/www.afis.africa\/wp-content\/uploads\/2025\/08\/Forvis-mazars-logo-1.png\" class=\"attachment-large size-large wp-image-1474\" alt=\"\" \/>\t\t\t\t\t\t\t\t\t\t\t\t\t\t\t<\/div>\n\t\t\t\t<\/div>\n\t\t\t\t<\/div>\n\t\t\t\t<div class=\"elementor-element elementor-element-1913ccb elementor-absolute elementor-widget elementor-widget-image\" data-id=\"1913ccb\" data-element_type=\"widget\" data-e-type=\"widget\" data-settings=\"{&quot;_position&quot;:&quot;absolute&quot;}\" data-widget_type=\"image.default\">\n\t\t\t\t\t\t\t\t\t\t\t\t\t\t\t<img decoding=\"async\" width=\"170\" height=\"1024\" src=\"https:\/\/www.afis.africa\/wp-content\/uploads\/2025\/08\/Fichier-1@2x-3-170x1024.png\" class=\"attachment-large size-large wp-image-2582\" alt=\"\" srcset=\"https:\/\/www.afis.africa\/wp-content\/uploads\/2025\/08\/Fichier-1@2x-3-170x1024.png 170w, https:\/\/www.afis.africa\/wp-content\/uploads\/2025\/08\/Fichier-1@2x-3-50x300.png 50w, https:\/\/www.afis.africa\/wp-content\/uploads\/2025\/08\/Fichier-1@2x-3-255x1536.png 255w\" sizes=\"(max-width: 170px) 100vw, 170px\" \/>\t\t\t\t\t\t\t\t\t\t\t\t\t\t\t<\/div>\n\t\t\t\t<\/div>\n\t\t\t\t<\/div>\n\t\t\t\t<\/div>\n\t\t","protected":false},"excerpt":{"rendered":"<p>Le troph\u00e9e \u201cAfrican Central Bank Governor\u201c souligne le r\u00f4le des gouverneurs dans le d\u00e9veloppement des \u00e9conomies du continent. D\u00e9cern\u00e9 dans le cadre de l\u2019Africa Financial Summit &#8211; AFIS, ce troph\u00e9e r\u00e9compense le gouverneur de banque centrale africaine qui a su ma\u00eetriser l\u2019inflation, le taux de change, et dont l\u2019influence et le leadership sont reconnus \u00e0 [&hellip;]<\/p>\n","protected":false},"author":3,"featured_media":0,"parent":27016,"menu_order":0,"comment_status":"closed","ping_status":"closed","template":"","meta":{"_acf_changed":false,"footnotes":""},"class_list":["post-30179","page","type-page","status-publish","hentry"],"acf":[],"yoast_head":"<!-- This site is optimized with the Yoast SEO plugin v27.3 - https:\/\/yoast.com\/product\/yoast-seo-wordpress\/ -->\n<title>African Central Bank Governor - The African Financial Summit Platform<\/title>\n<meta name=\"robots\" content=\"index, follow, max-snippet:-1, max-image-preview:large, max-video-preview:-1\" \/>\n<link rel=\"canonical\" href=\"https:\/\/www.afis.africa\/en\/awards\/awards-2025\/african-central-bank-governor\/\" \/>\n<meta property=\"og:locale\" content=\"fr_FR\" \/>\n<meta property=\"og:type\" content=\"article\" \/>\n<meta property=\"og:title\" content=\"African Central Bank Governor - The African Financial Summit Platform\" \/>\n<meta property=\"og:description\" content=\"Le troph\u00e9e \u201cAfrican Central Bank Governor\u201c souligne le r\u00f4le des gouverneurs dans le d\u00e9veloppement des \u00e9conomies du continent. D\u00e9cern\u00e9 dans le cadre de l\u2019Africa Financial Summit &#8211; AFIS, ce troph\u00e9e r\u00e9compense le gouverneur de banque centrale africaine qui a su ma\u00eetriser l\u2019inflation, le taux de change, et dont l\u2019influence et le leadership sont reconnus \u00e0 [&hellip;]\" \/>\n<meta property=\"og:url\" content=\"https:\/\/www.afis.africa\/en\/awards\/awards-2025\/african-central-bank-governor\/\" \/>\n<meta property=\"og:site_name\" content=\"The African Financial Summit Platform\" \/>\n<meta property=\"article:modified_time\" content=\"2025-10-06T05:51:19+00:00\" \/>\n<meta property=\"og:image\" content=\"https:\/\/www.afis.africa\/wp-content\/uploads\/2025\/08\/Calque_1.png\" \/>\n<meta name=\"twitter:card\" content=\"summary_large_image\" \/>\n<meta name=\"twitter:label1\" content=\"Dur\u00e9e de lecture estim\u00e9e\" \/>\n\t<meta name=\"twitter:data1\" content=\"1 minute\" \/>\n<script type=\"application\/ld+json\" class=\"yoast-schema-graph\">{\"@context\":\"https:\\\/\\\/schema.org\",\"@graph\":[{\"@type\":\"WebPage\",\"@id\":\"https:\\\/\\\/www.afis.africa\\\/en\\\/awards\\\/awards-2025\\\/african-central-bank-governor\\\/\",\"url\":\"https:\\\/\\\/www.afis.africa\\\/en\\\/awards\\\/awards-2025\\\/african-central-bank-governor\\\/\",\"name\":\"African Central Bank Governor - The African Financial Summit Platform\",\"isPartOf\":{\"@id\":\"https:\\\/\\\/www.afis.africa\\\/fr\\\/#website\"},\"primaryImageOfPage\":{\"@id\":\"https:\\\/\\\/www.afis.africa\\\/en\\\/awards\\\/awards-2025\\\/african-central-bank-governor\\\/#primaryimage\"},\"image\":{\"@id\":\"https:\\\/\\\/www.afis.africa\\\/en\\\/awards\\\/awards-2025\\\/african-central-bank-governor\\\/#primaryimage\"},\"thumbnailUrl\":\"https:\\\/\\\/www.afis.africa\\\/wp-content\\\/uploads\\\/2025\\\/08\\\/Calque_1.png\",\"datePublished\":\"2025-09-13T11:56:00+00:00\",\"dateModified\":\"2025-10-06T05:51:19+00:00\",\"breadcrumb\":{\"@id\":\"https:\\\/\\\/www.afis.africa\\\/en\\\/awards\\\/awards-2025\\\/african-central-bank-governor\\\/#breadcrumb\"},\"inLanguage\":\"fr-FR\",\"potentialAction\":[{\"@type\":\"ReadAction\",\"target\":[\"https:\\\/\\\/www.afis.africa\\\/en\\\/awards\\\/awards-2025\\\/african-central-bank-governor\\\/\"]}]},{\"@type\":\"ImageObject\",\"inLanguage\":\"fr-FR\",\"@id\":\"https:\\\/\\\/www.afis.africa\\\/en\\\/awards\\\/awards-2025\\\/african-central-bank-governor\\\/#primaryimage\",\"url\":\"https:\\\/\\\/www.afis.africa\\\/wp-content\\\/uploads\\\/2025\\\/08\\\/Calque_1.png\",\"contentUrl\":\"https:\\\/\\\/www.afis.africa\\\/wp-content\\\/uploads\\\/2025\\\/08\\\/Calque_1.png\"},{\"@type\":\"BreadcrumbList\",\"@id\":\"https:\\\/\\\/www.afis.africa\\\/en\\\/awards\\\/awards-2025\\\/african-central-bank-governor\\\/#breadcrumb\",\"itemListElement\":[{\"@type\":\"ListItem\",\"position\":1,\"name\":\"Home\",\"item\":\"https:\\\/\\\/www.afis.africa\\\/fr\\\/\"},{\"@type\":\"ListItem\",\"position\":2,\"name\":\"Awards\",\"item\":\"https:\\\/\\\/www.afis.africa\\\/fr\\\/awards\\\/\"},{\"@type\":\"ListItem\",\"position\":3,\"name\":\"Awards 2025\",\"item\":\"https:\\\/\\\/www.afis.africa\\\/en\\\/awards\\\/awards-2025\\\/\"},{\"@type\":\"ListItem\",\"position\":4,\"name\":\"African Central Bank Governor\"}]},{\"@type\":\"WebSite\",\"@id\":\"https:\\\/\\\/www.afis.africa\\\/fr\\\/#website\",\"url\":\"https:\\\/\\\/www.afis.africa\\\/fr\\\/\",\"name\":\"The African Financial Summit Platform\",\"description\":\"\",\"publisher\":{\"@id\":\"https:\\\/\\\/www.afis.africa\\\/fr\\\/#organization\"},\"potentialAction\":[{\"@type\":\"SearchAction\",\"target\":{\"@type\":\"EntryPoint\",\"urlTemplate\":\"https:\\\/\\\/www.afis.africa\\\/fr\\\/?s={search_term_string}\"},\"query-input\":{\"@type\":\"PropertyValueSpecification\",\"valueRequired\":true,\"valueName\":\"search_term_string\"}}],\"inLanguage\":\"fr-FR\"},{\"@type\":\"Organization\",\"@id\":\"https:\\\/\\\/www.afis.africa\\\/fr\\\/#organization\",\"name\":\"The African Financial Summit Platform\",\"url\":\"https:\\\/\\\/www.afis.africa\\\/fr\\\/\",\"logo\":{\"@type\":\"ImageObject\",\"inLanguage\":\"fr-FR\",\"@id\":\"https:\\\/\\\/www.afis.africa\\\/fr\\\/#\\\/schema\\\/logo\\\/image\\\/\",\"url\":\"https:\\\/\\\/www.afis.africa\\\/wp-content\\\/uploads\\\/2022\\\/10\\\/cropped-AFIS-1-1.jpg\",\"contentUrl\":\"https:\\\/\\\/www.afis.africa\\\/wp-content\\\/uploads\\\/2022\\\/10\\\/cropped-AFIS-1-1.jpg\",\"width\":529,\"height\":191,\"caption\":\"The African Financial Summit Platform\"},\"image\":{\"@id\":\"https:\\\/\\\/www.afis.africa\\\/fr\\\/#\\\/schema\\\/logo\\\/image\\\/\"}}]}<\/script>\n<!-- \/ Yoast SEO plugin. -->","yoast_head_json":{"title":"African Central Bank Governor - The African Financial Summit Platform","robots":{"index":"index","follow":"follow","max-snippet":"max-snippet:-1","max-image-preview":"max-image-preview:large","max-video-preview":"max-video-preview:-1"},"canonical":"https:\/\/www.afis.africa\/en\/awards\/awards-2025\/african-central-bank-governor\/","og_locale":"fr_FR","og_type":"article","og_title":"African Central Bank Governor - The African Financial Summit Platform","og_description":"Le troph\u00e9e \u201cAfrican Central Bank Governor\u201c souligne le r\u00f4le des gouverneurs dans le d\u00e9veloppement des \u00e9conomies du continent. D\u00e9cern\u00e9 dans le cadre de l\u2019Africa Financial Summit &#8211; AFIS, ce troph\u00e9e r\u00e9compense le gouverneur de banque centrale africaine qui a su ma\u00eetriser l\u2019inflation, le taux de change, et dont l\u2019influence et le leadership sont reconnus \u00e0 [&hellip;]","og_url":"https:\/\/www.afis.africa\/en\/awards\/awards-2025\/african-central-bank-governor\/","og_site_name":"The African Financial Summit Platform","article_modified_time":"2025-10-06T05:51:19+00:00","og_image":[{"url":"https:\/\/www.afis.africa\/wp-content\/uploads\/2025\/08\/Calque_1.png","type":"","width":"","height":""}],"twitter_card":"summary_large_image","twitter_misc":{"Dur\u00e9e de lecture estim\u00e9e":"1 minute"},"schema":{"@context":"https:\/\/schema.org","@graph":[{"@type":"WebPage","@id":"https:\/\/www.afis.africa\/en\/awards\/awards-2025\/african-central-bank-governor\/","url":"https:\/\/www.afis.africa\/en\/awards\/awards-2025\/african-central-bank-governor\/","name":"African Central Bank Governor - The African Financial Summit Platform","isPartOf":{"@id":"https:\/\/www.afis.africa\/fr\/#website"},"primaryImageOfPage":{"@id":"https:\/\/www.afis.africa\/en\/awards\/awards-2025\/african-central-bank-governor\/#primaryimage"},"image":{"@id":"https:\/\/www.afis.africa\/en\/awards\/awards-2025\/african-central-bank-governor\/#primaryimage"},"thumbnailUrl":"https:\/\/www.afis.africa\/wp-content\/uploads\/2025\/08\/Calque_1.png","datePublished":"2025-09-13T11:56:00+00:00","dateModified":"2025-10-06T05:51:19+00:00","breadcrumb":{"@id":"https:\/\/www.afis.africa\/en\/awards\/awards-2025\/african-central-bank-governor\/#breadcrumb"},"inLanguage":"fr-FR","potentialAction":[{"@type":"ReadAction","target":["https:\/\/www.afis.africa\/en\/awards\/awards-2025\/african-central-bank-governor\/"]}]},{"@type":"ImageObject","inLanguage":"fr-FR","@id":"https:\/\/www.afis.africa\/en\/awards\/awards-2025\/african-central-bank-governor\/#primaryimage","url":"https:\/\/www.afis.africa\/wp-content\/uploads\/2025\/08\/Calque_1.png","contentUrl":"https:\/\/www.afis.africa\/wp-content\/uploads\/2025\/08\/Calque_1.png"},{"@type":"BreadcrumbList","@id":"https:\/\/www.afis.africa\/en\/awards\/awards-2025\/african-central-bank-governor\/#breadcrumb","itemListElement":[{"@type":"ListItem","position":1,"name":"Home","item":"https:\/\/www.afis.africa\/fr\/"},{"@type":"ListItem","position":2,"name":"Awards","item":"https:\/\/www.afis.africa\/fr\/awards\/"},{"@type":"ListItem","position":3,"name":"Awards 2025","item":"https:\/\/www.afis.africa\/en\/awards\/awards-2025\/"},{"@type":"ListItem","position":4,"name":"African Central Bank Governor"}]},{"@type":"WebSite","@id":"https:\/\/www.afis.africa\/fr\/#website","url":"https:\/\/www.afis.africa\/fr\/","name":"The African Financial Summit Platform","description":"","publisher":{"@id":"https:\/\/www.afis.africa\/fr\/#organization"},"potentialAction":[{"@type":"SearchAction","target":{"@type":"EntryPoint","urlTemplate":"https:\/\/www.afis.africa\/fr\/?s={search_term_string}"},"query-input":{"@type":"PropertyValueSpecification","valueRequired":true,"valueName":"search_term_string"}}],"inLanguage":"fr-FR"},{"@type":"Organization","@id":"https:\/\/www.afis.africa\/fr\/#organization","name":"The African Financial Summit Platform","url":"https:\/\/www.afis.africa\/fr\/","logo":{"@type":"ImageObject","inLanguage":"fr-FR","@id":"https:\/\/www.afis.africa\/fr\/#\/schema\/logo\/image\/","url":"https:\/\/www.afis.africa\/wp-content\/uploads\/2022\/10\/cropped-AFIS-1-1.jpg","contentUrl":"https:\/\/www.afis.africa\/wp-content\/uploads\/2022\/10\/cropped-AFIS-1-1.jpg","width":529,"height":191,"caption":"The African Financial Summit Platform"},"image":{"@id":"https:\/\/www.afis.africa\/fr\/#\/schema\/logo\/image\/"}}]}},"_links":{"self":[{"href":"https:\/\/www.afis.africa\/fr\/wp-json\/wp\/v2\/pages\/30179","targetHints":{"allow":["GET"]}}],"collection":[{"href":"https:\/\/www.afis.africa\/fr\/wp-json\/wp\/v2\/pages"}],"about":[{"href":"https:\/\/www.afis.africa\/fr\/wp-json\/wp\/v2\/types\/page"}],"author":[{"embeddable":true,"href":"https:\/\/www.afis.africa\/fr\/wp-json\/wp\/v2\/users\/3"}],"replies":[{"embeddable":true,"href":"https:\/\/www.afis.africa\/fr\/wp-json\/wp\/v2\/comments?post=30179"}],"version-history":[{"count":2,"href":"https:\/\/www.afis.africa\/fr\/wp-json\/wp\/v2\/pages\/30179\/revisions"}],"predecessor-version":[{"id":30184,"href":"https:\/\/www.afis.africa\/fr\/wp-json\/wp\/v2\/pages\/30179\/revisions\/30184"}],"up":[{"embeddable":true,"href":"https:\/\/www.afis.africa\/fr\/wp-json\/wp\/v2\/pages\/27016"}],"wp:attachment":[{"href":"https:\/\/www.afis.africa\/fr\/wp-json\/wp\/v2\/media?parent=30179"}],"curies":[{"name":"wp","href":"https:\/\/api.w.org\/{rel}","templated":true}]}}