{"id":29834,"date":"2025-09-13T13:32:13","date_gmt":"2025-09-13T13:32:13","guid":{"rendered":"https:\/\/www.afis.africa\/afis-tv\/impact-et-durabilite-playlist\/"},"modified":"2025-10-06T05:57:22","modified_gmt":"2025-10-06T05:57:22","slug":"playlist-impact-et-durabilite","status":"publish","type":"page","link":"https:\/\/www.afis.africa\/fr\/afis-tv\/playlist-impact-et-durabilite\/","title":{"rendered":"Playlist Impact et Durabilit\u00e9"},"content":{"rendered":"\t\t<div data-elementor-type=\"wp-page\" data-elementor-id=\"29834\" class=\"elementor elementor-29834 elementor-6356\" data-elementor-post-type=\"page\">\n\t\t\t\t<div class=\"elementor-element elementor-element-c6ddaea e-flex e-con-boxed e-con e-parent\" data-id=\"c6ddaea\" data-element_type=\"container\" data-e-type=\"container\" data-settings=\"{&quot;background_background&quot;:&quot;classic&quot;}\">\n\t\t\t\t\t<div class=\"e-con-inner\">\n\t\t\t\t<div class=\"elementor-element elementor-element-9be2465 elementor-widget__width-initial elementor-widget elementor-widget-text-editor\" data-id=\"9be2465\" data-element_type=\"widget\" data-e-type=\"widget\" data-widget_type=\"text-editor.default\">\n\t\t\t\t\t\t\t\t\t<p>En soutenant des m\u00e9canismes de financement climatique et en contribuant \u00e0 l\u2019\u00e9laboration de standards ESG adapt\u00e9s aux sp\u00e9cificit\u00e9s du continent, nous orientons les flux de capitaux vers des investissements \u00e0 fort impact, favorisant des projets durables et r\u00e9silients qui soutiennent le d\u00e9veloppement \u00e9conomique et la stabilit\u00e9 des communaut\u00e9s africaines. <\/p>\t\t\t\t\t\t\t\t<\/div>\n\t\t\t\t<div class=\"elementor-element elementor-element-eff187a elementor-grid-3 elementor-grid-tablet-2 elementor-grid-mobile-1 elementor-posts--thumbnail-top elementor-widget elementor-widget-posts\" data-id=\"eff187a\" data-element_type=\"widget\" data-e-type=\"widget\" data-settings=\"{&quot;pagination_type&quot;:&quot;load_more_infinite_scroll&quot;,&quot;classic_columns&quot;:&quot;3&quot;,&quot;classic_columns_tablet&quot;:&quot;2&quot;,&quot;classic_columns_mobile&quot;:&quot;1&quot;,&quot;classic_row_gap&quot;:{&quot;unit&quot;:&quot;px&quot;,&quot;size&quot;:35,&quot;sizes&quot;:[]},&quot;classic_row_gap_tablet&quot;:{&quot;unit&quot;:&quot;px&quot;,&quot;size&quot;:&quot;&quot;,&quot;sizes&quot;:[]},&quot;classic_row_gap_mobile&quot;:{&quot;unit&quot;:&quot;px&quot;,&quot;size&quot;:&quot;&quot;,&quot;sizes&quot;:[]},&quot;load_more_spinner&quot;:{&quot;value&quot;:&quot;fas fa-spinner&quot;,&quot;library&quot;:&quot;fa-solid&quot;}}\" data-widget_type=\"posts.classic\">\n\t\t\t\t<div class=\"elementor-widget-container\">\n\t\t\t\t\t\t\t<div class=\"elementor-posts-container elementor-posts elementor-posts--skin-classic elementor-grid\" role=\"list\">\n\t\t\t\t<article class=\"elementor-post elementor-grid-item post-5415 sby_videos type-sby_videos status-publish has-post-thumbnail hentry categorie-youtube-impact-sustainability\" role=\"listitem\">\n\t\t\t\t<a class=\"elementor-post__thumbnail__link\" href=\"https:\/\/www.afis.africa\/fr\/videos\/afis-2022-ve-unlocking-womens-financial-inclusion-in-africa\/\" tabindex=\"-1\" >\n\t\t\t<div class=\"elementor-post__thumbnail\"><img fetchpriority=\"high\" decoding=\"async\" width=\"300\" height=\"169\" src=\"https:\/\/www.afis.africa\/wp-content\/uploads\/2025\/09\/PjQSo82imNs-300x169.jpg\" class=\"attachment-medium size-medium wp-image-5416\" alt=\"\" srcset=\"https:\/\/www.afis.africa\/wp-content\/uploads\/2025\/09\/PjQSo82imNs-300x169.jpg 300w, https:\/\/www.afis.africa\/wp-content\/uploads\/2025\/09\/PjQSo82imNs-1024x576.jpg 1024w, https:\/\/www.afis.africa\/wp-content\/uploads\/2025\/09\/PjQSo82imNs-768x432.jpg 768w, https:\/\/www.afis.africa\/wp-content\/uploads\/2025\/09\/PjQSo82imNs.jpg 1280w\" sizes=\"(max-width: 300px) 100vw, 300px\" \/><\/div>\n\t\t<\/a>\n\t\t\t\t<div class=\"elementor-post__text\">\n\t\t\t\t<h3 class=\"elementor-post__title\">\n\t\t\t<a href=\"https:\/\/www.afis.africa\/fr\/videos\/afis-2022-ve-unlocking-womens-financial-inclusion-in-africa\/\" >\n\t\t\t\tAFIS 2022 (VE) &#8211; Unlocking Women&#8217;s Financial Inclusion in Africa\t\t\t<\/a>\n\t\t<\/h3>\n\t\t\t\t<div class=\"elementor-post__meta-data\">\n\t\t\t\t\t<span class=\"elementor-post-date\">\n\t\t\t24 janvier 2023\t\t<\/span>\n\t\t\t\t<\/div>\n\t\t\t\t<\/div>\n\t\t\t\t<\/article>\n\t\t\t\t<article class=\"elementor-post elementor-grid-item post-5492 sby_videos type-sby_videos status-publish has-post-thumbnail hentry categorie-youtube-impact-sustainability\" role=\"listitem\">\n\t\t\t\t<a class=\"elementor-post__thumbnail__link\" href=\"https:\/\/www.afis.africa\/fr\/videos\/afis-2022-vf-cop27-what-lessons-should-africas-financial-institutions-takeaway\/\" tabindex=\"-1\" >\n\t\t\t<div class=\"elementor-post__thumbnail\"><img decoding=\"async\" width=\"300\" height=\"169\" src=\"https:\/\/www.afis.africa\/wp-content\/uploads\/2025\/09\/HouuEKZLwvI-300x169.jpg\" class=\"attachment-medium size-medium wp-image-5493\" alt=\"\" srcset=\"https:\/\/www.afis.africa\/wp-content\/uploads\/2025\/09\/HouuEKZLwvI-300x169.jpg 300w, https:\/\/www.afis.africa\/wp-content\/uploads\/2025\/09\/HouuEKZLwvI-1024x576.jpg 1024w, https:\/\/www.afis.africa\/wp-content\/uploads\/2025\/09\/HouuEKZLwvI-768x432.jpg 768w, https:\/\/www.afis.africa\/wp-content\/uploads\/2025\/09\/HouuEKZLwvI.jpg 1280w\" sizes=\"(max-width: 300px) 100vw, 300px\" \/><\/div>\n\t\t<\/a>\n\t\t\t\t<div class=\"elementor-post__text\">\n\t\t\t\t<h3 class=\"elementor-post__title\">\n\t\t\t<a href=\"https:\/\/www.afis.africa\/fr\/videos\/afis-2022-vf-cop27-what-lessons-should-africas-financial-institutions-takeaway\/\" >\n\t\t\t\tAFIS 2022 (VF) &#8211; COP27 What lessons should Africa\u2019s financial institutions takeaway\t\t\t<\/a>\n\t\t<\/h3>\n\t\t\t\t<div class=\"elementor-post__meta-data\">\n\t\t\t\t\t<span class=\"elementor-post-date\">\n\t\t\t25 septembre 2025\t\t<\/span>\n\t\t\t\t<\/div>\n\t\t\t\t<\/div>\n\t\t\t\t<\/article>\n\t\t\t\t<article class=\"elementor-post elementor-grid-item post-5334 sby_videos type-sby_videos status-publish has-post-thumbnail hentry categorie-youtube-impact-sustainability\" role=\"listitem\">\n\t\t\t\t<a class=\"elementor-post__thumbnail__link\" href=\"https:\/\/www.afis.africa\/fr\/videos\/finance-et-transition-climatique-lafrique-future-championne-des-obligations-durables-partie-2\/\" tabindex=\"-1\" >\n\t\t\t<div class=\"elementor-post__thumbnail\"><img decoding=\"async\" width=\"300\" height=\"169\" src=\"https:\/\/www.afis.africa\/wp-content\/uploads\/2025\/09\/GQfNmY6-TKg-300x169.jpg\" class=\"attachment-medium size-medium wp-image-5335\" alt=\"\" srcset=\"https:\/\/www.afis.africa\/wp-content\/uploads\/2025\/09\/GQfNmY6-TKg-300x169.jpg 300w, https:\/\/www.afis.africa\/wp-content\/uploads\/2025\/09\/GQfNmY6-TKg-1024x576.jpg 1024w, https:\/\/www.afis.africa\/wp-content\/uploads\/2025\/09\/GQfNmY6-TKg-768x432.jpg 768w, https:\/\/www.afis.africa\/wp-content\/uploads\/2025\/09\/GQfNmY6-TKg.jpg 1280w\" sizes=\"(max-width: 300px) 100vw, 300px\" \/><\/div>\n\t\t<\/a>\n\t\t\t\t<div class=\"elementor-post__text\">\n\t\t\t\t<h3 class=\"elementor-post__title\">\n\t\t\t<a href=\"https:\/\/www.afis.africa\/fr\/videos\/finance-et-transition-climatique-lafrique-future-championne-des-obligations-durables-partie-2\/\" >\n\t\t\t\tFinance et Transition climatique l\u2019Afrique, future championne des obligations durables\u2009(Partie 2)\t\t\t<\/a>\n\t\t<\/h3>\n\t\t\t\t<div class=\"elementor-post__meta-data\">\n\t\t\t\t\t<span class=\"elementor-post-date\">\n\t\t\t30 novembre 2023\t\t<\/span>\n\t\t\t\t<\/div>\n\t\t\t\t<\/div>\n\t\t\t\t<\/article>\n\t\t\t\t<\/div>\n\t\t\t\t\t<span class=\"e-load-more-spinner\">\n\t\t\t\t<svg aria-hidden=\"true\" class=\"e-font-icon-svg e-fas-spinner\" viewBox=\"0 0 512 512\" xmlns=\"http:\/\/www.w3.org\/2000\/svg\"><path d=\"M304 48c0 26.51-21.49 48-48 48s-48-21.49-48-48 21.49-48 48-48 48 21.49 48 48zm-48 368c-26.51 0-48 21.49-48 48s21.49 48 48 48 48-21.49 48-48-21.49-48-48-48zm208-208c-26.51 0-48 21.49-48 48s21.49 48 48 48 48-21.49 48-48-21.49-48-48-48zM96 256c0-26.51-21.49-48-48-48S0 229.49 0 256s21.49 48 48 48 48-21.49 48-48zm12.922 99.078c-26.51 0-48 21.49-48 48s21.49 48 48 48 48-21.49 48-48c0-26.509-21.491-48-48-48zm294.156 0c-26.51 0-48 21.49-48 48s21.49 48 48 48 48-21.49 48-48c0-26.509-21.49-48-48-48zM108.922 60.922c-26.51 0-48 21.49-48 48s21.49 48 48 48 48-21.49 48-48-21.491-48-48-48z\"><\/path><\/svg>\t\t\t<\/span>\n\t\t\n\t\t\t\t<div class=\"e-load-more-anchor\" data-page=\"1\" data-max-page=\"7\" data-next-page=\"https:\/\/www.afis.africa\/fr\/wp-json\/wp\/v2\/pages\/29834\/page\/2\/\"><\/div>\n\t\t\t\t<div class=\"e-load-more-message\"><\/div>\n\t\t\t\t\t\t<\/div>\n\t\t\t\t<\/div>\n\t\t\t\t\t<\/div>\n\t\t\t\t<\/div>\n\t\t<div class=\"elementor-element elementor-element-539aedd0 e-flex e-con-boxed e-con e-parent\" data-id=\"539aedd0\" data-element_type=\"container\" data-e-type=\"container\">\n\t\t\t\t\t<div class=\"e-con-inner\">\n\t\t\t\t<div class=\"elementor-element elementor-element-7ab9170a ribbon-report elementor-widget elementor-widget-button\" data-id=\"7ab9170a\" data-element_type=\"widget\" data-e-type=\"widget\" data-widget_type=\"button.default\">\n\t\t\t\t\t\t\t\t\t\t<a class=\"elementor-button elementor-button-link elementor-size-sm\" href=\"https:\/\/www.afis.africa\/fr\/afis-tv\/\">\n\t\t\t\t\t\t<span class=\"elementor-button-content-wrapper\">\n\t\t\t\t\t\t\t\t\t<span class=\"elementor-button-text\">REGARDER PLUS DE VIDEOS SUR AFIS TV<\/span>\n\t\t\t\t\t<\/span>\n\t\t\t\t\t<\/a>\n\t\t\t\t\t\t\t\t<\/div>\n\t\t\t\t\t<\/div>\n\t\t\t\t<\/div>\n\t\t\t\t<\/div>\n\t\t","protected":false},"excerpt":{"rendered":"<p>En soutenant des m\u00e9canismes de financement climatique et en contribuant \u00e0 l\u2019\u00e9laboration de standards ESG adapt\u00e9s aux sp\u00e9cificit\u00e9s du continent, nous orientons les flux de<\/p>\n","protected":false},"author":3,"featured_media":0,"parent":27114,"menu_order":0,"comment_status":"closed","ping_status":"closed","template":"","meta":{"_acf_changed":false,"footnotes":""},"class_list":["post-29834","page","type-page","status-publish","hentry"],"acf":[],"yoast_head":"<!-- This site is optimized with the Yoast SEO plugin v27.3 - https:\/\/yoast.com\/product\/yoast-seo-wordpress\/ -->\n<title>Playlist Impact et Durabilit\u00e9 - The African Financial Summit Platform<\/title>\n<meta name=\"robots\" content=\"index, follow, max-snippet:-1, max-image-preview:large, max-video-preview:-1\" \/>\n<link rel=\"canonical\" href=\"https:\/\/www.afis.africa\/en\/afis-tv\/impact-sustainability-playlist\/\" \/>\n<meta property=\"og:locale\" content=\"fr_FR\" \/>\n<meta property=\"og:type\" content=\"article\" \/>\n<meta property=\"og:title\" content=\"Playlist Impact et Durabilit\u00e9 - The African Financial Summit Platform\" \/>\n<meta property=\"og:description\" content=\"En soutenant des m\u00e9canismes de financement climatique et en contribuant \u00e0 l\u2019\u00e9laboration de standards ESG adapt\u00e9s aux sp\u00e9cificit\u00e9s du continent, nous orientons les flux de\" \/>\n<meta property=\"og:url\" content=\"https:\/\/www.afis.africa\/en\/afis-tv\/impact-sustainability-playlist\/\" \/>\n<meta property=\"og:site_name\" content=\"The African Financial Summit Platform\" \/>\n<meta property=\"article:modified_time\" content=\"2025-10-06T05:57:22+00:00\" \/>\n<meta name=\"twitter:card\" content=\"summary_large_image\" \/>\n<script type=\"application\/ld+json\" class=\"yoast-schema-graph\">{\"@context\":\"https:\\\/\\\/schema.org\",\"@graph\":[{\"@type\":\"WebPage\",\"@id\":\"https:\\\/\\\/www.afis.africa\\\/en\\\/afis-tv\\\/impact-sustainability-playlist\\\/\",\"url\":\"https:\\\/\\\/www.afis.africa\\\/en\\\/afis-tv\\\/impact-sustainability-playlist\\\/\",\"name\":\"Playlist Impact et Durabilit\u00e9 - The African Financial Summit Platform\",\"isPartOf\":{\"@id\":\"https:\\\/\\\/www.afis.africa\\\/fr\\\/#website\"},\"datePublished\":\"2025-09-13T13:32:13+00:00\",\"dateModified\":\"2025-10-06T05:57:22+00:00\",\"breadcrumb\":{\"@id\":\"https:\\\/\\\/www.afis.africa\\\/en\\\/afis-tv\\\/impact-sustainability-playlist\\\/#breadcrumb\"},\"inLanguage\":\"fr-FR\",\"potentialAction\":[{\"@type\":\"ReadAction\",\"target\":[\"https:\\\/\\\/www.afis.africa\\\/en\\\/afis-tv\\\/impact-sustainability-playlist\\\/\"]}]},{\"@type\":\"BreadcrumbList\",\"@id\":\"https:\\\/\\\/www.afis.africa\\\/en\\\/afis-tv\\\/impact-sustainability-playlist\\\/#breadcrumb\",\"itemListElement\":[{\"@type\":\"ListItem\",\"position\":1,\"name\":\"Home\",\"item\":\"https:\\\/\\\/www.afis.africa\\\/fr\\\/\"},{\"@type\":\"ListItem\",\"position\":2,\"name\":\"AFIS TV\",\"item\":\"https:\\\/\\\/www.afis.africa\\\/en\\\/afis-tv\\\/\"},{\"@type\":\"ListItem\",\"position\":3,\"name\":\"Playlist Impact et Durabilit\u00e9\"}]},{\"@type\":\"WebSite\",\"@id\":\"https:\\\/\\\/www.afis.africa\\\/fr\\\/#website\",\"url\":\"https:\\\/\\\/www.afis.africa\\\/fr\\\/\",\"name\":\"The African Financial Summit Platform\",\"description\":\"\",\"publisher\":{\"@id\":\"https:\\\/\\\/www.afis.africa\\\/fr\\\/#organization\"},\"potentialAction\":[{\"@type\":\"SearchAction\",\"target\":{\"@type\":\"EntryPoint\",\"urlTemplate\":\"https:\\\/\\\/www.afis.africa\\\/fr\\\/?s={search_term_string}\"},\"query-input\":{\"@type\":\"PropertyValueSpecification\",\"valueRequired\":true,\"valueName\":\"search_term_string\"}}],\"inLanguage\":\"fr-FR\"},{\"@type\":\"Organization\",\"@id\":\"https:\\\/\\\/www.afis.africa\\\/fr\\\/#organization\",\"name\":\"The African Financial Summit Platform\",\"url\":\"https:\\\/\\\/www.afis.africa\\\/fr\\\/\",\"logo\":{\"@type\":\"ImageObject\",\"inLanguage\":\"fr-FR\",\"@id\":\"https:\\\/\\\/www.afis.africa\\\/fr\\\/#\\\/schema\\\/logo\\\/image\\\/\",\"url\":\"https:\\\/\\\/www.afis.africa\\\/wp-content\\\/uploads\\\/2022\\\/10\\\/cropped-AFIS-1-1.jpg\",\"contentUrl\":\"https:\\\/\\\/www.afis.africa\\\/wp-content\\\/uploads\\\/2022\\\/10\\\/cropped-AFIS-1-1.jpg\",\"width\":529,\"height\":191,\"caption\":\"The African Financial Summit Platform\"},\"image\":{\"@id\":\"https:\\\/\\\/www.afis.africa\\\/fr\\\/#\\\/schema\\\/logo\\\/image\\\/\"}}]}<\/script>\n<!-- \/ Yoast SEO plugin. -->","yoast_head_json":{"title":"Playlist Impact et Durabilit\u00e9 - The African Financial Summit Platform","robots":{"index":"index","follow":"follow","max-snippet":"max-snippet:-1","max-image-preview":"max-image-preview:large","max-video-preview":"max-video-preview:-1"},"canonical":"https:\/\/www.afis.africa\/en\/afis-tv\/impact-sustainability-playlist\/","og_locale":"fr_FR","og_type":"article","og_title":"Playlist Impact et Durabilit\u00e9 - The African Financial Summit Platform","og_description":"En soutenant des m\u00e9canismes de financement climatique et en contribuant \u00e0 l\u2019\u00e9laboration de standards ESG adapt\u00e9s aux sp\u00e9cificit\u00e9s du continent, nous orientons les flux de","og_url":"https:\/\/www.afis.africa\/en\/afis-tv\/impact-sustainability-playlist\/","og_site_name":"The African Financial Summit Platform","article_modified_time":"2025-10-06T05:57:22+00:00","twitter_card":"summary_large_image","schema":{"@context":"https:\/\/schema.org","@graph":[{"@type":"WebPage","@id":"https:\/\/www.afis.africa\/en\/afis-tv\/impact-sustainability-playlist\/","url":"https:\/\/www.afis.africa\/en\/afis-tv\/impact-sustainability-playlist\/","name":"Playlist Impact et Durabilit\u00e9 - The African Financial Summit Platform","isPartOf":{"@id":"https:\/\/www.afis.africa\/fr\/#website"},"datePublished":"2025-09-13T13:32:13+00:00","dateModified":"2025-10-06T05:57:22+00:00","breadcrumb":{"@id":"https:\/\/www.afis.africa\/en\/afis-tv\/impact-sustainability-playlist\/#breadcrumb"},"inLanguage":"fr-FR","potentialAction":[{"@type":"ReadAction","target":["https:\/\/www.afis.africa\/en\/afis-tv\/impact-sustainability-playlist\/"]}]},{"@type":"BreadcrumbList","@id":"https:\/\/www.afis.africa\/en\/afis-tv\/impact-sustainability-playlist\/#breadcrumb","itemListElement":[{"@type":"ListItem","position":1,"name":"Home","item":"https:\/\/www.afis.africa\/fr\/"},{"@type":"ListItem","position":2,"name":"AFIS TV","item":"https:\/\/www.afis.africa\/en\/afis-tv\/"},{"@type":"ListItem","position":3,"name":"Playlist Impact et Durabilit\u00e9"}]},{"@type":"WebSite","@id":"https:\/\/www.afis.africa\/fr\/#website","url":"https:\/\/www.afis.africa\/fr\/","name":"The African Financial Summit Platform","description":"","publisher":{"@id":"https:\/\/www.afis.africa\/fr\/#organization"},"potentialAction":[{"@type":"SearchAction","target":{"@type":"EntryPoint","urlTemplate":"https:\/\/www.afis.africa\/fr\/?s={search_term_string}"},"query-input":{"@type":"PropertyValueSpecification","valueRequired":true,"valueName":"search_term_string"}}],"inLanguage":"fr-FR"},{"@type":"Organization","@id":"https:\/\/www.afis.africa\/fr\/#organization","name":"The African Financial Summit Platform","url":"https:\/\/www.afis.africa\/fr\/","logo":{"@type":"ImageObject","inLanguage":"fr-FR","@id":"https:\/\/www.afis.africa\/fr\/#\/schema\/logo\/image\/","url":"https:\/\/www.afis.africa\/wp-content\/uploads\/2022\/10\/cropped-AFIS-1-1.jpg","contentUrl":"https:\/\/www.afis.africa\/wp-content\/uploads\/2022\/10\/cropped-AFIS-1-1.jpg","width":529,"height":191,"caption":"The African Financial Summit Platform"},"image":{"@id":"https:\/\/www.afis.africa\/fr\/#\/schema\/logo\/image\/"}}]}},"_links":{"self":[{"href":"https:\/\/www.afis.africa\/fr\/wp-json\/wp\/v2\/pages\/29834","targetHints":{"allow":["GET"]}}],"collection":[{"href":"https:\/\/www.afis.africa\/fr\/wp-json\/wp\/v2\/pages"}],"about":[{"href":"https:\/\/www.afis.africa\/fr\/wp-json\/wp\/v2\/types\/page"}],"author":[{"embeddable":true,"href":"https:\/\/www.afis.africa\/fr\/wp-json\/wp\/v2\/users\/3"}],"replies":[{"embeddable":true,"href":"https:\/\/www.afis.africa\/fr\/wp-json\/wp\/v2\/comments?post=29834"}],"version-history":[{"count":2,"href":"https:\/\/www.afis.africa\/fr\/wp-json\/wp\/v2\/pages\/29834\/revisions"}],"predecessor-version":[{"id":30185,"href":"https:\/\/www.afis.africa\/fr\/wp-json\/wp\/v2\/pages\/29834\/revisions\/30185"}],"up":[{"embeddable":true,"href":"https:\/\/www.afis.africa\/fr\/wp-json\/wp\/v2\/pages\/27114"}],"wp:attachment":[{"href":"https:\/\/www.afis.africa\/fr\/wp-json\/wp\/v2\/media?parent=29834"}],"curies":[{"name":"wp","href":"https:\/\/api.w.org\/{rel}","templated":true}]}}