{"id":29827,"date":"2025-09-13T13:28:21","date_gmt":"2025-09-13T13:28:21","guid":{"rendered":"https:\/\/www.afis.africa\/afis-tv\/services-financiers-numeriques-fintech\/"},"modified":"2025-10-06T05:58:23","modified_gmt":"2025-10-06T05:58:23","slug":"playlist-services-financiers-numeriques-fintech","status":"publish","type":"page","link":"https:\/\/www.afis.africa\/fr\/afis-tv\/playlist-services-financiers-numeriques-fintech\/","title":{"rendered":"Playlist Services financiers num\u00e9riques &amp; fintech"},"content":{"rendered":"\t\t<div data-elementor-type=\"wp-page\" data-elementor-id=\"29827\" class=\"elementor elementor-29827 elementor-6360\" data-elementor-post-type=\"page\">\n\t\t\t\t<div class=\"elementor-element elementor-element-c6ddaea e-flex e-con-boxed e-con e-parent\" data-id=\"c6ddaea\" data-element_type=\"container\" data-e-type=\"container\" data-settings=\"{&quot;background_background&quot;:&quot;classic&quot;}\">\n\t\t\t\t\t<div class=\"e-con-inner\">\n\t\t\t\t<div class=\"elementor-element elementor-element-9be2465 elementor-widget__width-initial elementor-widget elementor-widget-text-editor\" data-id=\"9be2465\" data-element_type=\"widget\" data-e-type=\"widget\" data-widget_type=\"text-editor.default\">\n\t\t\t\t\t\t\t\t\t<p>AFIS f\u00e9d\u00e8re les acteurs de la fintech, les r\u00e9gulateurs et les leaders du secteur pour exploiter le potentiel disruptif de la finance num\u00e9rique. En mettant l\u2019accent sur la finance d\u00e9centralis\u00e9e (DeFi), le microcr\u00e9dit, les micros-\u00e9pargnes et l\u2019intelligence artificielle, AFIS vise \u00e0 stimuler l\u2019inclusion financi\u00e8re et \u00e0 acc\u00e9l\u00e9rer le d\u00e9veloppement technologique \u00e0 travers le continent. <\/p>\t\t\t\t\t\t\t\t<\/div>\n\t\t\t\t<div class=\"elementor-element elementor-element-5930400 elementor-grid-3 elementor-grid-tablet-2 elementor-grid-mobile-1 elementor-posts--thumbnail-top elementor-widget elementor-widget-posts\" data-id=\"5930400\" data-element_type=\"widget\" data-e-type=\"widget\" data-settings=\"{&quot;pagination_type&quot;:&quot;load_more_infinite_scroll&quot;,&quot;classic_columns&quot;:&quot;3&quot;,&quot;classic_columns_tablet&quot;:&quot;2&quot;,&quot;classic_columns_mobile&quot;:&quot;1&quot;,&quot;classic_row_gap&quot;:{&quot;unit&quot;:&quot;px&quot;,&quot;size&quot;:35,&quot;sizes&quot;:[]},&quot;classic_row_gap_tablet&quot;:{&quot;unit&quot;:&quot;px&quot;,&quot;size&quot;:&quot;&quot;,&quot;sizes&quot;:[]},&quot;classic_row_gap_mobile&quot;:{&quot;unit&quot;:&quot;px&quot;,&quot;size&quot;:&quot;&quot;,&quot;sizes&quot;:[]},&quot;load_more_spinner&quot;:{&quot;value&quot;:&quot;fas fa-spinner&quot;,&quot;library&quot;:&quot;fa-solid&quot;}}\" data-widget_type=\"posts.classic\">\n\t\t\t\t<div class=\"elementor-widget-container\">\n\t\t\t\t\t\t\t<div class=\"elementor-posts-container elementor-posts elementor-posts--skin-classic elementor-grid\" role=\"list\">\n\t\t\t\t<article class=\"elementor-post elementor-grid-item post-5274 sby_videos type-sby_videos status-publish has-post-thumbnail hentry categorie-youtube-digital-financial-services-fintech\" role=\"listitem\">\n\t\t\t\t<a class=\"elementor-post__thumbnail__link\" href=\"https:\/\/www.afis.africa\/fr\/videos\/quelle-prochaine-etape-pour-les-investissements-de-la-silicon-valley-dans-les-fintechs-africaines\/\" tabindex=\"-1\" >\n\t\t\t<div class=\"elementor-post__thumbnail\"><img fetchpriority=\"high\" decoding=\"async\" width=\"300\" height=\"169\" src=\"https:\/\/www.afis.africa\/wp-content\/uploads\/2025\/09\/VAA-bmj-po8-300x169.jpg\" class=\"attachment-medium size-medium wp-image-5275\" alt=\"\" srcset=\"https:\/\/www.afis.africa\/wp-content\/uploads\/2025\/09\/VAA-bmj-po8-300x169.jpg 300w, https:\/\/www.afis.africa\/wp-content\/uploads\/2025\/09\/VAA-bmj-po8-1024x576.jpg 1024w, https:\/\/www.afis.africa\/wp-content\/uploads\/2025\/09\/VAA-bmj-po8-768x432.jpg 768w, https:\/\/www.afis.africa\/wp-content\/uploads\/2025\/09\/VAA-bmj-po8.jpg 1280w\" sizes=\"(max-width: 300px) 100vw, 300px\" \/><\/div>\n\t\t<\/a>\n\t\t\t\t<div class=\"elementor-post__text\">\n\t\t\t\t<h3 class=\"elementor-post__title\">\n\t\t\t<a href=\"https:\/\/www.afis.africa\/fr\/videos\/quelle-prochaine-etape-pour-les-investissements-de-la-silicon-valley-dans-les-fintechs-africaines\/\" >\n\t\t\t\tQuelle prochaine \u00e9tape pour les investissements de la Silicon Valley dans les fintechs africaines ?\t\t\t<\/a>\n\t\t<\/h3>\n\t\t\t\t<div class=\"elementor-post__meta-data\">\n\t\t\t\t\t<span class=\"elementor-post-date\">\n\t\t\t25 septembre 2025\t\t<\/span>\n\t\t\t\t<\/div>\n\t\t\t\t<\/div>\n\t\t\t\t<\/article>\n\t\t\t\t<article class=\"elementor-post elementor-grid-item post-5054 sby_videos type-sby_videos status-publish has-post-thumbnail hentry categorie-youtube-digital-financial-services-fintech\" role=\"listitem\">\n\t\t\t\t<a class=\"elementor-post__thumbnail__link\" href=\"https:\/\/www.afis.africa\/fr\/videos\/afis2021-les-regles-dor-de-la-transformation-digitale\/\" tabindex=\"-1\" >\n\t\t\t<div class=\"elementor-post__thumbnail\"><img decoding=\"async\" width=\"300\" height=\"169\" src=\"https:\/\/www.afis.africa\/wp-content\/uploads\/2025\/09\/oqSBx8lwiQU-300x169.jpg\" class=\"attachment-medium size-medium wp-image-5055\" alt=\"\" srcset=\"https:\/\/www.afis.africa\/wp-content\/uploads\/2025\/09\/oqSBx8lwiQU-300x169.jpg 300w, https:\/\/www.afis.africa\/wp-content\/uploads\/2025\/09\/oqSBx8lwiQU-1024x576.jpg 1024w, https:\/\/www.afis.africa\/wp-content\/uploads\/2025\/09\/oqSBx8lwiQU-768x432.jpg 768w, https:\/\/www.afis.africa\/wp-content\/uploads\/2025\/09\/oqSBx8lwiQU.jpg 1280w\" sizes=\"(max-width: 300px) 100vw, 300px\" \/><\/div>\n\t\t<\/a>\n\t\t\t\t<div class=\"elementor-post__text\">\n\t\t\t\t<h3 class=\"elementor-post__title\">\n\t\t\t<a href=\"https:\/\/www.afis.africa\/fr\/videos\/afis2021-les-regles-dor-de-la-transformation-digitale\/\" >\n\t\t\t\t#AFIS2021   Les r\u00e8gles d\u2019or de la transformation digitale\t\t\t<\/a>\n\t\t<\/h3>\n\t\t\t\t<div class=\"elementor-post__meta-data\">\n\t\t\t\t\t<span class=\"elementor-post-date\">\n\t\t\t11 ao\u00fbt 2022\t\t<\/span>\n\t\t\t\t<\/div>\n\t\t\t\t<\/div>\n\t\t\t\t<\/article>\n\t\t\t\t<article class=\"elementor-post elementor-grid-item post-5277 sby_videos type-sby_videos status-publish has-post-thumbnail hentry categorie-youtube-digital-financial-services-fintech\" role=\"listitem\">\n\t\t\t\t<a class=\"elementor-post__thumbnail__link\" href=\"https:\/\/www.afis.africa\/fr\/videos\/afis-2023-conversation-with-what-next-for-silicon-valleys-fintech-investments-in-africa\/\" tabindex=\"-1\" >\n\t\t\t<div class=\"elementor-post__thumbnail\"><img decoding=\"async\" width=\"300\" height=\"169\" src=\"https:\/\/www.afis.africa\/wp-content\/uploads\/2025\/09\/4LPEdXLywoA-300x169.jpg\" class=\"attachment-medium size-medium wp-image-5278\" alt=\"\" srcset=\"https:\/\/www.afis.africa\/wp-content\/uploads\/2025\/09\/4LPEdXLywoA-300x169.jpg 300w, https:\/\/www.afis.africa\/wp-content\/uploads\/2025\/09\/4LPEdXLywoA-1024x576.jpg 1024w, https:\/\/www.afis.africa\/wp-content\/uploads\/2025\/09\/4LPEdXLywoA-768x432.jpg 768w, https:\/\/www.afis.africa\/wp-content\/uploads\/2025\/09\/4LPEdXLywoA.jpg 1280w\" sizes=\"(max-width: 300px) 100vw, 300px\" \/><\/div>\n\t\t<\/a>\n\t\t\t\t<div class=\"elementor-post__text\">\n\t\t\t\t<h3 class=\"elementor-post__title\">\n\t\t\t<a href=\"https:\/\/www.afis.africa\/fr\/videos\/afis-2023-conversation-with-what-next-for-silicon-valleys-fintech-investments-in-africa\/\" >\n\t\t\t\tAFIS 2023 | Conversation With: What next for Silicon Valley\u2019s fintech investments in Africa?\t\t\t<\/a>\n\t\t<\/h3>\n\t\t\t\t<div class=\"elementor-post__meta-data\">\n\t\t\t\t\t<span class=\"elementor-post-date\">\n\t\t\t25 septembre 2025\t\t<\/span>\n\t\t\t\t<\/div>\n\t\t\t\t<\/div>\n\t\t\t\t<\/article>\n\t\t\t\t<\/div>\n\t\t\t\t\t<span class=\"e-load-more-spinner\">\n\t\t\t\t<svg aria-hidden=\"true\" class=\"e-font-icon-svg e-fas-spinner\" viewBox=\"0 0 512 512\" xmlns=\"http:\/\/www.w3.org\/2000\/svg\"><path d=\"M304 48c0 26.51-21.49 48-48 48s-48-21.49-48-48 21.49-48 48-48 48 21.49 48 48zm-48 368c-26.51 0-48 21.49-48 48s21.49 48 48 48 48-21.49 48-48-21.49-48-48-48zm208-208c-26.51 0-48 21.49-48 48s21.49 48 48 48 48-21.49 48-48-21.49-48-48-48zM96 256c0-26.51-21.49-48-48-48S0 229.49 0 256s21.49 48 48 48 48-21.49 48-48zm12.922 99.078c-26.51 0-48 21.49-48 48s21.49 48 48 48 48-21.49 48-48c0-26.509-21.491-48-48-48zm294.156 0c-26.51 0-48 21.49-48 48s21.49 48 48 48 48-21.49 48-48c0-26.509-21.49-48-48-48zM108.922 60.922c-26.51 0-48 21.49-48 48s21.49 48 48 48 48-21.49 48-48-21.491-48-48-48z\"><\/path><\/svg>\t\t\t<\/span>\n\t\t\n\t\t\t\t<div class=\"e-load-more-anchor\" data-page=\"1\" data-max-page=\"12\" data-next-page=\"https:\/\/www.afis.africa\/fr\/wp-json\/wp\/v2\/pages\/29827\/page\/2\/\"><\/div>\n\t\t\t\t<div class=\"e-load-more-message\"><\/div>\n\t\t\t\t\t\t<\/div>\n\t\t\t\t<\/div>\n\t\t\t\t\t<\/div>\n\t\t\t\t<\/div>\n\t\t<div class=\"elementor-element elementor-element-539addc0 e-flex e-con-boxed e-con e-parent\" data-id=\"539addc0\" data-element_type=\"container\" data-e-type=\"container\">\n\t\t\t\t\t<div class=\"e-con-inner\">\n\t\t\t\t<div class=\"elementor-element elementor-element-520b73a0 ribbon-report elementor-widget elementor-widget-button\" data-id=\"520b73a0\" data-element_type=\"widget\" data-e-type=\"widget\" data-widget_type=\"button.default\">\n\t\t\t\t\t\t\t\t\t\t<a class=\"elementor-button elementor-button-link elementor-size-sm\" href=\"https:\/\/www.afis.africa\/fr\/afis-tv\/\">\n\t\t\t\t\t\t<span class=\"elementor-button-content-wrapper\">\n\t\t\t\t\t\t\t\t\t<span class=\"elementor-button-text\">REGARDER PLUS DE VIDEOS SUR AFIS TV<\/span>\n\t\t\t\t\t<\/span>\n\t\t\t\t\t<\/a>\n\t\t\t\t\t\t\t\t<\/div>\n\t\t\t\t\t<\/div>\n\t\t\t\t<\/div>\n\t\t\t\t<\/div>\n\t\t","protected":false},"excerpt":{"rendered":"<p>AFIS f\u00e9d\u00e8re les acteurs de la fintech, les r\u00e9gulateurs et les leaders du secteur pour exploiter le potentiel disruptif de la finance num\u00e9rique. En mettant<\/p>\n","protected":false},"author":3,"featured_media":0,"parent":27114,"menu_order":0,"comment_status":"closed","ping_status":"closed","template":"","meta":{"_acf_changed":false,"footnotes":""},"class_list":["post-29827","page","type-page","status-publish","hentry"],"acf":[],"yoast_head":"<!-- This site is optimized with the Yoast SEO plugin v27.3 - https:\/\/yoast.com\/product\/yoast-seo-wordpress\/ -->\n<title>Playlist Services financiers num\u00e9riques &amp; fintech - The African Financial Summit Platform<\/title>\n<meta name=\"robots\" content=\"index, follow, max-snippet:-1, max-image-preview:large, max-video-preview:-1\" \/>\n<link rel=\"canonical\" href=\"https:\/\/www.afis.africa\/en\/afis-tv\/digital-financial-services-fintech-playlist\/\" \/>\n<meta property=\"og:locale\" content=\"fr_FR\" \/>\n<meta property=\"og:type\" content=\"article\" \/>\n<meta property=\"og:title\" content=\"Playlist Services financiers num\u00e9riques &amp; fintech - The African Financial Summit Platform\" \/>\n<meta property=\"og:description\" content=\"AFIS f\u00e9d\u00e8re les acteurs de la fintech, les r\u00e9gulateurs et les leaders du secteur pour exploiter le potentiel disruptif de la finance num\u00e9rique. En mettant\" \/>\n<meta property=\"og:url\" content=\"https:\/\/www.afis.africa\/en\/afis-tv\/digital-financial-services-fintech-playlist\/\" \/>\n<meta property=\"og:site_name\" content=\"The African Financial Summit Platform\" \/>\n<meta property=\"article:modified_time\" content=\"2025-10-06T05:58:23+00:00\" \/>\n<meta name=\"twitter:card\" content=\"summary_large_image\" \/>\n<script type=\"application\/ld+json\" class=\"yoast-schema-graph\">{\"@context\":\"https:\\\/\\\/schema.org\",\"@graph\":[{\"@type\":\"WebPage\",\"@id\":\"https:\\\/\\\/www.afis.africa\\\/en\\\/afis-tv\\\/digital-financial-services-fintech-playlist\\\/\",\"url\":\"https:\\\/\\\/www.afis.africa\\\/en\\\/afis-tv\\\/digital-financial-services-fintech-playlist\\\/\",\"name\":\"Playlist Services financiers num\u00e9riques &amp; fintech - The African Financial Summit Platform\",\"isPartOf\":{\"@id\":\"https:\\\/\\\/www.afis.africa\\\/fr\\\/#website\"},\"datePublished\":\"2025-09-13T13:28:21+00:00\",\"dateModified\":\"2025-10-06T05:58:23+00:00\",\"breadcrumb\":{\"@id\":\"https:\\\/\\\/www.afis.africa\\\/en\\\/afis-tv\\\/digital-financial-services-fintech-playlist\\\/#breadcrumb\"},\"inLanguage\":\"fr-FR\",\"potentialAction\":[{\"@type\":\"ReadAction\",\"target\":[\"https:\\\/\\\/www.afis.africa\\\/en\\\/afis-tv\\\/digital-financial-services-fintech-playlist\\\/\"]}]},{\"@type\":\"BreadcrumbList\",\"@id\":\"https:\\\/\\\/www.afis.africa\\\/en\\\/afis-tv\\\/digital-financial-services-fintech-playlist\\\/#breadcrumb\",\"itemListElement\":[{\"@type\":\"ListItem\",\"position\":1,\"name\":\"Home\",\"item\":\"https:\\\/\\\/www.afis.africa\\\/fr\\\/\"},{\"@type\":\"ListItem\",\"position\":2,\"name\":\"AFIS TV\",\"item\":\"https:\\\/\\\/www.afis.africa\\\/en\\\/afis-tv\\\/\"},{\"@type\":\"ListItem\",\"position\":3,\"name\":\"Playlist Services financiers num\u00e9riques &amp; fintech\"}]},{\"@type\":\"WebSite\",\"@id\":\"https:\\\/\\\/www.afis.africa\\\/fr\\\/#website\",\"url\":\"https:\\\/\\\/www.afis.africa\\\/fr\\\/\",\"name\":\"The African Financial Summit Platform\",\"description\":\"\",\"publisher\":{\"@id\":\"https:\\\/\\\/www.afis.africa\\\/fr\\\/#organization\"},\"potentialAction\":[{\"@type\":\"SearchAction\",\"target\":{\"@type\":\"EntryPoint\",\"urlTemplate\":\"https:\\\/\\\/www.afis.africa\\\/fr\\\/?s={search_term_string}\"},\"query-input\":{\"@type\":\"PropertyValueSpecification\",\"valueRequired\":true,\"valueName\":\"search_term_string\"}}],\"inLanguage\":\"fr-FR\"},{\"@type\":\"Organization\",\"@id\":\"https:\\\/\\\/www.afis.africa\\\/fr\\\/#organization\",\"name\":\"The African Financial Summit Platform\",\"url\":\"https:\\\/\\\/www.afis.africa\\\/fr\\\/\",\"logo\":{\"@type\":\"ImageObject\",\"inLanguage\":\"fr-FR\",\"@id\":\"https:\\\/\\\/www.afis.africa\\\/fr\\\/#\\\/schema\\\/logo\\\/image\\\/\",\"url\":\"https:\\\/\\\/www.afis.africa\\\/wp-content\\\/uploads\\\/2022\\\/10\\\/cropped-AFIS-1-1.jpg\",\"contentUrl\":\"https:\\\/\\\/www.afis.africa\\\/wp-content\\\/uploads\\\/2022\\\/10\\\/cropped-AFIS-1-1.jpg\",\"width\":529,\"height\":191,\"caption\":\"The African Financial Summit Platform\"},\"image\":{\"@id\":\"https:\\\/\\\/www.afis.africa\\\/fr\\\/#\\\/schema\\\/logo\\\/image\\\/\"}}]}<\/script>\n<!-- \/ Yoast SEO plugin. -->","yoast_head_json":{"title":"Playlist Services financiers num\u00e9riques &amp; fintech - The African Financial Summit Platform","robots":{"index":"index","follow":"follow","max-snippet":"max-snippet:-1","max-image-preview":"max-image-preview:large","max-video-preview":"max-video-preview:-1"},"canonical":"https:\/\/www.afis.africa\/en\/afis-tv\/digital-financial-services-fintech-playlist\/","og_locale":"fr_FR","og_type":"article","og_title":"Playlist Services financiers num\u00e9riques &amp; fintech - The African Financial Summit Platform","og_description":"AFIS f\u00e9d\u00e8re les acteurs de la fintech, les r\u00e9gulateurs et les leaders du secteur pour exploiter le potentiel disruptif de la finance num\u00e9rique. En mettant","og_url":"https:\/\/www.afis.africa\/en\/afis-tv\/digital-financial-services-fintech-playlist\/","og_site_name":"The African Financial Summit Platform","article_modified_time":"2025-10-06T05:58:23+00:00","twitter_card":"summary_large_image","schema":{"@context":"https:\/\/schema.org","@graph":[{"@type":"WebPage","@id":"https:\/\/www.afis.africa\/en\/afis-tv\/digital-financial-services-fintech-playlist\/","url":"https:\/\/www.afis.africa\/en\/afis-tv\/digital-financial-services-fintech-playlist\/","name":"Playlist Services financiers num\u00e9riques &amp; fintech - The African Financial Summit Platform","isPartOf":{"@id":"https:\/\/www.afis.africa\/fr\/#website"},"datePublished":"2025-09-13T13:28:21+00:00","dateModified":"2025-10-06T05:58:23+00:00","breadcrumb":{"@id":"https:\/\/www.afis.africa\/en\/afis-tv\/digital-financial-services-fintech-playlist\/#breadcrumb"},"inLanguage":"fr-FR","potentialAction":[{"@type":"ReadAction","target":["https:\/\/www.afis.africa\/en\/afis-tv\/digital-financial-services-fintech-playlist\/"]}]},{"@type":"BreadcrumbList","@id":"https:\/\/www.afis.africa\/en\/afis-tv\/digital-financial-services-fintech-playlist\/#breadcrumb","itemListElement":[{"@type":"ListItem","position":1,"name":"Home","item":"https:\/\/www.afis.africa\/fr\/"},{"@type":"ListItem","position":2,"name":"AFIS TV","item":"https:\/\/www.afis.africa\/en\/afis-tv\/"},{"@type":"ListItem","position":3,"name":"Playlist Services financiers num\u00e9riques &amp; fintech"}]},{"@type":"WebSite","@id":"https:\/\/www.afis.africa\/fr\/#website","url":"https:\/\/www.afis.africa\/fr\/","name":"The African Financial Summit Platform","description":"","publisher":{"@id":"https:\/\/www.afis.africa\/fr\/#organization"},"potentialAction":[{"@type":"SearchAction","target":{"@type":"EntryPoint","urlTemplate":"https:\/\/www.afis.africa\/fr\/?s={search_term_string}"},"query-input":{"@type":"PropertyValueSpecification","valueRequired":true,"valueName":"search_term_string"}}],"inLanguage":"fr-FR"},{"@type":"Organization","@id":"https:\/\/www.afis.africa\/fr\/#organization","name":"The African Financial Summit Platform","url":"https:\/\/www.afis.africa\/fr\/","logo":{"@type":"ImageObject","inLanguage":"fr-FR","@id":"https:\/\/www.afis.africa\/fr\/#\/schema\/logo\/image\/","url":"https:\/\/www.afis.africa\/wp-content\/uploads\/2022\/10\/cropped-AFIS-1-1.jpg","contentUrl":"https:\/\/www.afis.africa\/wp-content\/uploads\/2022\/10\/cropped-AFIS-1-1.jpg","width":529,"height":191,"caption":"The African Financial Summit Platform"},"image":{"@id":"https:\/\/www.afis.africa\/fr\/#\/schema\/logo\/image\/"}}]}},"_links":{"self":[{"href":"https:\/\/www.afis.africa\/fr\/wp-json\/wp\/v2\/pages\/29827","targetHints":{"allow":["GET"]}}],"collection":[{"href":"https:\/\/www.afis.africa\/fr\/wp-json\/wp\/v2\/pages"}],"about":[{"href":"https:\/\/www.afis.africa\/fr\/wp-json\/wp\/v2\/types\/page"}],"author":[{"embeddable":true,"href":"https:\/\/www.afis.africa\/fr\/wp-json\/wp\/v2\/users\/3"}],"replies":[{"embeddable":true,"href":"https:\/\/www.afis.africa\/fr\/wp-json\/wp\/v2\/comments?post=29827"}],"version-history":[{"count":2,"href":"https:\/\/www.afis.africa\/fr\/wp-json\/wp\/v2\/pages\/29827\/revisions"}],"predecessor-version":[{"id":30187,"href":"https:\/\/www.afis.africa\/fr\/wp-json\/wp\/v2\/pages\/29827\/revisions\/30187"}],"up":[{"embeddable":true,"href":"https:\/\/www.afis.africa\/fr\/wp-json\/wp\/v2\/pages\/27114"}],"wp:attachment":[{"href":"https:\/\/www.afis.africa\/fr\/wp-json\/wp\/v2\/media?parent=29827"}],"curies":[{"name":"wp","href":"https:\/\/api.w.org\/{rel}","templated":true}]}}