{"id":29825,"date":"2025-09-13T13:27:38","date_gmt":"2025-09-13T13:27:38","guid":{"rendered":"https:\/\/www.afis.africa\/afis-tv\/enjeux-de-la-banque-commerciale\/"},"modified":"2025-10-06T05:35:09","modified_gmt":"2025-10-06T05:35:09","slug":"playlist-enjeux-de-la-banque-commerciale","status":"publish","type":"page","link":"https:\/\/www.afis.africa\/fr\/afis-tv\/playlist-enjeux-de-la-banque-commerciale\/","title":{"rendered":"Playlist Enjeux de la banque commerciale"},"content":{"rendered":"\t\t<div data-elementor-type=\"wp-page\" data-elementor-id=\"29825\" class=\"elementor elementor-29825 elementor-6361\" data-elementor-post-type=\"page\">\n\t\t\t\t<div class=\"elementor-element elementor-element-c6ddaea e-flex e-con-boxed e-con e-parent\" data-id=\"c6ddaea\" data-element_type=\"container\" data-e-type=\"container\" data-settings=\"{&quot;background_background&quot;:&quot;classic&quot;}\">\n\t\t\t\t\t<div class=\"e-con-inner\">\n\t\t\t\t<div class=\"elementor-element elementor-element-9be2465 elementor-widget__width-initial elementor-widget elementor-widget-text-editor\" data-id=\"9be2465\" data-element_type=\"widget\" data-e-type=\"widget\" data-widget_type=\"text-editor.default\">\n\t\t\t\t\t\t\t\t\t<p>L\u2019objectif est de renforcer la solidit\u00e9 du secteur bancaire en associant banquiers, d\u00e9cideurs et innovateurs. Cela passe par l\u2019am\u00e9lioration de la gestion des risques et l&#8217;exploitation des donn\u00e9es massives et ouvertes. L\u2019enjeu est de b\u00e2tir un secteur bancaire agile, s\u00e9curis\u00e9 et ax\u00e9 sur les donn\u00e9es, capable de soutenir la croissance, de favoriser l\u2019inclusion et de renforcer la confiance \u00e0 l\u2019\u00e9chelle du continent. <\/p>\t\t\t\t\t\t\t\t<\/div>\n\t\t\t\t<div class=\"elementor-element elementor-element-5ab9135 elementor-grid-3 elementor-grid-tablet-2 elementor-grid-mobile-1 elementor-posts--thumbnail-top elementor-widget elementor-widget-posts\" data-id=\"5ab9135\" data-element_type=\"widget\" data-e-type=\"widget\" data-settings=\"{&quot;pagination_type&quot;:&quot;load_more_infinite_scroll&quot;,&quot;classic_columns&quot;:&quot;3&quot;,&quot;classic_columns_tablet&quot;:&quot;2&quot;,&quot;classic_columns_mobile&quot;:&quot;1&quot;,&quot;classic_row_gap&quot;:{&quot;unit&quot;:&quot;px&quot;,&quot;size&quot;:35,&quot;sizes&quot;:[]},&quot;classic_row_gap_tablet&quot;:{&quot;unit&quot;:&quot;px&quot;,&quot;size&quot;:&quot;&quot;,&quot;sizes&quot;:[]},&quot;classic_row_gap_mobile&quot;:{&quot;unit&quot;:&quot;px&quot;,&quot;size&quot;:&quot;&quot;,&quot;sizes&quot;:[]},&quot;load_more_spinner&quot;:{&quot;value&quot;:&quot;fas fa-spinner&quot;,&quot;library&quot;:&quot;fa-solid&quot;}}\" data-widget_type=\"posts.classic\">\n\t\t\t\t<div class=\"elementor-widget-container\">\n\t\t\t\t\t\t\t<div class=\"elementor-posts-container elementor-posts elementor-posts--skin-classic elementor-grid\" role=\"list\">\n\t\t\t\t<article class=\"elementor-post elementor-grid-item post-4958 sby_videos type-sby_videos status-publish has-post-thumbnail hentry categorie-youtube-commercial-banking-outlook\" role=\"listitem\">\n\t\t\t\t<a class=\"elementor-post__thumbnail__link\" href=\"https:\/\/www.afis.africa\/fr\/videos\/webinar%f0%9f%96%a5%ef%b8%8f%f0%9f%92%a1-top300-banks-growth-digital-revolution-new-players-2\/\" tabindex=\"-1\" >\n\t\t\t<div class=\"elementor-post__thumbnail\"><img fetchpriority=\"high\" decoding=\"async\" width=\"300\" height=\"225\" src=\"https:\/\/www.afis.africa\/wp-content\/uploads\/2025\/09\/az-bxKJV6TI-300x225.jpg\" class=\"attachment-medium size-medium wp-image-4959\" alt=\"\" srcset=\"https:\/\/www.afis.africa\/wp-content\/uploads\/2025\/09\/az-bxKJV6TI-300x225.jpg 300w, https:\/\/www.afis.africa\/wp-content\/uploads\/2025\/09\/az-bxKJV6TI.jpg 480w\" sizes=\"(max-width: 300px) 100vw, 300px\" \/><\/div>\n\t\t<\/a>\n\t\t\t\t<div class=\"elementor-post__text\">\n\t\t\t\t<h3 class=\"elementor-post__title\">\n\t\t\t<a href=\"https:\/\/www.afis.africa\/fr\/videos\/webinar%f0%9f%96%a5%ef%b8%8f%f0%9f%92%a1-top300-banks-growth-digital-revolution-new-players-2\/\" >\n\t\t\t\t[WEBINAR\ud83d\udda5\ufe0f\ud83d\udca1] TOP300 Banks &#8211; Growth, digital revolution, new players\t\t\t<\/a>\n\t\t<\/h3>\n\t\t\t\t<div class=\"elementor-post__meta-data\">\n\t\t\t\t\t<span class=\"elementor-post-date\">\n\t\t\t14 octobre 2022\t\t<\/span>\n\t\t\t\t<\/div>\n\t\t\t\t<\/div>\n\t\t\t\t<\/article>\n\t\t\t\t<article class=\"elementor-post elementor-grid-item post-5498 sby_videos type-sby_videos status-publish has-post-thumbnail hentry categorie-youtube-commercial-banking-outlook\" role=\"listitem\">\n\t\t\t\t<a class=\"elementor-post__thumbnail__link\" href=\"https:\/\/www.afis.africa\/fr\/videos\/afis-2022-vf-msme-finance-finding-the-right-recipe-to-fill-the-funding-shortfall\/\" tabindex=\"-1\" >\n\t\t\t<div class=\"elementor-post__thumbnail\"><img decoding=\"async\" width=\"300\" height=\"169\" src=\"https:\/\/www.afis.africa\/wp-content\/uploads\/2025\/09\/7JJpiCG0JPc-300x169.jpg\" class=\"attachment-medium size-medium wp-image-5499\" alt=\"\" srcset=\"https:\/\/www.afis.africa\/wp-content\/uploads\/2025\/09\/7JJpiCG0JPc-300x169.jpg 300w, https:\/\/www.afis.africa\/wp-content\/uploads\/2025\/09\/7JJpiCG0JPc-1024x576.jpg 1024w, https:\/\/www.afis.africa\/wp-content\/uploads\/2025\/09\/7JJpiCG0JPc-768x432.jpg 768w, https:\/\/www.afis.africa\/wp-content\/uploads\/2025\/09\/7JJpiCG0JPc.jpg 1280w\" sizes=\"(max-width: 300px) 100vw, 300px\" \/><\/div>\n\t\t<\/a>\n\t\t\t\t<div class=\"elementor-post__text\">\n\t\t\t\t<h3 class=\"elementor-post__title\">\n\t\t\t<a href=\"https:\/\/www.afis.africa\/fr\/videos\/afis-2022-vf-msme-finance-finding-the-right-recipe-to-fill-the-funding-shortfall\/\" >\n\t\t\t\tAFIS 2022 (VF) &#8211; MSME Finance Finding the right recipe to fill the funding shortfall\t\t\t<\/a>\n\t\t<\/h3>\n\t\t\t\t<div class=\"elementor-post__meta-data\">\n\t\t\t\t\t<span class=\"elementor-post-date\">\n\t\t\t25 septembre 2025\t\t<\/span>\n\t\t\t\t<\/div>\n\t\t\t\t<\/div>\n\t\t\t\t<\/article>\n\t\t\t\t<article class=\"elementor-post elementor-grid-item post-5352 sby_videos type-sby_videos status-publish has-post-thumbnail hentry categorie-youtube-commercial-banking-outlook\" role=\"listitem\">\n\t\t\t\t<a class=\"elementor-post__thumbnail__link\" href=\"https:\/\/www.afis.africa\/fr\/videos\/afis-2023-conversation-with-jeremy-awori-ceo-du-groupe-ecobank-serge-ekue-president-boad\/\" tabindex=\"-1\" >\n\t\t\t<div class=\"elementor-post__thumbnail\"><img decoding=\"async\" width=\"300\" height=\"169\" src=\"https:\/\/www.afis.africa\/wp-content\/uploads\/2025\/09\/M25lFk-iB4s-300x169.jpg\" class=\"attachment-medium size-medium wp-image-5353\" alt=\"\" srcset=\"https:\/\/www.afis.africa\/wp-content\/uploads\/2025\/09\/M25lFk-iB4s-300x169.jpg 300w, https:\/\/www.afis.africa\/wp-content\/uploads\/2025\/09\/M25lFk-iB4s-1024x576.jpg 1024w, https:\/\/www.afis.africa\/wp-content\/uploads\/2025\/09\/M25lFk-iB4s-768x432.jpg 768w, https:\/\/www.afis.africa\/wp-content\/uploads\/2025\/09\/M25lFk-iB4s.jpg 1280w\" sizes=\"(max-width: 300px) 100vw, 300px\" \/><\/div>\n\t\t<\/a>\n\t\t\t\t<div class=\"elementor-post__text\">\n\t\t\t\t<h3 class=\"elementor-post__title\">\n\t\t\t<a href=\"https:\/\/www.afis.africa\/fr\/videos\/afis-2023-conversation-with-jeremy-awori-ceo-du-groupe-ecobank-serge-ekue-president-boad\/\" >\n\t\t\t\tAFIS 2023 | CONVERSATION WITH | Jeremy AWORI, CEO du groupe, Ecobank &#038; Serge Eku\u00e9, Pr\u00e9sident, BOAD\t\t\t<\/a>\n\t\t<\/h3>\n\t\t\t\t<div class=\"elementor-post__meta-data\">\n\t\t\t\t\t<span class=\"elementor-post-date\">\n\t\t\t30 novembre 2023\t\t<\/span>\n\t\t\t\t<\/div>\n\t\t\t\t<\/div>\n\t\t\t\t<\/article>\n\t\t\t\t<\/div>\n\t\t\t\t\t<span class=\"e-load-more-spinner\">\n\t\t\t\t<svg aria-hidden=\"true\" class=\"e-font-icon-svg e-fas-spinner\" viewBox=\"0 0 512 512\" xmlns=\"http:\/\/www.w3.org\/2000\/svg\"><path d=\"M304 48c0 26.51-21.49 48-48 48s-48-21.49-48-48 21.49-48 48-48 48 21.49 48 48zm-48 368c-26.51 0-48 21.49-48 48s21.49 48 48 48 48-21.49 48-48-21.49-48-48-48zm208-208c-26.51 0-48 21.49-48 48s21.49 48 48 48 48-21.49 48-48-21.49-48-48-48zM96 256c0-26.51-21.49-48-48-48S0 229.49 0 256s21.49 48 48 48 48-21.49 48-48zm12.922 99.078c-26.51 0-48 21.49-48 48s21.49 48 48 48 48-21.49 48-48c0-26.509-21.491-48-48-48zm294.156 0c-26.51 0-48 21.49-48 48s21.49 48 48 48 48-21.49 48-48c0-26.509-21.49-48-48-48zM108.922 60.922c-26.51 0-48 21.49-48 48s21.49 48 48 48 48-21.49 48-48-21.491-48-48-48z\"><\/path><\/svg>\t\t\t<\/span>\n\t\t\n\t\t\t\t<div class=\"e-load-more-anchor\" data-page=\"1\" data-max-page=\"12\" data-next-page=\"https:\/\/www.afis.africa\/fr\/wp-json\/wp\/v2\/pages\/29825\/page\/2\/\"><\/div>\n\t\t\t\t<div class=\"e-load-more-message\"><\/div>\n\t\t\t\t\t\t<\/div>\n\t\t\t\t<\/div>\n\t\t\t\t\t<\/div>\n\t\t\t\t<\/div>\n\t\t<div class=\"elementor-element elementor-element-2df0d33 e-flex e-con-boxed e-con e-parent\" data-id=\"2df0d33\" data-element_type=\"container\" data-e-type=\"container\">\n\t\t\t\t\t<div class=\"e-con-inner\">\n\t\t\t\t<div class=\"elementor-element elementor-element-6e6beb9d ribbon-report elementor-widget elementor-widget-button\" data-id=\"6e6beb9d\" data-element_type=\"widget\" data-e-type=\"widget\" data-widget_type=\"button.default\">\n\t\t\t\t\t\t\t\t\t\t<a class=\"elementor-button elementor-button-link elementor-size-sm\" href=\"https:\/\/www.afis.africa\/fr\/afis-tv\/\">\n\t\t\t\t\t\t<span class=\"elementor-button-content-wrapper\">\n\t\t\t\t\t\t\t\t\t<span class=\"elementor-button-text\">REGARDER PLUS DE VIDEOS SUR AFIS TV<\/span>\n\t\t\t\t\t<\/span>\n\t\t\t\t\t<\/a>\n\t\t\t\t\t\t\t\t<\/div>\n\t\t\t\t\t<\/div>\n\t\t\t\t<\/div>\n\t\t\t\t<\/div>\n\t\t","protected":false},"excerpt":{"rendered":"<p>L\u2019objectif est de renforcer la solidit\u00e9 du secteur bancaire en associant banquiers, d\u00e9cideurs et innovateurs. Cela passe par l\u2019am\u00e9lioration de la gestion des risques et<\/p>\n","protected":false},"author":3,"featured_media":0,"parent":27114,"menu_order":0,"comment_status":"closed","ping_status":"closed","template":"","meta":{"_acf_changed":false,"footnotes":""},"class_list":["post-29825","page","type-page","status-publish","hentry"],"acf":[],"yoast_head":"<!-- This site is optimized with the Yoast SEO plugin v27.3 - https:\/\/yoast.com\/product\/yoast-seo-wordpress\/ -->\n<title>Playlist Enjeux de la banque commerciale - The African Financial Summit Platform<\/title>\n<meta name=\"robots\" content=\"index, follow, max-snippet:-1, max-image-preview:large, max-video-preview:-1\" \/>\n<link rel=\"canonical\" href=\"https:\/\/www.afis.africa\/en\/afis-tv\/commercial-banking-outlook-playlist\/\" \/>\n<meta property=\"og:locale\" content=\"fr_FR\" \/>\n<meta property=\"og:type\" content=\"article\" \/>\n<meta property=\"og:title\" content=\"Playlist Enjeux de la banque commerciale - The African Financial Summit Platform\" \/>\n<meta property=\"og:description\" content=\"L\u2019objectif est de renforcer la solidit\u00e9 du secteur bancaire en associant banquiers, d\u00e9cideurs et innovateurs. Cela passe par l\u2019am\u00e9lioration de la gestion des risques et\" \/>\n<meta property=\"og:url\" content=\"https:\/\/www.afis.africa\/en\/afis-tv\/commercial-banking-outlook-playlist\/\" \/>\n<meta property=\"og:site_name\" content=\"The African Financial Summit Platform\" \/>\n<meta property=\"article:modified_time\" content=\"2025-10-06T05:35:09+00:00\" \/>\n<meta name=\"twitter:card\" content=\"summary_large_image\" \/>\n<script type=\"application\/ld+json\" class=\"yoast-schema-graph\">{\"@context\":\"https:\\\/\\\/schema.org\",\"@graph\":[{\"@type\":\"WebPage\",\"@id\":\"https:\\\/\\\/www.afis.africa\\\/en\\\/afis-tv\\\/commercial-banking-outlook-playlist\\\/\",\"url\":\"https:\\\/\\\/www.afis.africa\\\/en\\\/afis-tv\\\/commercial-banking-outlook-playlist\\\/\",\"name\":\"Playlist Enjeux de la banque commerciale - The African Financial Summit Platform\",\"isPartOf\":{\"@id\":\"https:\\\/\\\/www.afis.africa\\\/fr\\\/#website\"},\"datePublished\":\"2025-09-13T13:27:38+00:00\",\"dateModified\":\"2025-10-06T05:35:09+00:00\",\"breadcrumb\":{\"@id\":\"https:\\\/\\\/www.afis.africa\\\/en\\\/afis-tv\\\/commercial-banking-outlook-playlist\\\/#breadcrumb\"},\"inLanguage\":\"fr-FR\",\"potentialAction\":[{\"@type\":\"ReadAction\",\"target\":[\"https:\\\/\\\/www.afis.africa\\\/en\\\/afis-tv\\\/commercial-banking-outlook-playlist\\\/\"]}]},{\"@type\":\"BreadcrumbList\",\"@id\":\"https:\\\/\\\/www.afis.africa\\\/en\\\/afis-tv\\\/commercial-banking-outlook-playlist\\\/#breadcrumb\",\"itemListElement\":[{\"@type\":\"ListItem\",\"position\":1,\"name\":\"Home\",\"item\":\"https:\\\/\\\/www.afis.africa\\\/fr\\\/\"},{\"@type\":\"ListItem\",\"position\":2,\"name\":\"AFIS TV\",\"item\":\"https:\\\/\\\/www.afis.africa\\\/en\\\/afis-tv\\\/\"},{\"@type\":\"ListItem\",\"position\":3,\"name\":\"Playlist Enjeux de la banque commerciale\"}]},{\"@type\":\"WebSite\",\"@id\":\"https:\\\/\\\/www.afis.africa\\\/fr\\\/#website\",\"url\":\"https:\\\/\\\/www.afis.africa\\\/fr\\\/\",\"name\":\"The African Financial Summit Platform\",\"description\":\"\",\"publisher\":{\"@id\":\"https:\\\/\\\/www.afis.africa\\\/fr\\\/#organization\"},\"potentialAction\":[{\"@type\":\"SearchAction\",\"target\":{\"@type\":\"EntryPoint\",\"urlTemplate\":\"https:\\\/\\\/www.afis.africa\\\/fr\\\/?s={search_term_string}\"},\"query-input\":{\"@type\":\"PropertyValueSpecification\",\"valueRequired\":true,\"valueName\":\"search_term_string\"}}],\"inLanguage\":\"fr-FR\"},{\"@type\":\"Organization\",\"@id\":\"https:\\\/\\\/www.afis.africa\\\/fr\\\/#organization\",\"name\":\"The African Financial Summit Platform\",\"url\":\"https:\\\/\\\/www.afis.africa\\\/fr\\\/\",\"logo\":{\"@type\":\"ImageObject\",\"inLanguage\":\"fr-FR\",\"@id\":\"https:\\\/\\\/www.afis.africa\\\/fr\\\/#\\\/schema\\\/logo\\\/image\\\/\",\"url\":\"https:\\\/\\\/www.afis.africa\\\/wp-content\\\/uploads\\\/2022\\\/10\\\/cropped-AFIS-1-1.jpg\",\"contentUrl\":\"https:\\\/\\\/www.afis.africa\\\/wp-content\\\/uploads\\\/2022\\\/10\\\/cropped-AFIS-1-1.jpg\",\"width\":529,\"height\":191,\"caption\":\"The African Financial Summit Platform\"},\"image\":{\"@id\":\"https:\\\/\\\/www.afis.africa\\\/fr\\\/#\\\/schema\\\/logo\\\/image\\\/\"}}]}<\/script>\n<!-- \/ Yoast SEO plugin. -->","yoast_head_json":{"title":"Playlist Enjeux de la banque commerciale - The African Financial Summit Platform","robots":{"index":"index","follow":"follow","max-snippet":"max-snippet:-1","max-image-preview":"max-image-preview:large","max-video-preview":"max-video-preview:-1"},"canonical":"https:\/\/www.afis.africa\/en\/afis-tv\/commercial-banking-outlook-playlist\/","og_locale":"fr_FR","og_type":"article","og_title":"Playlist Enjeux de la banque commerciale - The African Financial Summit Platform","og_description":"L\u2019objectif est de renforcer la solidit\u00e9 du secteur bancaire en associant banquiers, d\u00e9cideurs et innovateurs. Cela passe par l\u2019am\u00e9lioration de la gestion des risques et","og_url":"https:\/\/www.afis.africa\/en\/afis-tv\/commercial-banking-outlook-playlist\/","og_site_name":"The African Financial Summit Platform","article_modified_time":"2025-10-06T05:35:09+00:00","twitter_card":"summary_large_image","schema":{"@context":"https:\/\/schema.org","@graph":[{"@type":"WebPage","@id":"https:\/\/www.afis.africa\/en\/afis-tv\/commercial-banking-outlook-playlist\/","url":"https:\/\/www.afis.africa\/en\/afis-tv\/commercial-banking-outlook-playlist\/","name":"Playlist Enjeux de la banque commerciale - The African Financial Summit Platform","isPartOf":{"@id":"https:\/\/www.afis.africa\/fr\/#website"},"datePublished":"2025-09-13T13:27:38+00:00","dateModified":"2025-10-06T05:35:09+00:00","breadcrumb":{"@id":"https:\/\/www.afis.africa\/en\/afis-tv\/commercial-banking-outlook-playlist\/#breadcrumb"},"inLanguage":"fr-FR","potentialAction":[{"@type":"ReadAction","target":["https:\/\/www.afis.africa\/en\/afis-tv\/commercial-banking-outlook-playlist\/"]}]},{"@type":"BreadcrumbList","@id":"https:\/\/www.afis.africa\/en\/afis-tv\/commercial-banking-outlook-playlist\/#breadcrumb","itemListElement":[{"@type":"ListItem","position":1,"name":"Home","item":"https:\/\/www.afis.africa\/fr\/"},{"@type":"ListItem","position":2,"name":"AFIS TV","item":"https:\/\/www.afis.africa\/en\/afis-tv\/"},{"@type":"ListItem","position":3,"name":"Playlist Enjeux de la banque commerciale"}]},{"@type":"WebSite","@id":"https:\/\/www.afis.africa\/fr\/#website","url":"https:\/\/www.afis.africa\/fr\/","name":"The African Financial Summit Platform","description":"","publisher":{"@id":"https:\/\/www.afis.africa\/fr\/#organization"},"potentialAction":[{"@type":"SearchAction","target":{"@type":"EntryPoint","urlTemplate":"https:\/\/www.afis.africa\/fr\/?s={search_term_string}"},"query-input":{"@type":"PropertyValueSpecification","valueRequired":true,"valueName":"search_term_string"}}],"inLanguage":"fr-FR"},{"@type":"Organization","@id":"https:\/\/www.afis.africa\/fr\/#organization","name":"The African Financial Summit Platform","url":"https:\/\/www.afis.africa\/fr\/","logo":{"@type":"ImageObject","inLanguage":"fr-FR","@id":"https:\/\/www.afis.africa\/fr\/#\/schema\/logo\/image\/","url":"https:\/\/www.afis.africa\/wp-content\/uploads\/2022\/10\/cropped-AFIS-1-1.jpg","contentUrl":"https:\/\/www.afis.africa\/wp-content\/uploads\/2022\/10\/cropped-AFIS-1-1.jpg","width":529,"height":191,"caption":"The African Financial Summit Platform"},"image":{"@id":"https:\/\/www.afis.africa\/fr\/#\/schema\/logo\/image\/"}}]}},"_links":{"self":[{"href":"https:\/\/www.afis.africa\/fr\/wp-json\/wp\/v2\/pages\/29825","targetHints":{"allow":["GET"]}}],"collection":[{"href":"https:\/\/www.afis.africa\/fr\/wp-json\/wp\/v2\/pages"}],"about":[{"href":"https:\/\/www.afis.africa\/fr\/wp-json\/wp\/v2\/types\/page"}],"author":[{"embeddable":true,"href":"https:\/\/www.afis.africa\/fr\/wp-json\/wp\/v2\/users\/3"}],"replies":[{"embeddable":true,"href":"https:\/\/www.afis.africa\/fr\/wp-json\/wp\/v2\/comments?post=29825"}],"version-history":[{"count":2,"href":"https:\/\/www.afis.africa\/fr\/wp-json\/wp\/v2\/pages\/29825\/revisions"}],"predecessor-version":[{"id":30176,"href":"https:\/\/www.afis.africa\/fr\/wp-json\/wp\/v2\/pages\/29825\/revisions\/30176"}],"up":[{"embeddable":true,"href":"https:\/\/www.afis.africa\/fr\/wp-json\/wp\/v2\/pages\/27114"}],"wp:attachment":[{"href":"https:\/\/www.afis.africa\/fr\/wp-json\/wp\/v2\/media?parent=29825"}],"curies":[{"name":"wp","href":"https:\/\/api.w.org\/{rel}","templated":true}]}}