{"id":29823,"date":"2025-09-13T13:25:06","date_gmt":"2025-09-13T13:25:06","guid":{"rendered":"https:\/\/www.afis.africa\/afis-tv\/marches-de-capitaux-gestion-dactifs-playlist\/"},"modified":"2025-10-06T05:57:49","modified_gmt":"2025-10-06T05:57:49","slug":"playlist-marches-de-capitaux-gestion-dactifs","status":"publish","type":"page","link":"https:\/\/www.afis.africa\/fr\/afis-tv\/playlist-marches-de-capitaux-gestion-dactifs\/","title":{"rendered":"Playlist March\u00e9s de capitaux &amp; gestion d&#8217;actifs"},"content":{"rendered":"\t\t<div data-elementor-type=\"wp-page\" data-elementor-id=\"29823\" class=\"elementor elementor-29823 elementor-6355\" data-elementor-post-type=\"page\">\n\t\t\t\t<div class=\"elementor-element elementor-element-c6ddaea e-flex e-con-boxed e-con e-parent\" data-id=\"c6ddaea\" data-element_type=\"container\" data-e-type=\"container\" data-settings=\"{&quot;background_background&quot;:&quot;classic&quot;}\">\n\t\t\t\t\t<div class=\"e-con-inner\">\n\t\t\t\t<div class=\"elementor-element elementor-element-9be2465 elementor-widget__width-initial elementor-widget elementor-widget-text-editor\" data-id=\"9be2465\" data-element_type=\"widget\" data-e-type=\"widget\" data-widget_type=\"text-editor.default\">\n\t\t\t\t\t\t\t\t\t<p>AFIS soutient l\u2019\u00e9mergence de march\u00e9s financiers solides en favorisant des solutions de financement par actions et obligations, tout en facilitant l\u2019int\u00e9gration des march\u00e9s de capitaux. Gr\u00e2ce \u00e0 des \u00e9changes d\u2019expertise et \u00e0 une collaboration multisectorielle, son objectif est de mobiliser des financements \u00e0 long terme pour l\u2019\u00e9conomie r\u00e9elle, tout en encourageant l\u2019innovation et la croissance des actifs. <\/p>\t\t\t\t\t\t\t\t<\/div>\n\t\t\t\t<div class=\"elementor-element elementor-element-4571d32 elementor-grid-3 elementor-grid-tablet-2 elementor-grid-mobile-1 elementor-posts--thumbnail-top elementor-widget elementor-widget-posts\" data-id=\"4571d32\" data-element_type=\"widget\" data-e-type=\"widget\" data-settings=\"{&quot;pagination_type&quot;:&quot;load_more_infinite_scroll&quot;,&quot;classic_columns&quot;:&quot;3&quot;,&quot;classic_columns_tablet&quot;:&quot;2&quot;,&quot;classic_columns_mobile&quot;:&quot;1&quot;,&quot;classic_row_gap&quot;:{&quot;unit&quot;:&quot;px&quot;,&quot;size&quot;:35,&quot;sizes&quot;:[]},&quot;classic_row_gap_tablet&quot;:{&quot;unit&quot;:&quot;px&quot;,&quot;size&quot;:&quot;&quot;,&quot;sizes&quot;:[]},&quot;classic_row_gap_mobile&quot;:{&quot;unit&quot;:&quot;px&quot;,&quot;size&quot;:&quot;&quot;,&quot;sizes&quot;:[]},&quot;load_more_spinner&quot;:{&quot;value&quot;:&quot;fas fa-spinner&quot;,&quot;library&quot;:&quot;fa-solid&quot;}}\" data-widget_type=\"posts.classic\">\n\t\t\t\t<div class=\"elementor-widget-container\">\n\t\t\t\t\t\t\t<div class=\"elementor-posts-container elementor-posts elementor-posts--skin-classic elementor-grid\" role=\"list\">\n\t\t\t\t<article class=\"elementor-post elementor-grid-item post-5504 sby_videos type-sby_videos status-publish has-post-thumbnail hentry categorie-youtube-capital-markets-asset-management\" role=\"listitem\">\n\t\t\t\t<a class=\"elementor-post__thumbnail__link\" href=\"https:\/\/www.afis.africa\/fr\/videos\/afis-2022-vf-africas-infrastructure-gap-structuring-blended-finance-in-a-global-slowdown\/\" tabindex=\"-1\" >\n\t\t\t<div class=\"elementor-post__thumbnail\"><img fetchpriority=\"high\" decoding=\"async\" width=\"300\" height=\"169\" src=\"https:\/\/www.afis.africa\/wp-content\/uploads\/2025\/09\/eISsp_nAP7Q-300x169.jpg\" class=\"attachment-medium size-medium wp-image-5505\" alt=\"\" srcset=\"https:\/\/www.afis.africa\/wp-content\/uploads\/2025\/09\/eISsp_nAP7Q-300x169.jpg 300w, https:\/\/www.afis.africa\/wp-content\/uploads\/2025\/09\/eISsp_nAP7Q-1024x576.jpg 1024w, https:\/\/www.afis.africa\/wp-content\/uploads\/2025\/09\/eISsp_nAP7Q-768x432.jpg 768w, https:\/\/www.afis.africa\/wp-content\/uploads\/2025\/09\/eISsp_nAP7Q.jpg 1280w\" sizes=\"(max-width: 300px) 100vw, 300px\" \/><\/div>\n\t\t<\/a>\n\t\t\t\t<div class=\"elementor-post__text\">\n\t\t\t\t<h3 class=\"elementor-post__title\">\n\t\t\t<a href=\"https:\/\/www.afis.africa\/fr\/videos\/afis-2022-vf-africas-infrastructure-gap-structuring-blended-finance-in-a-global-slowdown\/\" >\n\t\t\t\tAFIS 2022 (VF) : Africa\u2019s infrastructure gap structuring blended finance in a global slowdown\t\t\t<\/a>\n\t\t<\/h3>\n\t\t\t\t<div class=\"elementor-post__meta-data\">\n\t\t\t\t\t<span class=\"elementor-post-date\">\n\t\t\t14 d\u00e9cembre 2022\t\t<\/span>\n\t\t\t\t<\/div>\n\t\t\t\t<\/div>\n\t\t\t\t<\/article>\n\t\t\t\t<article class=\"elementor-post elementor-grid-item post-5238 sby_videos type-sby_videos status-publish has-post-thumbnail hentry categorie-youtube-capital-markets-asset-management\" role=\"listitem\">\n\t\t\t\t<a class=\"elementor-post__thumbnail__link\" href=\"https:\/\/www.afis.africa\/fr\/videos\/afis-2023-tokenizing-assets-an-untapped-opportunity-for-financing-and-liquidity\/\" tabindex=\"-1\" >\n\t\t\t<div class=\"elementor-post__thumbnail\"><img decoding=\"async\" width=\"300\" height=\"169\" src=\"https:\/\/www.afis.africa\/wp-content\/uploads\/2025\/09\/qPQyYnqNF_M-300x169.jpg\" class=\"attachment-medium size-medium wp-image-5239\" alt=\"\" srcset=\"https:\/\/www.afis.africa\/wp-content\/uploads\/2025\/09\/qPQyYnqNF_M-300x169.jpg 300w, https:\/\/www.afis.africa\/wp-content\/uploads\/2025\/09\/qPQyYnqNF_M-1024x576.jpg 1024w, https:\/\/www.afis.africa\/wp-content\/uploads\/2025\/09\/qPQyYnqNF_M-768x432.jpg 768w, https:\/\/www.afis.africa\/wp-content\/uploads\/2025\/09\/qPQyYnqNF_M.jpg 1280w\" sizes=\"(max-width: 300px) 100vw, 300px\" \/><\/div>\n\t\t<\/a>\n\t\t\t\t<div class=\"elementor-post__text\">\n\t\t\t\t<h3 class=\"elementor-post__title\">\n\t\t\t<a href=\"https:\/\/www.afis.africa\/fr\/videos\/afis-2023-tokenizing-assets-an-untapped-opportunity-for-financing-and-liquidity\/\" >\n\t\t\t\tAFIS 2023 | Tokenizing assets: An untapped opportunity for financing and liquidity\t\t\t<\/a>\n\t\t<\/h3>\n\t\t\t\t<div class=\"elementor-post__meta-data\">\n\t\t\t\t\t<span class=\"elementor-post-date\">\n\t\t\t25 septembre 2025\t\t<\/span>\n\t\t\t\t<\/div>\n\t\t\t\t<\/div>\n\t\t\t\t<\/article>\n\t\t\t\t<article class=\"elementor-post elementor-grid-item post-5436 sby_videos type-sby_videos status-publish has-post-thumbnail hentry categorie-youtube-capital-markets-asset-management\" role=\"listitem\">\n\t\t\t\t<a class=\"elementor-post__thumbnail__link\" href=\"https:\/\/www.afis.africa\/fr\/videos\/afis-2022-ve-long-term-resources-ipos-integration-stimulating-africas-underexploited-stock\/\" tabindex=\"-1\" >\n\t\t\t<div class=\"elementor-post__thumbnail\"><img decoding=\"async\" width=\"300\" height=\"169\" src=\"https:\/\/www.afis.africa\/wp-content\/uploads\/2025\/09\/ko2zREXGHtE-300x169.jpg\" class=\"attachment-medium size-medium wp-image-5437\" alt=\"\" srcset=\"https:\/\/www.afis.africa\/wp-content\/uploads\/2025\/09\/ko2zREXGHtE-300x169.jpg 300w, https:\/\/www.afis.africa\/wp-content\/uploads\/2025\/09\/ko2zREXGHtE-1024x576.jpg 1024w, https:\/\/www.afis.africa\/wp-content\/uploads\/2025\/09\/ko2zREXGHtE-768x432.jpg 768w, https:\/\/www.afis.africa\/wp-content\/uploads\/2025\/09\/ko2zREXGHtE.jpg 1280w\" sizes=\"(max-width: 300px) 100vw, 300px\" \/><\/div>\n\t\t<\/a>\n\t\t\t\t<div class=\"elementor-post__text\">\n\t\t\t\t<h3 class=\"elementor-post__title\">\n\t\t\t<a href=\"https:\/\/www.afis.africa\/fr\/videos\/afis-2022-ve-long-term-resources-ipos-integration-stimulating-africas-underexploited-stock\/\" >\n\t\t\t\tAFIS 2022 (VE) : Long term resources, IPOs &#038; integration Stimulating Africa&#8217;s underexploited stock\t\t\t<\/a>\n\t\t<\/h3>\n\t\t\t\t<div class=\"elementor-post__meta-data\">\n\t\t\t\t\t<span class=\"elementor-post-date\">\n\t\t\t25 septembre 2025\t\t<\/span>\n\t\t\t\t<\/div>\n\t\t\t\t<\/div>\n\t\t\t\t<\/article>\n\t\t\t\t<\/div>\n\t\t\t\t\t<span class=\"e-load-more-spinner\">\n\t\t\t\t<svg aria-hidden=\"true\" class=\"e-font-icon-svg e-fas-spinner\" viewBox=\"0 0 512 512\" xmlns=\"http:\/\/www.w3.org\/2000\/svg\"><path d=\"M304 48c0 26.51-21.49 48-48 48s-48-21.49-48-48 21.49-48 48-48 48 21.49 48 48zm-48 368c-26.51 0-48 21.49-48 48s21.49 48 48 48 48-21.49 48-48-21.49-48-48-48zm208-208c-26.51 0-48 21.49-48 48s21.49 48 48 48 48-21.49 48-48-21.49-48-48-48zM96 256c0-26.51-21.49-48-48-48S0 229.49 0 256s21.49 48 48 48 48-21.49 48-48zm12.922 99.078c-26.51 0-48 21.49-48 48s21.49 48 48 48 48-21.49 48-48c0-26.509-21.491-48-48-48zm294.156 0c-26.51 0-48 21.49-48 48s21.49 48 48 48 48-21.49 48-48c0-26.509-21.49-48-48-48zM108.922 60.922c-26.51 0-48 21.49-48 48s21.49 48 48 48 48-21.49 48-48-21.491-48-48-48z\"><\/path><\/svg>\t\t\t<\/span>\n\t\t\n\t\t\t\t<div class=\"e-load-more-anchor\" data-page=\"1\" data-max-page=\"5\" data-next-page=\"https:\/\/www.afis.africa\/fr\/wp-json\/wp\/v2\/pages\/29823\/page\/2\/\"><\/div>\n\t\t\t\t<div class=\"e-load-more-message\"><\/div>\n\t\t\t\t\t\t<\/div>\n\t\t\t\t<\/div>\n\t\t\t\t\t<\/div>\n\t\t\t\t<\/div>\n\t\t<div class=\"elementor-element elementor-element-4871d8c8 e-flex e-con-boxed e-con e-parent\" data-id=\"4871d8c8\" data-element_type=\"container\" data-e-type=\"container\">\n\t\t\t\t\t<div class=\"e-con-inner\">\n\t\t\t\t<div class=\"elementor-element elementor-element-613aff5 ribbon-report elementor-widget elementor-widget-button\" data-id=\"613aff5\" data-element_type=\"widget\" data-e-type=\"widget\" data-widget_type=\"button.default\">\n\t\t\t\t\t\t\t\t\t\t<a class=\"elementor-button elementor-button-link elementor-size-sm\" href=\"https:\/\/www.afis.africa\/fr\/afis-tv\/\">\n\t\t\t\t\t\t<span class=\"elementor-button-content-wrapper\">\n\t\t\t\t\t\t\t\t\t<span class=\"elementor-button-text\">REGARDER PLUS DE VIDEOS SUR AFIS TV<\/span>\n\t\t\t\t\t<\/span>\n\t\t\t\t\t<\/a>\n\t\t\t\t\t\t\t\t<\/div>\n\t\t\t\t\t<\/div>\n\t\t\t\t<\/div>\n\t\t\t\t<\/div>\n\t\t","protected":false},"excerpt":{"rendered":"<p>AFIS soutient l\u2019\u00e9mergence de march\u00e9s financiers solides en favorisant des solutions de financement par actions et obligations, tout en facilitant l\u2019int\u00e9gration des march\u00e9s de capitaux.<\/p>\n","protected":false},"author":3,"featured_media":0,"parent":27114,"menu_order":0,"comment_status":"closed","ping_status":"closed","template":"","meta":{"_acf_changed":false,"footnotes":""},"class_list":["post-29823","page","type-page","status-publish","hentry"],"acf":[],"yoast_head":"<!-- This site is optimized with the Yoast SEO plugin v27.3 - https:\/\/yoast.com\/product\/yoast-seo-wordpress\/ -->\n<title>Playlist March\u00e9s de capitaux &amp; gestion d&#039;actifs - The African Financial Summit Platform<\/title>\n<meta name=\"robots\" content=\"index, follow, max-snippet:-1, max-image-preview:large, max-video-preview:-1\" \/>\n<link rel=\"canonical\" href=\"https:\/\/www.afis.africa\/en\/afis-tv\/capital-market-asset-management-playlist\/\" \/>\n<meta property=\"og:locale\" content=\"fr_FR\" \/>\n<meta property=\"og:type\" content=\"article\" \/>\n<meta property=\"og:title\" content=\"Playlist March\u00e9s de capitaux &amp; gestion d&#039;actifs - The African Financial Summit Platform\" \/>\n<meta property=\"og:description\" content=\"AFIS soutient l\u2019\u00e9mergence de march\u00e9s financiers solides en favorisant des solutions de financement par actions et obligations, tout en facilitant l\u2019int\u00e9gration des march\u00e9s de capitaux.\" \/>\n<meta property=\"og:url\" content=\"https:\/\/www.afis.africa\/en\/afis-tv\/capital-market-asset-management-playlist\/\" \/>\n<meta property=\"og:site_name\" content=\"The African Financial Summit Platform\" \/>\n<meta property=\"article:modified_time\" content=\"2025-10-06T05:57:49+00:00\" \/>\n<meta name=\"twitter:card\" content=\"summary_large_image\" \/>\n<script type=\"application\/ld+json\" class=\"yoast-schema-graph\">{\"@context\":\"https:\\\/\\\/schema.org\",\"@graph\":[{\"@type\":\"WebPage\",\"@id\":\"https:\\\/\\\/www.afis.africa\\\/en\\\/afis-tv\\\/capital-market-asset-management-playlist\\\/\",\"url\":\"https:\\\/\\\/www.afis.africa\\\/en\\\/afis-tv\\\/capital-market-asset-management-playlist\\\/\",\"name\":\"Playlist March\u00e9s de capitaux &amp; gestion d'actifs - The African Financial Summit Platform\",\"isPartOf\":{\"@id\":\"https:\\\/\\\/www.afis.africa\\\/fr\\\/#website\"},\"datePublished\":\"2025-09-13T13:25:06+00:00\",\"dateModified\":\"2025-10-06T05:57:49+00:00\",\"breadcrumb\":{\"@id\":\"https:\\\/\\\/www.afis.africa\\\/en\\\/afis-tv\\\/capital-market-asset-management-playlist\\\/#breadcrumb\"},\"inLanguage\":\"fr-FR\",\"potentialAction\":[{\"@type\":\"ReadAction\",\"target\":[\"https:\\\/\\\/www.afis.africa\\\/en\\\/afis-tv\\\/capital-market-asset-management-playlist\\\/\"]}]},{\"@type\":\"BreadcrumbList\",\"@id\":\"https:\\\/\\\/www.afis.africa\\\/en\\\/afis-tv\\\/capital-market-asset-management-playlist\\\/#breadcrumb\",\"itemListElement\":[{\"@type\":\"ListItem\",\"position\":1,\"name\":\"Home\",\"item\":\"https:\\\/\\\/www.afis.africa\\\/fr\\\/\"},{\"@type\":\"ListItem\",\"position\":2,\"name\":\"AFIS TV\",\"item\":\"https:\\\/\\\/www.afis.africa\\\/en\\\/afis-tv\\\/\"},{\"@type\":\"ListItem\",\"position\":3,\"name\":\"Playlist March\u00e9s de capitaux &amp; gestion d&#8217;actifs\"}]},{\"@type\":\"WebSite\",\"@id\":\"https:\\\/\\\/www.afis.africa\\\/fr\\\/#website\",\"url\":\"https:\\\/\\\/www.afis.africa\\\/fr\\\/\",\"name\":\"The African Financial Summit Platform\",\"description\":\"\",\"publisher\":{\"@id\":\"https:\\\/\\\/www.afis.africa\\\/fr\\\/#organization\"},\"potentialAction\":[{\"@type\":\"SearchAction\",\"target\":{\"@type\":\"EntryPoint\",\"urlTemplate\":\"https:\\\/\\\/www.afis.africa\\\/fr\\\/?s={search_term_string}\"},\"query-input\":{\"@type\":\"PropertyValueSpecification\",\"valueRequired\":true,\"valueName\":\"search_term_string\"}}],\"inLanguage\":\"fr-FR\"},{\"@type\":\"Organization\",\"@id\":\"https:\\\/\\\/www.afis.africa\\\/fr\\\/#organization\",\"name\":\"The African Financial Summit Platform\",\"url\":\"https:\\\/\\\/www.afis.africa\\\/fr\\\/\",\"logo\":{\"@type\":\"ImageObject\",\"inLanguage\":\"fr-FR\",\"@id\":\"https:\\\/\\\/www.afis.africa\\\/fr\\\/#\\\/schema\\\/logo\\\/image\\\/\",\"url\":\"https:\\\/\\\/www.afis.africa\\\/wp-content\\\/uploads\\\/2022\\\/10\\\/cropped-AFIS-1-1.jpg\",\"contentUrl\":\"https:\\\/\\\/www.afis.africa\\\/wp-content\\\/uploads\\\/2022\\\/10\\\/cropped-AFIS-1-1.jpg\",\"width\":529,\"height\":191,\"caption\":\"The African Financial Summit Platform\"},\"image\":{\"@id\":\"https:\\\/\\\/www.afis.africa\\\/fr\\\/#\\\/schema\\\/logo\\\/image\\\/\"}}]}<\/script>\n<!-- \/ Yoast SEO plugin. -->","yoast_head_json":{"title":"Playlist March\u00e9s de capitaux &amp; gestion d'actifs - The African Financial Summit Platform","robots":{"index":"index","follow":"follow","max-snippet":"max-snippet:-1","max-image-preview":"max-image-preview:large","max-video-preview":"max-video-preview:-1"},"canonical":"https:\/\/www.afis.africa\/en\/afis-tv\/capital-market-asset-management-playlist\/","og_locale":"fr_FR","og_type":"article","og_title":"Playlist March\u00e9s de capitaux &amp; gestion d'actifs - The African Financial Summit Platform","og_description":"AFIS soutient l\u2019\u00e9mergence de march\u00e9s financiers solides en favorisant des solutions de financement par actions et obligations, tout en facilitant l\u2019int\u00e9gration des march\u00e9s de capitaux.","og_url":"https:\/\/www.afis.africa\/en\/afis-tv\/capital-market-asset-management-playlist\/","og_site_name":"The African Financial Summit Platform","article_modified_time":"2025-10-06T05:57:49+00:00","twitter_card":"summary_large_image","schema":{"@context":"https:\/\/schema.org","@graph":[{"@type":"WebPage","@id":"https:\/\/www.afis.africa\/en\/afis-tv\/capital-market-asset-management-playlist\/","url":"https:\/\/www.afis.africa\/en\/afis-tv\/capital-market-asset-management-playlist\/","name":"Playlist March\u00e9s de capitaux &amp; gestion d'actifs - The African Financial Summit Platform","isPartOf":{"@id":"https:\/\/www.afis.africa\/fr\/#website"},"datePublished":"2025-09-13T13:25:06+00:00","dateModified":"2025-10-06T05:57:49+00:00","breadcrumb":{"@id":"https:\/\/www.afis.africa\/en\/afis-tv\/capital-market-asset-management-playlist\/#breadcrumb"},"inLanguage":"fr-FR","potentialAction":[{"@type":"ReadAction","target":["https:\/\/www.afis.africa\/en\/afis-tv\/capital-market-asset-management-playlist\/"]}]},{"@type":"BreadcrumbList","@id":"https:\/\/www.afis.africa\/en\/afis-tv\/capital-market-asset-management-playlist\/#breadcrumb","itemListElement":[{"@type":"ListItem","position":1,"name":"Home","item":"https:\/\/www.afis.africa\/fr\/"},{"@type":"ListItem","position":2,"name":"AFIS TV","item":"https:\/\/www.afis.africa\/en\/afis-tv\/"},{"@type":"ListItem","position":3,"name":"Playlist March\u00e9s de capitaux &amp; gestion d&#8217;actifs"}]},{"@type":"WebSite","@id":"https:\/\/www.afis.africa\/fr\/#website","url":"https:\/\/www.afis.africa\/fr\/","name":"The African Financial Summit Platform","description":"","publisher":{"@id":"https:\/\/www.afis.africa\/fr\/#organization"},"potentialAction":[{"@type":"SearchAction","target":{"@type":"EntryPoint","urlTemplate":"https:\/\/www.afis.africa\/fr\/?s={search_term_string}"},"query-input":{"@type":"PropertyValueSpecification","valueRequired":true,"valueName":"search_term_string"}}],"inLanguage":"fr-FR"},{"@type":"Organization","@id":"https:\/\/www.afis.africa\/fr\/#organization","name":"The African Financial Summit Platform","url":"https:\/\/www.afis.africa\/fr\/","logo":{"@type":"ImageObject","inLanguage":"fr-FR","@id":"https:\/\/www.afis.africa\/fr\/#\/schema\/logo\/image\/","url":"https:\/\/www.afis.africa\/wp-content\/uploads\/2022\/10\/cropped-AFIS-1-1.jpg","contentUrl":"https:\/\/www.afis.africa\/wp-content\/uploads\/2022\/10\/cropped-AFIS-1-1.jpg","width":529,"height":191,"caption":"The African Financial Summit Platform"},"image":{"@id":"https:\/\/www.afis.africa\/fr\/#\/schema\/logo\/image\/"}}]}},"_links":{"self":[{"href":"https:\/\/www.afis.africa\/fr\/wp-json\/wp\/v2\/pages\/29823","targetHints":{"allow":["GET"]}}],"collection":[{"href":"https:\/\/www.afis.africa\/fr\/wp-json\/wp\/v2\/pages"}],"about":[{"href":"https:\/\/www.afis.africa\/fr\/wp-json\/wp\/v2\/types\/page"}],"author":[{"embeddable":true,"href":"https:\/\/www.afis.africa\/fr\/wp-json\/wp\/v2\/users\/3"}],"replies":[{"embeddable":true,"href":"https:\/\/www.afis.africa\/fr\/wp-json\/wp\/v2\/comments?post=29823"}],"version-history":[{"count":2,"href":"https:\/\/www.afis.africa\/fr\/wp-json\/wp\/v2\/pages\/29823\/revisions"}],"predecessor-version":[{"id":30186,"href":"https:\/\/www.afis.africa\/fr\/wp-json\/wp\/v2\/pages\/29823\/revisions\/30186"}],"up":[{"embeddable":true,"href":"https:\/\/www.afis.africa\/fr\/wp-json\/wp\/v2\/pages\/27114"}],"wp:attachment":[{"href":"https:\/\/www.afis.africa\/fr\/wp-json\/wp\/v2\/media?parent=29823"}],"curies":[{"name":"wp","href":"https:\/\/api.w.org\/{rel}","templated":true}]}}