{"id":25491,"date":"2025-09-15T08:10:22","date_gmt":"2025-09-15T08:10:22","guid":{"rendered":"https:\/\/www.afis.africa\/past-summit\/une-nouvelle-ere-le-temps-des-puissances-financieres-africaines-est-venu\/"},"modified":"2025-10-06T05:36:44","modified_gmt":"2025-10-06T05:36:44","slug":"theme-2024","status":"publish","type":"page","link":"https:\/\/www.afis.africa\/fr\/annual-summit-2024\/theme-2024\/","title":{"rendered":"Th\u00e8me 2024"},"content":{"rendered":"\t\t<div data-elementor-type=\"wp-page\" data-elementor-id=\"25491\" class=\"elementor elementor-25491 elementor-16685\" data-elementor-post-type=\"page\">\n\t\t\t\t<div class=\"elementor-element elementor-element-d53436a e-flex e-con-boxed e-con e-parent\" data-id=\"d53436a\" data-element_type=\"container\" data-e-type=\"container\">\n\t\t\t\t\t<div class=\"e-con-inner\">\n\t\t\t\t<div class=\"elementor-element elementor-element-911cf29 elementor-widget__width-auto gradient-title elementor-widget elementor-widget-heading\" data-id=\"911cf29\" data-element_type=\"widget\" data-e-type=\"widget\" data-widget_type=\"heading.default\">\n\t\t\t\t\t<h2 class=\"elementor-heading-title elementor-size-default\">UNE NOUVELLE \u00c8RE : LE TEMPS DES PUISSANCES FINANCI\u00c8RES AFRICAINES EST VENU<\/h2>\t\t\t\t<\/div>\n\t\t\t\t\t<\/div>\n\t\t\t\t<\/div>\n\t\t<div class=\"elementor-element elementor-element-7ffa653 e-flex e-con-boxed e-con e-parent\" data-id=\"7ffa653\" data-element_type=\"container\" data-e-type=\"container\">\n\t\t\t\t\t<div class=\"e-con-inner\">\n\t\t\t\t<div class=\"elementor-element elementor-element-93681d1 elementor-widget elementor-widget-text-editor\" data-id=\"93681d1\" data-element_type=\"widget\" data-e-type=\"widget\" data-widget_type=\"text-editor.default\">\n\t\t\t\t\t\t\t\t\t<p>Alors qu\u2019une nouvelle \u00e8re financi\u00e8re s\u2019ouvre en Afrique, il est urgent que celle-ci permette de valoriser enfin son immense potentiel \u00e9conomique. La r\u00e9silience financi\u00e8re du continent a \u00e9t\u00e9 mis \u00e0 l\u2019\u00e9preuve ces derni\u00e8res ann\u00e9es, la situation mondiale se durcissant et le rationnement du cr\u00e9dit jetant une ombre sur la croissance \u00e9conomique. Pourtant, malgr\u00e9 ces d\u00e9fis, l\u2019investissement priv\u00e9 en Afrique reste solide, port\u00e9 par une agilit\u00e9 remarquable, et les entreprises industrielles, commerciales et financi\u00e8res ayant une large empreinte continentale ont tout de m\u00eame r\u00e9ussi \u00e0 obtenir des financements.   <\/p><p>Bien que la r\u00e9silience \u00e0 court terme soit louable, l\u2019avenir financier de l\u2019Afrique exige cependant des strat\u00e9gies audacieuses et de long terme. Les clients de d\u00e9tail et les PME continuent de faire face \u00e0 des taux d\u2019int\u00e9r\u00eat \u00e9lev\u00e9s, et les transactions de capital-investissement ont atteint des niveaux historiquement bas. Le retrait de plusieurs leaders internationaux de la finance renforce encore davantage l\u2019urgence d\u2019agir.   <\/p><p>Plus que jamais, les dirigeants du continent doivent capitaliser sur cet \u00e9lan en plaidant pour des r\u00e9formes qui moderniseront et renforceront l\u2019industrie financi\u00e8re. La communaut\u00e9 des leaders financiers africains, qui se r\u00e9unira lors du prochain Africa Financial Summit \u2013 AFIS \u00e0 Casablanca les 9 et 10 d\u00e9cembre, se concentrera sur <strong>cinq priorit\u00e9s cl\u00e9s<\/strong> visant \u00e0 favoriser un changement transformateur :  <\/p><p>1- <strong>Cr\u00e9er des produits bancaires et des solutions de march\u00e9 des capitaux pour orienter les ressources locales vers des investissements productifs<\/strong>, stimulant ainsi la croissance et le d\u00e9veloppement ; <\/p><p>2- <strong>Faciliter l\u2019interop\u00e9rabilit\u00e9 des paiements,<\/strong> r\u00e9duire le co\u00fbt et le temps des transactions transfrontali\u00e8res et permettre un commerce plus rapide entre les pays africains ; <\/p><p>3- <strong>Renforcer les exigences en mati\u00e8re de capital pour les institutions financi\u00e8res<\/strong>, consolider l\u2019industrie et encourager les partenariats avec les centres financiers internationaux ; <\/p><p>4- <strong>Offrir des produits financiers \u00e0 la main-d\u2019\u0153uvre informelle,<\/strong> qui repr\u00e9sente 83 % de l\u2019\u00e9conomie africaine, en exploitant la digitalisation des services d\u2019assurance et bancaires ; <\/p><p>5- <strong>Construire un march\u00e9 boursier panafricain pour s\u2019attaquer \u00e0 la fragmentation des march\u00e9s et stimuler les investissements intra-africains<\/strong>, cr\u00e9ant ainsi un v\u00e9ritable \u00e9cosyst\u00e8me financier int\u00e9gr\u00e9. <\/p><p>Alors qu\u2019AFIS 2024 attire les d\u00e9cideurs politiques et les leaders financiers les plus influents du continent \u00e0 Casablanca, il devient plus qu\u2019un simple rassemblement : c\u2019est un appel \u00e0 l\u2019action.<\/p><p><strong>Le moment pour l\u2019Afrique d\u2019affirmer sa place dans le nouvel ordre financier mondial<\/strong>, de tracer une voie audacieuse qui non seulement r\u00e9pond aux besoins du continent, mais \u00e9tablit \u00e9galement une <strong>r\u00e9f\u00e9rence mondiale en mati\u00e8re d\u2019innovation et d\u2019impact<\/strong>. <\/p>\t\t\t\t\t\t\t\t<\/div>\n\t\t\t\t\t<\/div>\n\t\t\t\t<\/div>\n\t\t<div class=\"elementor-element elementor-element-d08ca84 e-con-full e-flex e-con e-child\" data-id=\"d08ca84\" data-element_type=\"container\" data-e-type=\"container\">\n\t\t\t\t<div class=\"elementor-element elementor-element-b19baef elementor-widget__width-auto gradient-title elementor-widget elementor-widget-heading\" data-id=\"b19baef\" data-element_type=\"widget\" data-e-type=\"widget\" data-widget_type=\"heading.default\">\n\t\t\t\t\t<h2 class=\"elementor-heading-title elementor-size-default\">PANELS, TABLES RONDES &amp; WORKSHOPS \n<\/h2>\t\t\t\t<\/div>\n\t\t\t\t<div class=\"elementor-element elementor-element-fb9bb33 elementor-widget elementor-widget-text-editor\" data-id=\"fb9bb33\" data-element_type=\"widget\" data-e-type=\"widget\" data-widget_type=\"text-editor.default\">\n\t\t\t\t\t\t\t\t\t<h3>D\u00c9FIS POUR L&#8217;\u00c9CONOMIE ET LA STABILIT\u00c9 MONDIALES<\/h3>\t\t\t\t\t\t\t\t<\/div>\n\t\t\t\t<div class=\"elementor-element elementor-element-7a58726 elementor-widget elementor-widget-text-editor\" data-id=\"7a58726\" data-element_type=\"widget\" data-e-type=\"widget\" data-widget_type=\"text-editor.default\">\n\t\t\t\t\t\t\t\t\t<ul><li>Panel des Gouverneurs de Banques centrales | Vers un paysage financier consolid\u00e9 qui favorise<br>la croissance<\/li><li>Du resserrement \u00e0 l&#8217;assouplissement mon\u00e9taire : est-on en train de passer un nouveau cap ?<\/li><li>Dette africaine : repenser les r\u00e8gles du jeu pour stimuler la croissance<\/li><li>Nouvel Ordre Economique International : quelle place pour les financiers africains dans le d\u00e9bat ?<\/li><\/ul>\t\t\t\t\t\t\t\t<\/div>\n\t\t\t\t<div class=\"elementor-element elementor-element-f711eae elementor-widget elementor-widget-text-editor\" data-id=\"f711eae\" data-element_type=\"widget\" data-e-type=\"widget\" data-widget_type=\"text-editor.default\">\n\t\t\t\t\t\t\t\t\t<h3>BANQUE COMMERCIALE<\/h3>\t\t\t\t\t\t\t\t<\/div>\n\t\t\t\t<div class=\"elementor-element elementor-element-4529479 elementor-widget elementor-widget-text-editor\" data-id=\"4529479\" data-element_type=\"widget\" data-e-type=\"widget\" data-widget_type=\"text-editor.default\">\n\t\t\t\t\t\t\t\t\t<ul><li>Finance et transition climatique : comment les banques commerciales africaines peuvent<br>prendre la main ?<\/li><li>Comment financer le d\u00e9veloppement agricole de l\u2019Afrique gr\u00e2ce \u00e0 l\u2019innovation ?<\/li><li>Comment faire de la r\u00e9volution num\u00e9rique une r\u00e9alit\u00e9 pour les PME ?<\/li><li>CEO Talk | Financement de l&#8217;\u00e9conomie r\u00e9elle : quelle est la prochaine \u00e9tape pour les grandes<br>banques africaines ?<\/li><li>Conqu\u00eate des march\u00e9s internationaux : l\u2019heure a-t-elle enfin sonn\u00e9 pour les grandes banques<br>africaines ?<\/li><\/ul>\t\t\t\t\t\t\t\t<\/div>\n\t\t\t\t<div class=\"elementor-element elementor-element-987d725 elementor-widget elementor-widget-text-editor\" data-id=\"987d725\" data-element_type=\"widget\" data-e-type=\"widget\" data-widget_type=\"text-editor.default\">\n\t\t\t\t\t\t\t\t\t<h3>MARCH\u00c9S DES CAPITAUX &amp; CORPORATE FINANCE <\/h3>\t\t\t\t\t\t\t\t<\/div>\n\t\t\t\t<div class=\"elementor-element elementor-element-832838b elementor-widget elementor-widget-text-editor\" data-id=\"832838b\" data-element_type=\"widget\" data-e-type=\"widget\" data-widget_type=\"text-editor.default\">\n\t\t\t\t\t\t\t\t\t<ul><li>March\u00e9s de capitaux : une cl\u00e9 pour rem\u00e9dier \u00e0 la faiblesse des \u00e9changes intra-africains ?<\/li><li>Transformer l&#8217;\u00e9pargne des consommateurs en investissements productifs via les march\u00e9s de<br>capitaux<\/li><li>Comment \u00e9largir l&#8217;acc\u00e8s de l&#8217;Afrique aux march\u00e9s internationaux des capitaux ?<\/li><li>Infrastructure critique : Augmenter l&#8217;offre de capital patient<\/li><li>Quel r\u00f4le pour les bourses dans l&#8217;acc\u00e9l\u00e9ration de la transition climatique ?<\/li><\/ul>\t\t\t\t\t\t\t\t<\/div>\n\t\t\t\t<div class=\"elementor-element elementor-element-8af63d2 elementor-widget elementor-widget-text-editor\" data-id=\"8af63d2\" data-element_type=\"widget\" data-e-type=\"widget\" data-widget_type=\"text-editor.default\">\n\t\t\t\t\t\t\t\t\t<h3>Impact &amp; Durabilit\u00e9<\/h3>\t\t\t\t\t\t\t\t<\/div>\n\t\t\t\t<div class=\"elementor-element elementor-element-e8670bc elementor-widget elementor-widget-text-editor\" data-id=\"e8670bc\" data-element_type=\"widget\" data-e-type=\"widget\" data-widget_type=\"text-editor.default\">\n\t\t\t\t\t\t\t\t\t<ul><li>Women in Finance | Gender bonds et applications mobiles : saisir une opportunit\u00e9 \u00e0 2500<br>milliards $<\/li><li>Microfinance grand public : comment surmonter l&#8217;aversion au risque pour offrir des microcr\u00e9dits<br>inclusifs ?<\/li><li>Infrastructures, investissement d&#8217;impact, capital-investissement : Explorer de nouvelles<br>opportunit\u00e9s pour les investisseurs institutionnels<\/li><li>Women In Finance | Comment former les femmes face \u00e0 un paysage num\u00e9rique en pleine<br>mutation ?<\/li><\/ul>\t\t\t\t\t\t\t\t<\/div>\n\t\t\t\t<div class=\"elementor-element elementor-element-2a3af29 elementor-widget elementor-widget-text-editor\" data-id=\"2a3af29\" data-element_type=\"widget\" data-e-type=\"widget\" data-widget_type=\"text-editor.default\">\n\t\t\t\t\t\t\t\t\t<h3>ASSURANCE<\/h3>\t\t\t\t\t\t\t\t<\/div>\n\t\t\t\t<div class=\"elementor-element elementor-element-6d39e76 elementor-widget elementor-widget-text-editor\" data-id=\"6d39e76\" data-element_type=\"widget\" data-e-type=\"widget\" data-widget_type=\"text-editor.default\">\n\t\t\t\t\t\t\t\t\t<ul><li>R\u00e9gulateurs de l\u2019Assurance | Jusqu\u2019o\u00f9 peut aller l\u2019int\u00e9gration du secteur de l\u2019assurance dans le<br>cadre de la ZLECAf ?<\/li><li>Finance et transition climatique : comment les banques commerciales africaines peuvent<br>prendre la main ?<\/li><li>Du risque \u00e0 la r\u00e9silience : quel r\u00f4le pour l\u2019assurance face au changement climatique ?<\/li><\/ul>\t\t\t\t\t\t\t\t<\/div>\n\t\t\t\t<div class=\"elementor-element elementor-element-f036486 elementor-widget elementor-widget-text-editor\" data-id=\"f036486\" data-element_type=\"widget\" data-e-type=\"widget\" data-widget_type=\"text-editor.default\">\n\t\t\t\t\t\t\t\t\t<h3>FINTECH &amp; FINANCE DIGITALE<\/h3>\t\t\t\t\t\t\t\t<\/div>\n\t\t\t\t<div class=\"elementor-element elementor-element-6981c7e elementor-widget elementor-widget-text-editor\" data-id=\"6981c7e\" data-element_type=\"widget\" data-e-type=\"widget\" data-widget_type=\"text-editor.default\">\n\t\t\t\t\t\t\t\t\t<ul><li>IA g\u00e9n\u00e9rative : Une nouvelle \u00e8re pour les services financiers<\/li><li>L&#8217;IA et la fintech au service des investisseurs et des \u00e9metteurs<\/li><li>Embedded finance : comment tirer parti d\u2019un secteur valant 40 Milliards $ ?<\/li><li>Interop\u00e9rabilit\u00e9 du mobile money : comment r\u00e9aliser un r\u00e9seau financier r\u00e9ellement panafricain ?<\/li><li>Interop\u00e9rabilit\u00e9 du mobile money : comment r\u00e9aliser un r\u00e9seau financier r\u00e9ellement panafricain ?<\/li><li>MNBC : Maximiser le potentiel pour les paiements transfontaliers et l&#8217;inclusion financi\u00e8re<\/li><li>Au-del\u00e0 de SWIFT : quelles alternatives plus rapides et moins co\u00fbteuses ?<\/li><\/ul>\t\t\t\t\t\t\t\t<\/div>\n\t\t\t\t<\/div>\n\t\t<div class=\"elementor-element elementor-element-33aeed9d e-flex e-con-boxed e-con e-parent\" data-id=\"33aeed9d\" data-element_type=\"container\" data-e-type=\"container\">\n\t\t\t\t\t<div class=\"e-con-inner\">\n\t\t\t\t<div class=\"elementor-element elementor-element-573b1cd8 ribbon-report elementor-widget elementor-widget-button\" data-id=\"573b1cd8\" data-element_type=\"widget\" data-e-type=\"widget\" data-widget_type=\"button.default\">\n\t\t\t\t\t\t\t\t\t\t<a class=\"elementor-button elementor-button-link elementor-size-sm\" href=\"https:\/\/www.afis.africa\/fr\/afis24-one-pager-en\/\">\n\t\t\t\t\t\t<span class=\"elementor-button-content-wrapper\">\n\t\t\t\t\t\t\t\t\t<span class=\"elementor-button-text\">T\u00e9l\u00e9charger le th\u00e8me<\/span>\n\t\t\t\t\t<\/span>\n\t\t\t\t\t<\/a>\n\t\t\t\t\t\t\t\t<\/div>\n\t\t\t\t\t<\/div>\n\t\t\t\t<\/div>\n\t\t<div class=\"elementor-element elementor-element-558bb75e e-flex e-con-boxed e-con e-parent\" data-id=\"558bb75e\" data-element_type=\"container\" data-e-type=\"container\">\n\t\t\t\t\t<div class=\"e-con-inner\">\n\t\t<div class=\"elementor-element elementor-element-6a760aba e-con-full e-flex e-con e-child\" data-id=\"6a760aba\" data-element_type=\"container\" data-e-type=\"container\">\n\t\t\t\t<div class=\"elementor-element elementor-element-6c7c02d6 ribbon-report elementor-mobile-align-center elementor-widget elementor-widget-button\" data-id=\"6c7c02d6\" data-element_type=\"widget\" data-e-type=\"widget\" data-widget_type=\"button.default\">\n\t\t\t\t\t\t\t\t\t\t<a class=\"elementor-button elementor-button-link elementor-size-sm\" href=\"https:\/\/www.afis.africa\/fr\/annual-summit-2024\/programme-2024\/\">\n\t\t\t\t\t\t<span class=\"elementor-button-content-wrapper\">\n\t\t\t\t\t\t\t\t\t<span class=\"elementor-button-text\">D\u00e9couvrir le programme<\/span>\n\t\t\t\t\t<\/span>\n\t\t\t\t\t<\/a>\n\t\t\t\t\t\t\t\t<\/div>\n\t\t\t\t<\/div>\n\t\t<div class=\"elementor-element elementor-element-b3684c4 e-con-full e-flex e-con e-child\" data-id=\"b3684c4\" data-element_type=\"container\" data-e-type=\"container\">\n\t\t\t\t<div class=\"elementor-element elementor-element-53eb2f ribbon-report elementor-widget elementor-widget-button\" data-id=\"53eb2f\" data-element_type=\"widget\" data-e-type=\"widget\" data-widget_type=\"button.default\">\n\t\t\t\t\t\t\t\t\t\t<a class=\"elementor-button elementor-button-link elementor-size-sm\" href=\"https:\/\/www.afis.africa\/fr\/annual-summit-2024\/intervenants-2024\/\">\n\t\t\t\t\t\t<span class=\"elementor-button-content-wrapper\">\n\t\t\t\t\t\t\t\t\t<span class=\"elementor-button-text\">D\u00e9couvrir les speakers<\/span>\n\t\t\t\t\t<\/span>\n\t\t\t\t\t<\/a>\n\t\t\t\t\t\t\t\t<\/div>\n\t\t\t\t<\/div>\n\t\t\t\t\t<\/div>\n\t\t\t\t<\/div>\n\t\t\t\t<\/div>\n\t\t","protected":false},"excerpt":{"rendered":"<p>UNE NOUVELLE \u00c8RE : LE TEMPS DES PUISSANCES FINANCI\u00c8RES AFRICAINES EST VENU Alors qu\u2019une nouvelle \u00e8re financi\u00e8re s\u2019ouvre en Afrique, il est urgent que celle-ci permette de valoriser enfin son immense potentiel \u00e9conomique. La r\u00e9silience financi\u00e8re du continent a \u00e9t\u00e9 mis \u00e0 l\u2019\u00e9preuve ces derni\u00e8res ann\u00e9es, la situation mondiale se durcissant et le rationnement du [&hellip;]<\/p>\n","protected":false},"author":10,"featured_media":25457,"parent":6243,"menu_order":1,"comment_status":"closed","ping_status":"closed","template":"","meta":{"_acf_changed":false,"footnotes":""},"class_list":["post-25491","page","type-page","status-publish","has-post-thumbnail","hentry"],"acf":[],"yoast_head":"<!-- This site is optimized with the Yoast SEO plugin v27.3 - https:\/\/yoast.com\/product\/yoast-seo-wordpress\/ -->\n<title>Th\u00e8me 2024 - The African Financial Summit Platform<\/title>\n<meta name=\"robots\" content=\"index, follow, max-snippet:-1, max-image-preview:large, max-video-preview:-1\" \/>\n<link rel=\"canonical\" href=\"https:\/\/www.afis.africa\/en\/2024-summit\/2024-theme\/\" \/>\n<meta property=\"og:locale\" content=\"fr_FR\" \/>\n<meta property=\"og:type\" content=\"article\" \/>\n<meta property=\"og:title\" content=\"Th\u00e8me 2024 - The African Financial Summit Platform\" \/>\n<meta property=\"og:description\" content=\"UNE NOUVELLE \u00c8RE : LE TEMPS DES PUISSANCES FINANCI\u00c8RES AFRICAINES EST VENU Alors qu\u2019une nouvelle \u00e8re financi\u00e8re s\u2019ouvre en Afrique, il est urgent que celle-ci permette de valoriser enfin son immense potentiel \u00e9conomique. La r\u00e9silience financi\u00e8re du continent a \u00e9t\u00e9 mis \u00e0 l\u2019\u00e9preuve ces derni\u00e8res ann\u00e9es, la situation mondiale se durcissant et le rationnement du [&hellip;]\" \/>\n<meta property=\"og:url\" content=\"https:\/\/www.afis.africa\/en\/2024-summit\/2024-theme\/\" \/>\n<meta property=\"og:site_name\" content=\"The African Financial Summit Platform\" \/>\n<meta property=\"article:modified_time\" content=\"2025-10-06T05:36:44+00:00\" \/>\n<meta property=\"og:image\" content=\"https:\/\/www.afis.africa\/wp-content\/uploads\/2025\/09\/Design-sans-titre-4.png\" \/>\n\t<meta property=\"og:image:width\" content=\"1062\" \/>\n\t<meta property=\"og:image:height\" content=\"552\" \/>\n\t<meta property=\"og:image:type\" content=\"image\/png\" \/>\n<meta name=\"twitter:card\" content=\"summary_large_image\" \/>\n<meta name=\"twitter:label1\" content=\"Dur\u00e9e de lecture estim\u00e9e\" \/>\n\t<meta name=\"twitter:data1\" content=\"4 minutes\" \/>\n<script type=\"application\/ld+json\" class=\"yoast-schema-graph\">{\"@context\":\"https:\\\/\\\/schema.org\",\"@graph\":[{\"@type\":\"WebPage\",\"@id\":\"https:\\\/\\\/www.afis.africa\\\/en\\\/2024-summit\\\/2024-theme\\\/\",\"url\":\"https:\\\/\\\/www.afis.africa\\\/en\\\/2024-summit\\\/2024-theme\\\/\",\"name\":\"Th\u00e8me 2024 - The African Financial Summit Platform\",\"isPartOf\":{\"@id\":\"https:\\\/\\\/www.afis.africa\\\/fr\\\/#website\"},\"primaryImageOfPage\":{\"@id\":\"https:\\\/\\\/www.afis.africa\\\/en\\\/2024-summit\\\/2024-theme\\\/#primaryimage\"},\"image\":{\"@id\":\"https:\\\/\\\/www.afis.africa\\\/en\\\/2024-summit\\\/2024-theme\\\/#primaryimage\"},\"thumbnailUrl\":\"https:\\\/\\\/www.afis.africa\\\/wp-content\\\/uploads\\\/2025\\\/09\\\/Design-sans-titre-4.png\",\"datePublished\":\"2025-09-15T08:10:22+00:00\",\"dateModified\":\"2025-10-06T05:36:44+00:00\",\"breadcrumb\":{\"@id\":\"https:\\\/\\\/www.afis.africa\\\/en\\\/2024-summit\\\/2024-theme\\\/#breadcrumb\"},\"inLanguage\":\"fr-FR\",\"potentialAction\":[{\"@type\":\"ReadAction\",\"target\":[\"https:\\\/\\\/www.afis.africa\\\/en\\\/2024-summit\\\/2024-theme\\\/\"]}]},{\"@type\":\"ImageObject\",\"inLanguage\":\"fr-FR\",\"@id\":\"https:\\\/\\\/www.afis.africa\\\/en\\\/2024-summit\\\/2024-theme\\\/#primaryimage\",\"url\":\"https:\\\/\\\/www.afis.africa\\\/wp-content\\\/uploads\\\/2025\\\/09\\\/Design-sans-titre-4.png\",\"contentUrl\":\"https:\\\/\\\/www.afis.africa\\\/wp-content\\\/uploads\\\/2025\\\/09\\\/Design-sans-titre-4.png\",\"width\":1062,\"height\":552},{\"@type\":\"BreadcrumbList\",\"@id\":\"https:\\\/\\\/www.afis.africa\\\/en\\\/2024-summit\\\/2024-theme\\\/#breadcrumb\",\"itemListElement\":[{\"@type\":\"ListItem\",\"position\":1,\"name\":\"Home\",\"item\":\"https:\\\/\\\/www.afis.africa\\\/fr\\\/\"},{\"@type\":\"ListItem\",\"position\":2,\"name\":\"D\u00e9couvrez notre dernier sommet annuel\",\"item\":\"https:\\\/\\\/www.afis.africa\\\/en\\\/2024-summit\\\/\"},{\"@type\":\"ListItem\",\"position\":3,\"name\":\"Th\u00e8me 2024\"}]},{\"@type\":\"WebSite\",\"@id\":\"https:\\\/\\\/www.afis.africa\\\/fr\\\/#website\",\"url\":\"https:\\\/\\\/www.afis.africa\\\/fr\\\/\",\"name\":\"The African Financial Summit Platform\",\"description\":\"\",\"publisher\":{\"@id\":\"https:\\\/\\\/www.afis.africa\\\/fr\\\/#organization\"},\"potentialAction\":[{\"@type\":\"SearchAction\",\"target\":{\"@type\":\"EntryPoint\",\"urlTemplate\":\"https:\\\/\\\/www.afis.africa\\\/fr\\\/?s={search_term_string}\"},\"query-input\":{\"@type\":\"PropertyValueSpecification\",\"valueRequired\":true,\"valueName\":\"search_term_string\"}}],\"inLanguage\":\"fr-FR\"},{\"@type\":\"Organization\",\"@id\":\"https:\\\/\\\/www.afis.africa\\\/fr\\\/#organization\",\"name\":\"The African Financial Summit Platform\",\"url\":\"https:\\\/\\\/www.afis.africa\\\/fr\\\/\",\"logo\":{\"@type\":\"ImageObject\",\"inLanguage\":\"fr-FR\",\"@id\":\"https:\\\/\\\/www.afis.africa\\\/fr\\\/#\\\/schema\\\/logo\\\/image\\\/\",\"url\":\"https:\\\/\\\/www.afis.africa\\\/wp-content\\\/uploads\\\/2022\\\/10\\\/cropped-AFIS-1-1.jpg\",\"contentUrl\":\"https:\\\/\\\/www.afis.africa\\\/wp-content\\\/uploads\\\/2022\\\/10\\\/cropped-AFIS-1-1.jpg\",\"width\":529,\"height\":191,\"caption\":\"The African Financial Summit Platform\"},\"image\":{\"@id\":\"https:\\\/\\\/www.afis.africa\\\/fr\\\/#\\\/schema\\\/logo\\\/image\\\/\"}}]}<\/script>\n<!-- \/ Yoast SEO plugin. -->","yoast_head_json":{"title":"Th\u00e8me 2024 - The African Financial Summit Platform","robots":{"index":"index","follow":"follow","max-snippet":"max-snippet:-1","max-image-preview":"max-image-preview:large","max-video-preview":"max-video-preview:-1"},"canonical":"https:\/\/www.afis.africa\/en\/2024-summit\/2024-theme\/","og_locale":"fr_FR","og_type":"article","og_title":"Th\u00e8me 2024 - The African Financial Summit Platform","og_description":"UNE NOUVELLE \u00c8RE : LE TEMPS DES PUISSANCES FINANCI\u00c8RES AFRICAINES EST VENU Alors qu\u2019une nouvelle \u00e8re financi\u00e8re s\u2019ouvre en Afrique, il est urgent que celle-ci permette de valoriser enfin son immense potentiel \u00e9conomique. La r\u00e9silience financi\u00e8re du continent a \u00e9t\u00e9 mis \u00e0 l\u2019\u00e9preuve ces derni\u00e8res ann\u00e9es, la situation mondiale se durcissant et le rationnement du [&hellip;]","og_url":"https:\/\/www.afis.africa\/en\/2024-summit\/2024-theme\/","og_site_name":"The African Financial Summit Platform","article_modified_time":"2025-10-06T05:36:44+00:00","og_image":[{"width":1062,"height":552,"url":"https:\/\/www.afis.africa\/wp-content\/uploads\/2025\/09\/Design-sans-titre-4.png","type":"image\/png"}],"twitter_card":"summary_large_image","twitter_misc":{"Dur\u00e9e de lecture estim\u00e9e":"4 minutes"},"schema":{"@context":"https:\/\/schema.org","@graph":[{"@type":"WebPage","@id":"https:\/\/www.afis.africa\/en\/2024-summit\/2024-theme\/","url":"https:\/\/www.afis.africa\/en\/2024-summit\/2024-theme\/","name":"Th\u00e8me 2024 - The African Financial Summit Platform","isPartOf":{"@id":"https:\/\/www.afis.africa\/fr\/#website"},"primaryImageOfPage":{"@id":"https:\/\/www.afis.africa\/en\/2024-summit\/2024-theme\/#primaryimage"},"image":{"@id":"https:\/\/www.afis.africa\/en\/2024-summit\/2024-theme\/#primaryimage"},"thumbnailUrl":"https:\/\/www.afis.africa\/wp-content\/uploads\/2025\/09\/Design-sans-titre-4.png","datePublished":"2025-09-15T08:10:22+00:00","dateModified":"2025-10-06T05:36:44+00:00","breadcrumb":{"@id":"https:\/\/www.afis.africa\/en\/2024-summit\/2024-theme\/#breadcrumb"},"inLanguage":"fr-FR","potentialAction":[{"@type":"ReadAction","target":["https:\/\/www.afis.africa\/en\/2024-summit\/2024-theme\/"]}]},{"@type":"ImageObject","inLanguage":"fr-FR","@id":"https:\/\/www.afis.africa\/en\/2024-summit\/2024-theme\/#primaryimage","url":"https:\/\/www.afis.africa\/wp-content\/uploads\/2025\/09\/Design-sans-titre-4.png","contentUrl":"https:\/\/www.afis.africa\/wp-content\/uploads\/2025\/09\/Design-sans-titre-4.png","width":1062,"height":552},{"@type":"BreadcrumbList","@id":"https:\/\/www.afis.africa\/en\/2024-summit\/2024-theme\/#breadcrumb","itemListElement":[{"@type":"ListItem","position":1,"name":"Home","item":"https:\/\/www.afis.africa\/fr\/"},{"@type":"ListItem","position":2,"name":"D\u00e9couvrez notre dernier sommet annuel","item":"https:\/\/www.afis.africa\/en\/2024-summit\/"},{"@type":"ListItem","position":3,"name":"Th\u00e8me 2024"}]},{"@type":"WebSite","@id":"https:\/\/www.afis.africa\/fr\/#website","url":"https:\/\/www.afis.africa\/fr\/","name":"The African Financial Summit Platform","description":"","publisher":{"@id":"https:\/\/www.afis.africa\/fr\/#organization"},"potentialAction":[{"@type":"SearchAction","target":{"@type":"EntryPoint","urlTemplate":"https:\/\/www.afis.africa\/fr\/?s={search_term_string}"},"query-input":{"@type":"PropertyValueSpecification","valueRequired":true,"valueName":"search_term_string"}}],"inLanguage":"fr-FR"},{"@type":"Organization","@id":"https:\/\/www.afis.africa\/fr\/#organization","name":"The African Financial Summit Platform","url":"https:\/\/www.afis.africa\/fr\/","logo":{"@type":"ImageObject","inLanguage":"fr-FR","@id":"https:\/\/www.afis.africa\/fr\/#\/schema\/logo\/image\/","url":"https:\/\/www.afis.africa\/wp-content\/uploads\/2022\/10\/cropped-AFIS-1-1.jpg","contentUrl":"https:\/\/www.afis.africa\/wp-content\/uploads\/2022\/10\/cropped-AFIS-1-1.jpg","width":529,"height":191,"caption":"The African Financial Summit Platform"},"image":{"@id":"https:\/\/www.afis.africa\/fr\/#\/schema\/logo\/image\/"}}]}},"_links":{"self":[{"href":"https:\/\/www.afis.africa\/fr\/wp-json\/wp\/v2\/pages\/25491","targetHints":{"allow":["GET"]}}],"collection":[{"href":"https:\/\/www.afis.africa\/fr\/wp-json\/wp\/v2\/pages"}],"about":[{"href":"https:\/\/www.afis.africa\/fr\/wp-json\/wp\/v2\/types\/page"}],"author":[{"embeddable":true,"href":"https:\/\/www.afis.africa\/fr\/wp-json\/wp\/v2\/users\/10"}],"replies":[{"embeddable":true,"href":"https:\/\/www.afis.africa\/fr\/wp-json\/wp\/v2\/comments?post=25491"}],"version-history":[{"count":4,"href":"https:\/\/www.afis.africa\/fr\/wp-json\/wp\/v2\/pages\/25491\/revisions"}],"predecessor-version":[{"id":29857,"href":"https:\/\/www.afis.africa\/fr\/wp-json\/wp\/v2\/pages\/25491\/revisions\/29857"}],"up":[{"embeddable":true,"href":"https:\/\/www.afis.africa\/fr\/wp-json\/wp\/v2\/pages\/6243"}],"wp:featuredmedia":[{"embeddable":true,"href":"https:\/\/www.afis.africa\/fr\/wp-json\/wp\/v2\/media\/25457"}],"wp:attachment":[{"href":"https:\/\/www.afis.africa\/fr\/wp-json\/wp\/v2\/media?parent=25491"}],"curies":[{"name":"wp","href":"https:\/\/api.w.org\/{rel}","templated":true}]}}