{"id":25216,"date":"2025-09-15T08:21:57","date_gmt":"2025-09-15T07:21:57","guid":{"rendered":"https:\/\/www.afis.africa\/2025-annual-summit\/notre-capital-notre-puissance-liberons-la-souverainete-financiere-de-lafrique\/"},"modified":"2025-11-25T11:39:25","modified_gmt":"2025-11-25T10:39:25","slug":"theme-2025","status":"publish","type":"page","link":"https:\/\/www.afis.africa\/fr\/sommet-annuel-2025\/theme-2025\/","title":{"rendered":"Th\u00e8me 2025"},"content":{"rendered":"\t\t<div data-elementor-type=\"wp-page\" data-elementor-id=\"25216\" class=\"elementor elementor-25216 elementor-16706\" data-elementor-post-type=\"page\">\n\t\t\t\t<div class=\"elementor-element elementor-element-7ffa653 e-flex e-con-boxed e-con e-parent\" data-id=\"7ffa653\" data-element_type=\"container\" data-e-type=\"container\">\n\t\t\t\t\t<div class=\"e-con-inner\">\n\t\t\t\t<div class=\"elementor-element elementor-element-13cc35c elementor-widget__width-auto gradient-title elementor-widget elementor-widget-heading\" data-id=\"13cc35c\" data-element_type=\"widget\" data-e-type=\"widget\" data-widget_type=\"heading.default\">\n\t\t\t\t\t<h2 class=\"elementor-heading-title elementor-size-default\">Lib\u00e9rons la puissance financi\u00e8re de l'Afrique - Il est temps de mobiliser \u00e0 grande \u00e9chelle les capitaux nationaux<\/h2>\t\t\t\t<\/div>\n\t\t\t\t<div class=\"elementor-element elementor-element-93681d1 elementor-widget elementor-widget-text-editor\" data-id=\"93681d1\" data-element_type=\"widget\" data-e-type=\"widget\" data-widget_type=\"text-editor.default\">\n\t\t\t\t\t\t\t\t\t<p>Le d\u00e9veloppement d\u2019un secteur financier africain solide et performant n\u2019a jamais \u00e9t\u00e9 aussi crucial. L\u2019aide internationale, les flux commerciaux et d\u2019investissement, ainsi que les dynamiques g\u00e9opolitiques, \u00e9voluent rapidement, tandis que le capital international devient plus s\u00e9lectif, plus co\u00fbteux et moins patient qu\u2019il ne l\u2019a \u00e9t\u00e9 au cours des derni\u00e8res d\u00e9cennies.<br>Sur le continent, des projets transformateurs dans l\u2019\u00e9nergie, les infrastructures et l\u2019innovation num\u00e9rique n\u00e9cessitent des investissements massifs, non seulement \u00e9trangers mais aussi locaux. Il est d\u00e9sormais essentiel de renforcer les secteurs financiers nationaux et r\u00e9gionaux pour qu\u2019ils puissent jouer pleinement leur r\u00f4le dans le financement d\u2019une croissance durable, entrainant la cr\u00e9ation d\u2019emplois et la la prosp\u00e9rit\u00e9 du continent.   <\/p><p>Une croissance plus inclusive de l\u2019Afrique est \u00e0 port\u00e9e de main. Malgr\u00e9 l\u2019augmentation de la richesse du continent et la sophistication croissante de ses march\u00e9s financiers, une part importante du capital g\u00e9n\u00e9r\u00e9 localement reste sous-utilis\u00e9e ou investie \u00e0 l\u2019\u00e9tranger. Ce paradoxe, entre abondance de ressources et d\u00e9ficit persistant de financement local, souligne l\u2019urgence de mieux canaliser l\u2019\u00e9pargne domestique vers l\u2019investissement \u00e0 long terme.   <\/p><p>Cela suppose des cadres r\u00e9glementaires innovants, des instruments financiers adapt\u00e9s, un acc\u00e8s plus transparent et renforc\u00e9 \u00e0 l\u2019information financi\u00e8re et \u00e9conomique pour les investisseurs locaux ainsi que des partenariats strat\u00e9giques capables d\u2019accro\u00eetre la mobilisation du capital. Lors de l\u2019Africa Financial Summit 2025, les \u00e9changes porteront sur les moyens d\u2019activer le capital africain \u00e0 grande \u00e9chelle au service du d\u00e9veloppement du continent.<br>La communaut\u00e9 AFIS, rassemblant des institutions financi\u00e8res et des d\u00e9cideurs publics, devra jouer un r\u00f4le cl\u00e9 dans cette dynamique et contribuer \u00e0 l\u2019\u00e9mergence d\u2019une architecture financi\u00e8re plus int\u00e9gr\u00e9e, fond\u00e9e sur le leadership r\u00e9gional et une gestion efficace des risques. <\/p><p><strong>Priorit\u00e9s strat\u00e9giques :<\/strong><\/p><ul><li><strong>Lib\u00e9rer le capital institutionne<\/strong>l en harmonisant les cadres r\u00e9glementaires et en d\u00e9veloppant des instruments financiers adapt\u00e9s aux besoins et profils de risque locaux ;<\/li><li><strong>Am\u00e9liorer la pr\u00e9paration et la structuration<\/strong> des projets afin de permettre aux institutions africaines de financer davantage de projets transformateurs ;<\/li><li><strong>Mettre \u00e0 profit l\u2019innovation technologique<\/strong> pour d\u00e9velopper des solutions financi\u00e8res favorisant la cr\u00e9ation d\u2019emplois, le financement des PME, les infrastructures, l\u2019agriculture, l\u2019\u00e9nergie et l\u2019industrialisation ;<\/li><li><strong>Mobiliser le capital priv\u00e9<\/strong> \u00e0 grande \u00e9chelle gr\u00e2ce \u00e0 des opportunit\u00e9s d\u2019investissement cibl\u00e9es et des v\u00e9hicules d\u2019investissement adapt\u00e9s aux institutions locales ;<\/li><li><strong>Faire des bourses africaines et des plateformes fintech des leviers cl\u00e9s de la formation<\/strong> du capital, notamment pour les PME, les entreprises familiales et le capital-investissement ;<\/li><li><strong>Renforcer les march\u00e9s de l\u2019assurance pour mieux couvrir les risques \u00e9mergents<\/strong> : cybers\u00e9curit\u00e9, nouveaux enjeux environnementaux et perturbations des cha\u00eenes d\u2019approvisionnement ;<\/li><li><strong>D\u00e9velopper des instruments hybrides, notamment la dette mezzanine<\/strong>, les structures de financement mixte et les march\u00e9s de capitaux d\u00e9di\u00e9s aux devises et aux mati\u00e8res premi\u00e8res.<\/li><\/ul>\t\t\t\t\t\t\t\t<\/div>\n\t\t\t\t<div class=\"elementor-element elementor-element-7d0a74b elementor-widget elementor-widget-text-editor\" data-id=\"7d0a74b\" data-element_type=\"widget\" data-e-type=\"widget\" data-widget_type=\"text-editor.default\">\n\t\t\t\t\t\t\t\t\t<p>Les 3 et 4 novembre \u00e0 Casablanca, plus de 1 200 dirigeants financiers africains et internationaux, ainsi que des d\u00e9cideurs publics, se r\u00e9uniront pour donner une nouvelle dynamique \u00e0 la marche du continent vers un avenir durable.<\/p>\t\t\t\t\t\t\t\t<\/div>\n\t\t<div class=\"elementor-element elementor-element-5765906 e-con-full e-flex e-con e-child\" data-id=\"5765906\" data-element_type=\"container\" data-e-type=\"container\">\n\t\t\t\t<div class=\"elementor-element elementor-element-3ae3b89 elementor-widget__width-auto gradient-title elementor-widget elementor-widget-heading\" data-id=\"3ae3b89\" data-element_type=\"widget\" data-e-type=\"widget\" data-widget_type=\"heading.default\">\n\t\t\t\t\t<h2 class=\"elementor-heading-title elementor-size-default\">PANELS, TABLES RONDES &amp; WORKSHOPS \n<\/h2>\t\t\t\t<\/div>\n\t\t\t\t<div class=\"elementor-element elementor-element-423a842 elementor-widget elementor-widget-text-editor\" data-id=\"423a842\" data-element_type=\"widget\" data-e-type=\"widget\" data-widget_type=\"text-editor.default\">\n\t\t\t\t\t\t\t\t\t<h3>D\u00c9FIS POUR L&#8217;\u00c9CONOMIE ET LA STABILIT\u00c9 MONDIALES<\/h3>\t\t\t\t\t\t\t\t<\/div>\n\t\t\t\t<div class=\"elementor-element elementor-element-ad0a811 elementor-widget elementor-widget-text-editor\" data-id=\"ad0a811\" data-element_type=\"widget\" data-e-type=\"widget\" data-widget_type=\"text-editor.default\">\n\t\t\t\t\t\t\t\t\t<p>Lib\u00e9rons les capitaux domestiques pour un avenir qui nous appartient AfCFTA, PAPSS &amp; AELP : comment les initiatives panafricaines peuvent-elles avoir l&#8217;impact que les institutions financi\u00e8res veulent voir ? BRICS, influence orientale, d\u00e9dollarisation et tarifs &#8211; les tendances macro et comment les contourner&#8230; \u00c9changes dette-nature : solution climatique ou illusion financi\u00e8re ?  <\/p>\t\t\t\t\t\t\t\t<\/div>\n\t\t\t\t<div class=\"elementor-element elementor-element-372ad94 elementor-widget elementor-widget-text-editor\" data-id=\"372ad94\" data-element_type=\"widget\" data-e-type=\"widget\" data-widget_type=\"text-editor.default\">\n\t\t\t\t\t\t\t\t\t<h3>BANQUE COMMERCIALE<\/h3>\t\t\t\t\t\t\t\t<\/div>\n\t\t\t\t<div class=\"elementor-element elementor-element-d19f18b elementor-widget elementor-widget-text-editor\" data-id=\"d19f18b\" data-element_type=\"widget\" data-e-type=\"widget\" data-widget_type=\"text-editor.default\">\n\t\t\t\t\t\t\t\t\t<p>Confier les r\u00e9serves de change aux banques locales : un pas vers la souverainet\u00e9 ou un gros risque ? En premi\u00e8re ligne de la pression fiscale : comment les institutions financi\u00e8res peuvent-elles g\u00e9rer l&#8217;exposition \u00e0 la dette souveraine ? Qui contr\u00f4le le financement du commerce africain &#8211; et pourquoi ce ne sont pas les banques africaines ? Supply chain finance : l&#8217;arme de l&#8217;efficacit\u00e9 financi\u00e8re pour les entreprises africaines ? NPL : comment des march\u00e9s secondaires \u00e9largis pourraient-ils all\u00e9ger la pression sur les banques ?     <\/p>\t\t\t\t\t\t\t\t<\/div>\n\t\t\t\t<div class=\"elementor-element elementor-element-3d2e070 elementor-widget elementor-widget-text-editor\" data-id=\"3d2e070\" data-element_type=\"widget\" data-e-type=\"widget\" data-widget_type=\"text-editor.default\">\n\t\t\t\t\t\t\t\t\t<h3>MARCH\u00c9S DES CAPITAUX &amp; CORPORATE FINANCE <\/h3>\t\t\t\t\t\t\t\t<\/div>\n\t\t\t\t<div class=\"elementor-element elementor-element-4b5dbb5 elementor-widget elementor-widget-text-editor\" data-id=\"4b5dbb5\" data-element_type=\"widget\" data-e-type=\"widget\" data-widget_type=\"text-editor.default\">\n\t\t\t\t\t\t\t\t\t<p>Des ports secs aux eaux profondes : financer les corridors int\u00e9rieurs et l&#8217;acc\u00e8s commercial pour les pays enclav\u00e9s Mobiliser l&#8217;\u00e9pargne domestique vers les march\u00e9s de capitaux : qu&#8217;est-ce qui freine les fonds de pension ? Relancer les march\u00e9s boursiers africains : forger des entreprises familiales cot\u00e9es avec des ambitions panafricaines Surmonter les barri\u00e8res aux march\u00e9s de dette en monnaie locale Private Equity : r\u00e9ussir la sortie d&#8217;investissements via les march\u00e9s de capitaux. <\/p>\t\t\t\t\t\t\t\t<\/div>\n\t\t\t\t<div class=\"elementor-element elementor-element-588ae2a elementor-widget elementor-widget-text-editor\" data-id=\"588ae2a\" data-element_type=\"widget\" data-e-type=\"widget\" data-widget_type=\"text-editor.default\">\n\t\t\t\t\t\t\t\t\t<h3>IMPACT ET DURABILIT\u00c9<\/h3>\t\t\t\t\t\t\t\t<\/div>\n\t\t\t\t<div class=\"elementor-element elementor-element-ac55e6c elementor-widget elementor-widget-text-editor\" data-id=\"ac55e6c\" data-element_type=\"widget\" data-e-type=\"widget\" data-widget_type=\"text-editor.default\">\n\t\t\t\t\t\t\t\t\t<p>Obligations vertes, sociales et bleues et sukuk verts : construire la bo\u00eete \u00e0 outils de financement climatique de l&#8217;Afrique Comment moderniser et aligner les taxonomies vertes ? Disparition de l&#8217;aide : quelle prochaine strat\u00e9gie pour le financement des PME dirig\u00e9es par des femmes ? Fonds souverains africains et capital-risque diaspora : nouvelles alliances pour le financement du d\u00e9veloppement.<\/p>\t\t\t\t\t\t\t\t<\/div>\n\t\t\t\t<div class=\"elementor-element elementor-element-d3b9694 elementor-widget elementor-widget-text-editor\" data-id=\"d3b9694\" data-element_type=\"widget\" data-e-type=\"widget\" data-widget_type=\"text-editor.default\">\n\t\t\t\t\t\t\t\t\t<h3>ASSURANCE<\/h3>\t\t\t\t\t\t\t\t<\/div>\n\t\t\t\t<div class=\"elementor-element elementor-element-b952898 elementor-widget elementor-widget-text-editor\" data-id=\"b952898\" data-element_type=\"widget\" data-e-type=\"widget\" data-widget_type=\"text-editor.default\">\n\t\t\t\t\t\t\t\t\t<p>Expositions aux \u00e9cosyst\u00e8mes technologiques, climatiques et alimentaires : l&#8217;assurance peut-elle absorber les chocs \u00e0 venir ? Comment les superviseurs de l&#8217;assurance peuvent-ils rem\u00e9dier aux faibles taux de p\u00e9n\u00e9tration en Afrique ? Couverture des chocs climatiques : comment \u00e9tendre les pools r\u00e9gionaux de risques climatiques.  <\/p>\t\t\t\t\t\t\t\t<\/div>\n\t\t\t\t<div class=\"elementor-element elementor-element-177ca3a elementor-widget elementor-widget-text-editor\" data-id=\"177ca3a\" data-element_type=\"widget\" data-e-type=\"widget\" data-widget_type=\"text-editor.default\">\n\t\t\t\t\t\t\t\t\t<h3>FINTECH &amp; FINANCE DIGITALE<\/h3>\t\t\t\t\t\t\t\t<\/div>\n\t\t\t\t<div class=\"elementor-element elementor-element-52b44bc elementor-widget elementor-widget-text-editor\" data-id=\"52b44bc\" data-element_type=\"widget\" data-e-type=\"widget\" data-widget_type=\"text-editor.default\">\n\t\t\t\t\t\t\t\t\t<p>Banque, fintech et IMF : comment co-concevoir le financement des MPME ? Banques challengers : les n\u00e9obanques qui perturbent le statu quo Passeport r\u00e9glementaire : le cha\u00eenon manquant pour fluidifier la conformit\u00e9 transfrontali\u00e8re et stimuler l&#8217;innovation ? Blockchain, IA et cyber-r\u00e9silience : faire progresser l&#8217;e-KYC, la d\u00e9tection de fraude et l&#8217;innovation num\u00e9rique Dynamiser les \u00e9cosyst\u00e8mes d\u2019amor\u00e7age en Afrique. <\/p>\t\t\t\t\t\t\t\t<\/div>\n\t\t\t\t<\/div>\n\t\t\t\t\t<\/div>\n\t\t\t\t<\/div>\n\t\t<div class=\"elementor-element elementor-element-3e82383 e-flex e-con-boxed e-con e-parent\" data-id=\"3e82383\" data-element_type=\"container\" data-e-type=\"container\">\n\t\t\t\t\t<div class=\"e-con-inner\">\n\t\t<div class=\"elementor-element elementor-element-7d3977d e-con-full e-flex e-con e-child\" data-id=\"7d3977d\" data-element_type=\"container\" data-e-type=\"container\">\n\t\t\t\t<div class=\"elementor-element elementor-element-0317df6 ribbon-report elementor-widget elementor-widget-button\" data-id=\"0317df6\" data-element_type=\"widget\" data-e-type=\"widget\" data-widget_type=\"button.default\">\n\t\t\t\t\t\t\t\t\t\t<a class=\"elementor-button elementor-button-link elementor-size-sm\" href=\"https:\/\/www.afis.africa\/fr\/afis-2025-one-pager-1\/\">\n\t\t\t\t\t\t<span class=\"elementor-button-content-wrapper\">\n\t\t\t\t\t\t\t\t\t<span class=\"elementor-button-text\">T\u00e9l\u00e9chargez le th\u00e8me<\/span>\n\t\t\t\t\t<\/span>\n\t\t\t\t\t<\/a>\n\t\t\t\t\t\t\t\t<\/div>\n\t\t\t\t<\/div>\n\t\t\t\t\t<\/div>\n\t\t\t\t<\/div>\n\t\t<div class=\"elementor-element elementor-element-b27612a e-flex e-con-boxed e-con e-parent\" data-id=\"b27612a\" data-element_type=\"container\" data-e-type=\"container\">\n\t\t\t\t\t<div class=\"e-con-inner\">\n\t\t<div class=\"elementor-element elementor-element-a25edde e-con-full e-flex e-con e-child\" data-id=\"a25edde\" data-element_type=\"container\" data-e-type=\"container\">\n\t\t\t\t<div class=\"elementor-element elementor-element-a6fadf3 ribbon-report elementor-mobile-align-center elementor-widget elementor-widget-button\" data-id=\"a6fadf3\" data-element_type=\"widget\" data-e-type=\"widget\" data-widget_type=\"button.default\">\n\t\t\t\t\t\t\t\t\t\t<a class=\"elementor-button elementor-button-link elementor-size-sm\" href=\"https:\/\/www.afis.africa\/fr\/sommet-annuel-2025\/programme\/\">\n\t\t\t\t\t\t<span class=\"elementor-button-content-wrapper\">\n\t\t\t\t\t\t\t\t\t<span class=\"elementor-button-text\">D\u00e9couvrez le programme<\/span>\n\t\t\t\t\t<\/span>\n\t\t\t\t\t<\/a>\n\t\t\t\t\t\t\t\t<\/div>\n\t\t\t\t<\/div>\n\t\t<div class=\"elementor-element elementor-element-fa67d7d e-con-full e-flex e-con e-child\" data-id=\"fa67d7d\" data-element_type=\"container\" data-e-type=\"container\">\n\t\t\t\t<div class=\"elementor-element elementor-element-d5d3371 ribbon-report elementor-align-left elementor-mobile-align-center elementor-widget elementor-widget-button\" data-id=\"d5d3371\" data-element_type=\"widget\" data-e-type=\"widget\" data-widget_type=\"button.default\">\n\t\t\t\t\t\t\t\t\t\t<a class=\"elementor-button elementor-button-link elementor-size-sm\" href=\"https:\/\/www.afis.africa\/fr\/sommet-annuel-2025\/intervenants-2025\/\">\n\t\t\t\t\t\t<span class=\"elementor-button-content-wrapper\">\n\t\t\t\t\t\t\t\t\t<span class=\"elementor-button-text\">D\u00e9couvrir les speakers<\/span>\n\t\t\t\t\t<\/span>\n\t\t\t\t\t<\/a>\n\t\t\t\t\t\t\t\t<\/div>\n\t\t\t\t<\/div>\n\t\t\t\t\t<\/div>\n\t\t\t\t<\/div>\n\t\t\t\t<\/div>\n\t\t","protected":false},"excerpt":{"rendered":"<p>Lib\u00e9rons la puissance financi\u00e8re de l&#8217;Afrique &#8211; Il est temps de mobiliser \u00e0 grande \u00e9chelle les capitaux nationaux Le d\u00e9veloppement d\u2019un secteur financier africain solide et performant n\u2019a jamais \u00e9t\u00e9 aussi crucial. L\u2019aide internationale, les flux commerciaux et d\u2019investissement, ainsi que les dynamiques g\u00e9opolitiques, \u00e9voluent rapidement, tandis que le capital international devient plus s\u00e9lectif, plus [&hellip;]<\/p>\n","protected":false},"author":10,"featured_media":25197,"parent":16772,"menu_order":1,"comment_status":"closed","ping_status":"closed","template":"","meta":{"_acf_changed":false,"footnotes":""},"class_list":["post-25216","page","type-page","status-publish","has-post-thumbnail","hentry"],"acf":[],"yoast_head":"<!-- This site is optimized with the Yoast SEO plugin v27.3 - https:\/\/yoast.com\/product\/yoast-seo-wordpress\/ -->\n<title>2025 AFIS Annual Summit Theme<\/title>\n<meta name=\"description\" content=\"Unlocking Africa&#039;s Financial Power: Time to channel domestic capital for the future\" \/>\n<meta name=\"robots\" content=\"index, follow, max-snippet:-1, max-image-preview:large, max-video-preview:-1\" \/>\n<link rel=\"canonical\" href=\"https:\/\/www.afis.africa\/en\/2025-annual-summit\/2025-theme\/\" \/>\n<meta property=\"og:locale\" content=\"fr_FR\" \/>\n<meta property=\"og:type\" content=\"article\" \/>\n<meta property=\"og:title\" content=\"2025 AFIS Annual Summit Theme\" \/>\n<meta property=\"og:description\" content=\"Unlocking Africa&#039;s Financial Power: Time to channel domestic capital for the future\" \/>\n<meta property=\"og:url\" content=\"https:\/\/www.afis.africa\/en\/2025-annual-summit\/2025-theme\/\" \/>\n<meta property=\"og:site_name\" content=\"The African Financial Summit Platform\" \/>\n<meta property=\"article:modified_time\" content=\"2025-11-25T10:39:25+00:00\" \/>\n<meta property=\"og:image\" content=\"https:\/\/www.afis.africa\/wp-content\/uploads\/2025\/09\/BANNIERE-THEME-AFIS-SITE.png\" \/>\n\t<meta property=\"og:image:width\" content=\"1062\" \/>\n\t<meta property=\"og:image:height\" content=\"552\" \/>\n\t<meta property=\"og:image:type\" content=\"image\/png\" \/>\n<meta name=\"twitter:card\" content=\"summary_large_image\" \/>\n<meta name=\"twitter:label1\" content=\"Dur\u00e9e de lecture estim\u00e9e\" \/>\n\t<meta name=\"twitter:data1\" content=\"5 minutes\" \/>\n<script type=\"application\/ld+json\" class=\"yoast-schema-graph\">{\"@context\":\"https:\\\/\\\/schema.org\",\"@graph\":[{\"@type\":\"WebPage\",\"@id\":\"https:\\\/\\\/www.afis.africa\\\/en\\\/2025-annual-summit\\\/2025-theme\\\/\",\"url\":\"https:\\\/\\\/www.afis.africa\\\/en\\\/2025-annual-summit\\\/2025-theme\\\/\",\"name\":\"2025 AFIS Annual Summit Theme\",\"isPartOf\":{\"@id\":\"https:\\\/\\\/www.afis.africa\\\/fr\\\/#website\"},\"primaryImageOfPage\":{\"@id\":\"https:\\\/\\\/www.afis.africa\\\/en\\\/2025-annual-summit\\\/2025-theme\\\/#primaryimage\"},\"image\":{\"@id\":\"https:\\\/\\\/www.afis.africa\\\/en\\\/2025-annual-summit\\\/2025-theme\\\/#primaryimage\"},\"thumbnailUrl\":\"https:\\\/\\\/www.afis.africa\\\/wp-content\\\/uploads\\\/2025\\\/09\\\/BANNIERE-THEME-AFIS-SITE.png\",\"datePublished\":\"2025-09-15T07:21:57+00:00\",\"dateModified\":\"2025-11-25T10:39:25+00:00\",\"description\":\"Unlocking Africa's Financial Power: Time to channel domestic capital for the future\",\"breadcrumb\":{\"@id\":\"https:\\\/\\\/www.afis.africa\\\/en\\\/2025-annual-summit\\\/2025-theme\\\/#breadcrumb\"},\"inLanguage\":\"fr-FR\",\"potentialAction\":[{\"@type\":\"ReadAction\",\"target\":[\"https:\\\/\\\/www.afis.africa\\\/en\\\/2025-annual-summit\\\/2025-theme\\\/\"]}]},{\"@type\":\"ImageObject\",\"inLanguage\":\"fr-FR\",\"@id\":\"https:\\\/\\\/www.afis.africa\\\/en\\\/2025-annual-summit\\\/2025-theme\\\/#primaryimage\",\"url\":\"https:\\\/\\\/www.afis.africa\\\/wp-content\\\/uploads\\\/2025\\\/09\\\/BANNIERE-THEME-AFIS-SITE.png\",\"contentUrl\":\"https:\\\/\\\/www.afis.africa\\\/wp-content\\\/uploads\\\/2025\\\/09\\\/BANNIERE-THEME-AFIS-SITE.png\",\"width\":1062,\"height\":552},{\"@type\":\"BreadcrumbList\",\"@id\":\"https:\\\/\\\/www.afis.africa\\\/en\\\/2025-annual-summit\\\/2025-theme\\\/#breadcrumb\",\"itemListElement\":[{\"@type\":\"ListItem\",\"position\":1,\"name\":\"Home\",\"item\":\"https:\\\/\\\/www.afis.africa\\\/fr\\\/\"},{\"@type\":\"ListItem\",\"position\":2,\"name\":\"2025 Annual Summit\",\"item\":\"https:\\\/\\\/www.afis.africa\\\/en\\\/2025-annual-summit\\\/\"},{\"@type\":\"ListItem\",\"position\":3,\"name\":\"Th\u00e8me 2025\"}]},{\"@type\":\"WebSite\",\"@id\":\"https:\\\/\\\/www.afis.africa\\\/fr\\\/#website\",\"url\":\"https:\\\/\\\/www.afis.africa\\\/fr\\\/\",\"name\":\"The African Financial Summit Platform\",\"description\":\"\",\"publisher\":{\"@id\":\"https:\\\/\\\/www.afis.africa\\\/fr\\\/#organization\"},\"potentialAction\":[{\"@type\":\"SearchAction\",\"target\":{\"@type\":\"EntryPoint\",\"urlTemplate\":\"https:\\\/\\\/www.afis.africa\\\/fr\\\/?s={search_term_string}\"},\"query-input\":{\"@type\":\"PropertyValueSpecification\",\"valueRequired\":true,\"valueName\":\"search_term_string\"}}],\"inLanguage\":\"fr-FR\"},{\"@type\":\"Organization\",\"@id\":\"https:\\\/\\\/www.afis.africa\\\/fr\\\/#organization\",\"name\":\"The African Financial Summit Platform\",\"url\":\"https:\\\/\\\/www.afis.africa\\\/fr\\\/\",\"logo\":{\"@type\":\"ImageObject\",\"inLanguage\":\"fr-FR\",\"@id\":\"https:\\\/\\\/www.afis.africa\\\/fr\\\/#\\\/schema\\\/logo\\\/image\\\/\",\"url\":\"https:\\\/\\\/www.afis.africa\\\/wp-content\\\/uploads\\\/2022\\\/10\\\/cropped-AFIS-1-1.jpg\",\"contentUrl\":\"https:\\\/\\\/www.afis.africa\\\/wp-content\\\/uploads\\\/2022\\\/10\\\/cropped-AFIS-1-1.jpg\",\"width\":529,\"height\":191,\"caption\":\"The African Financial Summit Platform\"},\"image\":{\"@id\":\"https:\\\/\\\/www.afis.africa\\\/fr\\\/#\\\/schema\\\/logo\\\/image\\\/\"}}]}<\/script>\n<!-- \/ Yoast SEO plugin. -->","yoast_head_json":{"title":"2025 AFIS Annual Summit Theme","description":"Unlocking Africa's Financial Power: Time to channel domestic capital for the future","robots":{"index":"index","follow":"follow","max-snippet":"max-snippet:-1","max-image-preview":"max-image-preview:large","max-video-preview":"max-video-preview:-1"},"canonical":"https:\/\/www.afis.africa\/en\/2025-annual-summit\/2025-theme\/","og_locale":"fr_FR","og_type":"article","og_title":"2025 AFIS Annual Summit Theme","og_description":"Unlocking Africa's Financial Power: Time to channel domestic capital for the future","og_url":"https:\/\/www.afis.africa\/en\/2025-annual-summit\/2025-theme\/","og_site_name":"The African Financial Summit Platform","article_modified_time":"2025-11-25T10:39:25+00:00","og_image":[{"width":1062,"height":552,"url":"https:\/\/www.afis.africa\/wp-content\/uploads\/2025\/09\/BANNIERE-THEME-AFIS-SITE.png","type":"image\/png"}],"twitter_card":"summary_large_image","twitter_misc":{"Dur\u00e9e de lecture estim\u00e9e":"5 minutes"},"schema":{"@context":"https:\/\/schema.org","@graph":[{"@type":"WebPage","@id":"https:\/\/www.afis.africa\/en\/2025-annual-summit\/2025-theme\/","url":"https:\/\/www.afis.africa\/en\/2025-annual-summit\/2025-theme\/","name":"2025 AFIS Annual Summit Theme","isPartOf":{"@id":"https:\/\/www.afis.africa\/fr\/#website"},"primaryImageOfPage":{"@id":"https:\/\/www.afis.africa\/en\/2025-annual-summit\/2025-theme\/#primaryimage"},"image":{"@id":"https:\/\/www.afis.africa\/en\/2025-annual-summit\/2025-theme\/#primaryimage"},"thumbnailUrl":"https:\/\/www.afis.africa\/wp-content\/uploads\/2025\/09\/BANNIERE-THEME-AFIS-SITE.png","datePublished":"2025-09-15T07:21:57+00:00","dateModified":"2025-11-25T10:39:25+00:00","description":"Unlocking Africa's Financial Power: Time to channel domestic capital for the future","breadcrumb":{"@id":"https:\/\/www.afis.africa\/en\/2025-annual-summit\/2025-theme\/#breadcrumb"},"inLanguage":"fr-FR","potentialAction":[{"@type":"ReadAction","target":["https:\/\/www.afis.africa\/en\/2025-annual-summit\/2025-theme\/"]}]},{"@type":"ImageObject","inLanguage":"fr-FR","@id":"https:\/\/www.afis.africa\/en\/2025-annual-summit\/2025-theme\/#primaryimage","url":"https:\/\/www.afis.africa\/wp-content\/uploads\/2025\/09\/BANNIERE-THEME-AFIS-SITE.png","contentUrl":"https:\/\/www.afis.africa\/wp-content\/uploads\/2025\/09\/BANNIERE-THEME-AFIS-SITE.png","width":1062,"height":552},{"@type":"BreadcrumbList","@id":"https:\/\/www.afis.africa\/en\/2025-annual-summit\/2025-theme\/#breadcrumb","itemListElement":[{"@type":"ListItem","position":1,"name":"Home","item":"https:\/\/www.afis.africa\/fr\/"},{"@type":"ListItem","position":2,"name":"2025 Annual Summit","item":"https:\/\/www.afis.africa\/en\/2025-annual-summit\/"},{"@type":"ListItem","position":3,"name":"Th\u00e8me 2025"}]},{"@type":"WebSite","@id":"https:\/\/www.afis.africa\/fr\/#website","url":"https:\/\/www.afis.africa\/fr\/","name":"The African Financial Summit Platform","description":"","publisher":{"@id":"https:\/\/www.afis.africa\/fr\/#organization"},"potentialAction":[{"@type":"SearchAction","target":{"@type":"EntryPoint","urlTemplate":"https:\/\/www.afis.africa\/fr\/?s={search_term_string}"},"query-input":{"@type":"PropertyValueSpecification","valueRequired":true,"valueName":"search_term_string"}}],"inLanguage":"fr-FR"},{"@type":"Organization","@id":"https:\/\/www.afis.africa\/fr\/#organization","name":"The African Financial Summit Platform","url":"https:\/\/www.afis.africa\/fr\/","logo":{"@type":"ImageObject","inLanguage":"fr-FR","@id":"https:\/\/www.afis.africa\/fr\/#\/schema\/logo\/image\/","url":"https:\/\/www.afis.africa\/wp-content\/uploads\/2022\/10\/cropped-AFIS-1-1.jpg","contentUrl":"https:\/\/www.afis.africa\/wp-content\/uploads\/2022\/10\/cropped-AFIS-1-1.jpg","width":529,"height":191,"caption":"The African Financial Summit Platform"},"image":{"@id":"https:\/\/www.afis.africa\/fr\/#\/schema\/logo\/image\/"}}]}},"_links":{"self":[{"href":"https:\/\/www.afis.africa\/fr\/wp-json\/wp\/v2\/pages\/25216","targetHints":{"allow":["GET"]}}],"collection":[{"href":"https:\/\/www.afis.africa\/fr\/wp-json\/wp\/v2\/pages"}],"about":[{"href":"https:\/\/www.afis.africa\/fr\/wp-json\/wp\/v2\/types\/page"}],"author":[{"embeddable":true,"href":"https:\/\/www.afis.africa\/fr\/wp-json\/wp\/v2\/users\/10"}],"replies":[{"embeddable":true,"href":"https:\/\/www.afis.africa\/fr\/wp-json\/wp\/v2\/comments?post=25216"}],"version-history":[{"count":11,"href":"https:\/\/www.afis.africa\/fr\/wp-json\/wp\/v2\/pages\/25216\/revisions"}],"predecessor-version":[{"id":379064,"href":"https:\/\/www.afis.africa\/fr\/wp-json\/wp\/v2\/pages\/25216\/revisions\/379064"}],"up":[{"embeddable":true,"href":"https:\/\/www.afis.africa\/fr\/wp-json\/wp\/v2\/pages\/16772"}],"wp:featuredmedia":[{"embeddable":true,"href":"https:\/\/www.afis.africa\/fr\/wp-json\/wp\/v2\/media\/25197"}],"wp:attachment":[{"href":"https:\/\/www.afis.africa\/fr\/wp-json\/wp\/v2\/media?parent=25216"}],"curies":[{"name":"wp","href":"https:\/\/api.w.org\/{rel}","templated":true}]}}