{"id":6361,"date":"2025-09-13T13:27:38","date_gmt":"2025-09-13T13:27:38","guid":{"rendered":"https:\/\/www.afis.africa\/?page_id=6361"},"modified":"2025-09-27T15:37:12","modified_gmt":"2025-09-27T15:37:12","slug":"commercial-banking-outlook-playlist","status":"publish","type":"page","link":"https:\/\/www.afis.africa\/en\/afis-tv\/commercial-banking-outlook-playlist\/","title":{"rendered":"Commercial Banking Outlook Playlist"},"content":{"rendered":"\t\t<div data-elementor-type=\"wp-page\" data-elementor-id=\"6361\" class=\"elementor elementor-6361\" data-elementor-post-type=\"page\">\n\t\t\t\t<div class=\"elementor-element elementor-element-c6ddaea e-flex e-con-boxed e-con e-parent\" data-id=\"c6ddaea\" data-element_type=\"container\" data-e-type=\"container\" data-settings=\"{&quot;background_background&quot;:&quot;classic&quot;}\">\n\t\t\t\t\t<div class=\"e-con-inner\">\n\t\t\t\t<div class=\"elementor-element elementor-element-9be2465 elementor-widget__width-initial elementor-widget elementor-widget-text-editor\" data-id=\"9be2465\" data-element_type=\"widget\" data-e-type=\"widget\" data-widget_type=\"text-editor.default\">\n\t\t\t\t\t\t\t\t\t<p>AFIS brings together leading bankers, policymakers and innovators to strengthen capital adequacy, improve risk management and leverage big and open data. Its goal is to build a secure, agile and data-driven commercial banking sector that drives growth, promotes inclusion and builds trust across Africa.<\/p>\t\t\t\t\t\t\t\t<\/div>\n\t\t\t\t<div class=\"elementor-element elementor-element-5ab9135 elementor-grid-3 elementor-grid-tablet-2 elementor-grid-mobile-1 elementor-posts--thumbnail-top elementor-widget elementor-widget-posts\" data-id=\"5ab9135\" data-element_type=\"widget\" data-e-type=\"widget\" data-settings=\"{&quot;pagination_type&quot;:&quot;load_more_infinite_scroll&quot;,&quot;classic_columns&quot;:&quot;3&quot;,&quot;classic_columns_tablet&quot;:&quot;2&quot;,&quot;classic_columns_mobile&quot;:&quot;1&quot;,&quot;classic_row_gap&quot;:{&quot;unit&quot;:&quot;px&quot;,&quot;size&quot;:35,&quot;sizes&quot;:[]},&quot;classic_row_gap_tablet&quot;:{&quot;unit&quot;:&quot;px&quot;,&quot;size&quot;:&quot;&quot;,&quot;sizes&quot;:[]},&quot;classic_row_gap_mobile&quot;:{&quot;unit&quot;:&quot;px&quot;,&quot;size&quot;:&quot;&quot;,&quot;sizes&quot;:[]},&quot;load_more_spinner&quot;:{&quot;value&quot;:&quot;fas fa-spinner&quot;,&quot;library&quot;:&quot;fa-solid&quot;}}\" data-widget_type=\"posts.classic\">\n\t\t\t\t<div class=\"elementor-widget-container\">\n\t\t\t\t\t\t\t<div class=\"elementor-posts-container elementor-posts elementor-posts--skin-classic elementor-grid\" role=\"list\">\n\t\t\t\t<article class=\"elementor-post elementor-grid-item post-5142 sby_videos type-sby_videos status-publish has-post-thumbnail hentry categorie-youtube-commercial-banking-outlook\" role=\"listitem\">\n\t\t\t\t<a class=\"elementor-post__thumbnail__link\" href=\"https:\/\/www.afis.africa\/en\/videos\/conversation-with-balancing-economic-and-social-reforms-en%c2%b2\/\" tabindex=\"-1\" >\n\t\t\t<div class=\"elementor-post__thumbnail\"><img fetchpriority=\"high\" decoding=\"async\" width=\"300\" height=\"169\" src=\"https:\/\/www.afis.africa\/wp-content\/uploads\/2025\/09\/i63QxGBl3Ok-300x169.jpg\" class=\"attachment-medium size-medium wp-image-5143\" alt=\"\" srcset=\"https:\/\/www.afis.africa\/wp-content\/uploads\/2025\/09\/i63QxGBl3Ok-300x169.jpg 300w, https:\/\/www.afis.africa\/wp-content\/uploads\/2025\/09\/i63QxGBl3Ok-1024x576.jpg 1024w, https:\/\/www.afis.africa\/wp-content\/uploads\/2025\/09\/i63QxGBl3Ok-768x432.jpg 768w, https:\/\/www.afis.africa\/wp-content\/uploads\/2025\/09\/i63QxGBl3Ok.jpg 1280w\" sizes=\"(max-width: 300px) 100vw, 300px\" \/><\/div>\n\t\t<\/a>\n\t\t\t\t<div class=\"elementor-post__text\">\n\t\t\t\t<h3 class=\"elementor-post__title\">\n\t\t\t<a href=\"https:\/\/www.afis.africa\/en\/videos\/conversation-with-balancing-economic-and-social-reforms-en%c2%b2\/\" >\n\t\t\t\tConversation With | Balancing economic and social reforms (EN)\u00b2\t\t\t<\/a>\n\t\t<\/h3>\n\t\t\t\t<div class=\"elementor-post__meta-data\">\n\t\t\t\t\t<span class=\"elementor-post-date\">\n\t\t\tSeptember 25, 2025\t\t<\/span>\n\t\t\t\t<\/div>\n\t\t\t\t<\/div>\n\t\t\t\t<\/article>\n\t\t\t\t<article class=\"elementor-post elementor-grid-item post-4976 sby_videos type-sby_videos status-publish has-post-thumbnail hentry categorie-youtube-commercial-banking-outlook\" role=\"listitem\">\n\t\t\t\t<a class=\"elementor-post__thumbnail__link\" href=\"https:\/\/www.afis.africa\/en\/videos\/afis2021-fireside-chat-conversation-with-herbert-wigwe-2\/\" tabindex=\"-1\" >\n\t\t\t<div class=\"elementor-post__thumbnail\"><img decoding=\"async\" width=\"300\" height=\"169\" src=\"https:\/\/www.afis.africa\/wp-content\/uploads\/2025\/09\/BI2iOaSR55s-300x169.jpg\" class=\"attachment-medium size-medium wp-image-4977\" alt=\"\" srcset=\"https:\/\/www.afis.africa\/wp-content\/uploads\/2025\/09\/BI2iOaSR55s-300x169.jpg 300w, https:\/\/www.afis.africa\/wp-content\/uploads\/2025\/09\/BI2iOaSR55s-1024x576.jpg 1024w, https:\/\/www.afis.africa\/wp-content\/uploads\/2025\/09\/BI2iOaSR55s-768x432.jpg 768w, https:\/\/www.afis.africa\/wp-content\/uploads\/2025\/09\/BI2iOaSR55s.jpg 1280w\" sizes=\"(max-width: 300px) 100vw, 300px\" \/><\/div>\n\t\t<\/a>\n\t\t\t\t<div class=\"elementor-post__text\">\n\t\t\t\t<h3 class=\"elementor-post__title\">\n\t\t\t<a href=\"https:\/\/www.afis.africa\/en\/videos\/afis2021-fireside-chat-conversation-with-herbert-wigwe-2\/\" >\n\t\t\t\t#AFIS2021   Fireside Chat   Conversation with Herbert Wigwe\t\t\t<\/a>\n\t\t<\/h3>\n\t\t\t\t<div class=\"elementor-post__meta-data\">\n\t\t\t\t\t<span class=\"elementor-post-date\">\n\t\t\tAugust 11, 2022\t\t<\/span>\n\t\t\t\t<\/div>\n\t\t\t\t<\/div>\n\t\t\t\t<\/article>\n\t\t\t\t<article class=\"elementor-post elementor-grid-item post-5268 sby_videos type-sby_videos status-publish has-post-thumbnail hentry categorie-youtube-commercial-banking-outlook\" role=\"listitem\">\n\t\t\t\t<a class=\"elementor-post__thumbnail__link\" href=\"https:\/\/www.afis.africa\/en\/videos\/afis-2023-autorite-bancaire-federale-lafrique-est-elle-prete\/\" tabindex=\"-1\" >\n\t\t\t<div class=\"elementor-post__thumbnail\"><img decoding=\"async\" width=\"300\" height=\"169\" src=\"https:\/\/www.afis.africa\/wp-content\/uploads\/2025\/09\/yxy5EKwjEns-300x169.jpg\" class=\"attachment-medium size-medium wp-image-5269\" alt=\"\" srcset=\"https:\/\/www.afis.africa\/wp-content\/uploads\/2025\/09\/yxy5EKwjEns-300x169.jpg 300w, https:\/\/www.afis.africa\/wp-content\/uploads\/2025\/09\/yxy5EKwjEns-1024x576.jpg 1024w, https:\/\/www.afis.africa\/wp-content\/uploads\/2025\/09\/yxy5EKwjEns-768x432.jpg 768w, https:\/\/www.afis.africa\/wp-content\/uploads\/2025\/09\/yxy5EKwjEns.jpg 1280w\" sizes=\"(max-width: 300px) 100vw, 300px\" \/><\/div>\n\t\t<\/a>\n\t\t\t\t<div class=\"elementor-post__text\">\n\t\t\t\t<h3 class=\"elementor-post__title\">\n\t\t\t<a href=\"https:\/\/www.afis.africa\/en\/videos\/afis-2023-autorite-bancaire-federale-lafrique-est-elle-prete\/\" >\n\t\t\t\tAFIS 2023 | Autorit\u00e9 bancaire f\u00e9d\u00e9rale  l\u2019Afrique est-elle pr\u00eate ?\t\t\t<\/a>\n\t\t<\/h3>\n\t\t\t\t<div class=\"elementor-post__meta-data\">\n\t\t\t\t\t<span class=\"elementor-post-date\">\n\t\t\tSeptember 25, 2025\t\t<\/span>\n\t\t\t\t<\/div>\n\t\t\t\t<\/div>\n\t\t\t\t<\/article>\n\t\t\t\t<\/div>\n\t\t\t\t\t<span class=\"e-load-more-spinner\">\n\t\t\t\t<svg aria-hidden=\"true\" class=\"e-font-icon-svg e-fas-spinner\" viewBox=\"0 0 512 512\" xmlns=\"http:\/\/www.w3.org\/2000\/svg\"><path d=\"M304 48c0 26.51-21.49 48-48 48s-48-21.49-48-48 21.49-48 48-48 48 21.49 48 48zm-48 368c-26.51 0-48 21.49-48 48s21.49 48 48 48 48-21.49 48-48-21.49-48-48-48zm208-208c-26.51 0-48 21.49-48 48s21.49 48 48 48 48-21.49 48-48-21.49-48-48-48zM96 256c0-26.51-21.49-48-48-48S0 229.49 0 256s21.49 48 48 48 48-21.49 48-48zm12.922 99.078c-26.51 0-48 21.49-48 48s21.49 48 48 48 48-21.49 48-48c0-26.509-21.491-48-48-48zm294.156 0c-26.51 0-48 21.49-48 48s21.49 48 48 48 48-21.49 48-48c0-26.509-21.49-48-48-48zM108.922 60.922c-26.51 0-48 21.49-48 48s21.49 48 48 48 48-21.49 48-48-21.491-48-48-48z\"><\/path><\/svg>\t\t\t<\/span>\n\t\t\n\t\t\t\t<div class=\"e-load-more-anchor\" data-page=\"1\" data-max-page=\"12\" data-next-page=\"https:\/\/www.afis.africa\/en\/wp-json\/wp\/v2\/pages\/6361\/page\/2\/\"><\/div>\n\t\t\t\t<div class=\"e-load-more-message\"><\/div>\n\t\t\t\t\t\t<\/div>\n\t\t\t\t<\/div>\n\t\t\t\t\t<\/div>\n\t\t\t\t<\/div>\n\t\t<div class=\"elementor-element elementor-element-2df0d33 e-flex e-con-boxed e-con e-parent\" data-id=\"2df0d33\" data-element_type=\"container\" data-e-type=\"container\">\n\t\t\t\t\t<div class=\"e-con-inner\">\n\t\t\t\t<div class=\"elementor-element elementor-element-6e6beb9d ribbon-report elementor-widget elementor-widget-button\" data-id=\"6e6beb9d\" data-element_type=\"widget\" data-e-type=\"widget\" data-widget_type=\"button.default\">\n\t\t\t\t\t\t\t\t\t\t<a class=\"elementor-button elementor-button-link elementor-size-sm\" href=\"https:\/\/www.afis.africa\/en\/afis-tv\/\">\n\t\t\t\t\t\t<span class=\"elementor-button-content-wrapper\">\n\t\t\t\t\t\t\t\t\t<span class=\"elementor-button-text\">WATCH MORE VIDEOS ON AFIS TV<\/span>\n\t\t\t\t\t<\/span>\n\t\t\t\t\t<\/a>\n\t\t\t\t\t\t\t\t<\/div>\n\t\t\t\t\t<\/div>\n\t\t\t\t<\/div>\n\t\t\t\t<\/div>\n\t\t","protected":false},"excerpt":{"rendered":"<p>AFIS brings together leading bankers, policymakers and innovators to strengthen capital adequacy, improve risk management and leverage big and open data. Its goal is to<\/p>\n","protected":false},"author":3,"featured_media":0,"parent":2630,"menu_order":0,"comment_status":"closed","ping_status":"closed","template":"","meta":{"_acf_changed":false,"footnotes":""},"class_list":["post-6361","page","type-page","status-publish","hentry"],"acf":[],"yoast_head":"<!-- This site is optimized with the Yoast SEO plugin v27.3 - https:\/\/yoast.com\/product\/yoast-seo-wordpress\/ -->\n<title>Commercial Banking Outlook Playlist - The African Financial Summit Platform<\/title>\n<meta name=\"robots\" content=\"index, follow, max-snippet:-1, max-image-preview:large, max-video-preview:-1\" \/>\n<link rel=\"canonical\" href=\"https:\/\/www.afis.africa\/en\/afis-tv\/commercial-banking-outlook-playlist\/\" \/>\n<meta property=\"og:locale\" content=\"en_US\" \/>\n<meta property=\"og:type\" content=\"article\" \/>\n<meta property=\"og:title\" content=\"Commercial Banking Outlook Playlist - The African Financial Summit Platform\" \/>\n<meta property=\"og:description\" content=\"AFIS brings together leading bankers, policymakers and innovators to strengthen capital adequacy, improve risk management and leverage big and open data. Its goal is to\" \/>\n<meta property=\"og:url\" content=\"https:\/\/www.afis.africa\/en\/afis-tv\/commercial-banking-outlook-playlist\/\" \/>\n<meta property=\"og:site_name\" content=\"The African Financial Summit Platform\" \/>\n<meta property=\"article:modified_time\" content=\"2025-09-27T15:37:12+00:00\" \/>\n<meta name=\"twitter:card\" content=\"summary_large_image\" \/>\n<meta name=\"twitter:label1\" content=\"Est. reading time\" \/>\n\t<meta name=\"twitter:data1\" content=\"1 minute\" \/>\n<script type=\"application\/ld+json\" class=\"yoast-schema-graph\">{\"@context\":\"https:\\\/\\\/schema.org\",\"@graph\":[{\"@type\":\"WebPage\",\"@id\":\"https:\\\/\\\/www.afis.africa\\\/en\\\/afis-tv\\\/commercial-banking-outlook-playlist\\\/\",\"url\":\"https:\\\/\\\/www.afis.africa\\\/en\\\/afis-tv\\\/commercial-banking-outlook-playlist\\\/\",\"name\":\"Commercial Banking Outlook Playlist - The African Financial Summit Platform\",\"isPartOf\":{\"@id\":\"https:\\\/\\\/www.afis.africa\\\/fr\\\/#website\"},\"datePublished\":\"2025-09-13T13:27:38+00:00\",\"dateModified\":\"2025-09-27T15:37:12+00:00\",\"breadcrumb\":{\"@id\":\"https:\\\/\\\/www.afis.africa\\\/en\\\/afis-tv\\\/commercial-banking-outlook-playlist\\\/#breadcrumb\"},\"inLanguage\":\"en-US\",\"potentialAction\":[{\"@type\":\"ReadAction\",\"target\":[\"https:\\\/\\\/www.afis.africa\\\/en\\\/afis-tv\\\/commercial-banking-outlook-playlist\\\/\"]}]},{\"@type\":\"BreadcrumbList\",\"@id\":\"https:\\\/\\\/www.afis.africa\\\/en\\\/afis-tv\\\/commercial-banking-outlook-playlist\\\/#breadcrumb\",\"itemListElement\":[{\"@type\":\"ListItem\",\"position\":1,\"name\":\"Home\",\"item\":\"https:\\\/\\\/www.afis.africa\\\/en\\\/\"},{\"@type\":\"ListItem\",\"position\":2,\"name\":\"AFIS TV\",\"item\":\"https:\\\/\\\/www.afis.africa\\\/en\\\/afis-tv\\\/\"},{\"@type\":\"ListItem\",\"position\":3,\"name\":\"Commercial Banking Outlook Playlist\"}]},{\"@type\":\"WebSite\",\"@id\":\"https:\\\/\\\/www.afis.africa\\\/fr\\\/#website\",\"url\":\"https:\\\/\\\/www.afis.africa\\\/fr\\\/\",\"name\":\"The African Financial Summit Platform\",\"description\":\"\",\"publisher\":{\"@id\":\"https:\\\/\\\/www.afis.africa\\\/fr\\\/#organization\"},\"potentialAction\":[{\"@type\":\"SearchAction\",\"target\":{\"@type\":\"EntryPoint\",\"urlTemplate\":\"https:\\\/\\\/www.afis.africa\\\/fr\\\/?s={search_term_string}\"},\"query-input\":{\"@type\":\"PropertyValueSpecification\",\"valueRequired\":true,\"valueName\":\"search_term_string\"}}],\"inLanguage\":\"en-US\"},{\"@type\":\"Organization\",\"@id\":\"https:\\\/\\\/www.afis.africa\\\/fr\\\/#organization\",\"name\":\"The African Financial Summit Platform\",\"url\":\"https:\\\/\\\/www.afis.africa\\\/fr\\\/\",\"logo\":{\"@type\":\"ImageObject\",\"inLanguage\":\"en-US\",\"@id\":\"https:\\\/\\\/www.afis.africa\\\/fr\\\/#\\\/schema\\\/logo\\\/image\\\/\",\"url\":\"https:\\\/\\\/www.afis.africa\\\/wp-content\\\/uploads\\\/2022\\\/10\\\/cropped-AFIS-1-1.jpg\",\"contentUrl\":\"https:\\\/\\\/www.afis.africa\\\/wp-content\\\/uploads\\\/2022\\\/10\\\/cropped-AFIS-1-1.jpg\",\"width\":529,\"height\":191,\"caption\":\"The African Financial Summit Platform\"},\"image\":{\"@id\":\"https:\\\/\\\/www.afis.africa\\\/fr\\\/#\\\/schema\\\/logo\\\/image\\\/\"}}]}<\/script>\n<!-- \/ Yoast SEO plugin. -->","yoast_head_json":{"title":"Commercial Banking Outlook Playlist - The African Financial Summit Platform","robots":{"index":"index","follow":"follow","max-snippet":"max-snippet:-1","max-image-preview":"max-image-preview:large","max-video-preview":"max-video-preview:-1"},"canonical":"https:\/\/www.afis.africa\/en\/afis-tv\/commercial-banking-outlook-playlist\/","og_locale":"en_US","og_type":"article","og_title":"Commercial Banking Outlook Playlist - The African Financial Summit Platform","og_description":"AFIS brings together leading bankers, policymakers and innovators to strengthen capital adequacy, improve risk management and leverage big and open data. Its goal is to","og_url":"https:\/\/www.afis.africa\/en\/afis-tv\/commercial-banking-outlook-playlist\/","og_site_name":"The African Financial Summit Platform","article_modified_time":"2025-09-27T15:37:12+00:00","twitter_card":"summary_large_image","twitter_misc":{"Est. reading time":"1 minute"},"schema":{"@context":"https:\/\/schema.org","@graph":[{"@type":"WebPage","@id":"https:\/\/www.afis.africa\/en\/afis-tv\/commercial-banking-outlook-playlist\/","url":"https:\/\/www.afis.africa\/en\/afis-tv\/commercial-banking-outlook-playlist\/","name":"Commercial Banking Outlook Playlist - The African Financial Summit Platform","isPartOf":{"@id":"https:\/\/www.afis.africa\/fr\/#website"},"datePublished":"2025-09-13T13:27:38+00:00","dateModified":"2025-09-27T15:37:12+00:00","breadcrumb":{"@id":"https:\/\/www.afis.africa\/en\/afis-tv\/commercial-banking-outlook-playlist\/#breadcrumb"},"inLanguage":"en-US","potentialAction":[{"@type":"ReadAction","target":["https:\/\/www.afis.africa\/en\/afis-tv\/commercial-banking-outlook-playlist\/"]}]},{"@type":"BreadcrumbList","@id":"https:\/\/www.afis.africa\/en\/afis-tv\/commercial-banking-outlook-playlist\/#breadcrumb","itemListElement":[{"@type":"ListItem","position":1,"name":"Home","item":"https:\/\/www.afis.africa\/en\/"},{"@type":"ListItem","position":2,"name":"AFIS TV","item":"https:\/\/www.afis.africa\/en\/afis-tv\/"},{"@type":"ListItem","position":3,"name":"Commercial Banking Outlook Playlist"}]},{"@type":"WebSite","@id":"https:\/\/www.afis.africa\/fr\/#website","url":"https:\/\/www.afis.africa\/fr\/","name":"The African Financial Summit Platform","description":"","publisher":{"@id":"https:\/\/www.afis.africa\/fr\/#organization"},"potentialAction":[{"@type":"SearchAction","target":{"@type":"EntryPoint","urlTemplate":"https:\/\/www.afis.africa\/fr\/?s={search_term_string}"},"query-input":{"@type":"PropertyValueSpecification","valueRequired":true,"valueName":"search_term_string"}}],"inLanguage":"en-US"},{"@type":"Organization","@id":"https:\/\/www.afis.africa\/fr\/#organization","name":"The African Financial Summit Platform","url":"https:\/\/www.afis.africa\/fr\/","logo":{"@type":"ImageObject","inLanguage":"en-US","@id":"https:\/\/www.afis.africa\/fr\/#\/schema\/logo\/image\/","url":"https:\/\/www.afis.africa\/wp-content\/uploads\/2022\/10\/cropped-AFIS-1-1.jpg","contentUrl":"https:\/\/www.afis.africa\/wp-content\/uploads\/2022\/10\/cropped-AFIS-1-1.jpg","width":529,"height":191,"caption":"The African Financial Summit Platform"},"image":{"@id":"https:\/\/www.afis.africa\/fr\/#\/schema\/logo\/image\/"}}]}},"_links":{"self":[{"href":"https:\/\/www.afis.africa\/en\/wp-json\/wp\/v2\/pages\/6361","targetHints":{"allow":["GET"]}}],"collection":[{"href":"https:\/\/www.afis.africa\/en\/wp-json\/wp\/v2\/pages"}],"about":[{"href":"https:\/\/www.afis.africa\/en\/wp-json\/wp\/v2\/types\/page"}],"author":[{"embeddable":true,"href":"https:\/\/www.afis.africa\/en\/wp-json\/wp\/v2\/users\/3"}],"replies":[{"embeddable":true,"href":"https:\/\/www.afis.africa\/en\/wp-json\/wp\/v2\/comments?post=6361"}],"version-history":[{"count":13,"href":"https:\/\/www.afis.africa\/en\/wp-json\/wp\/v2\/pages\/6361\/revisions"}],"predecessor-version":[{"id":26849,"href":"https:\/\/www.afis.africa\/en\/wp-json\/wp\/v2\/pages\/6361\/revisions\/26849"}],"up":[{"embeddable":true,"href":"https:\/\/www.afis.africa\/en\/wp-json\/wp\/v2\/pages\/2630"}],"wp:attachment":[{"href":"https:\/\/www.afis.africa\/en\/wp-json\/wp\/v2\/media?parent=6361"}],"curies":[{"name":"wp","href":"https:\/\/api.w.org\/{rel}","templated":true}]}}